{"id":23,"date":"2023-09-02T10:48:01","date_gmt":"2023-09-02T08:48:01","guid":{"rendered":"http:\/\/www.schulenbfi.eu\/odv\/?page_id=23"},"modified":"2025-01-23T15:55:07","modified_gmt":"2025-01-23T14:55:07","slug":"agb","status":"publish","type":"page","link":"http:\/\/www.schulenbfi.eu\/odv\/agb\/","title":{"rendered":"AGB"},"content":{"rendered":"\t\t<div data-elementor-type=\"wp-page\" data-elementor-id=\"23\" class=\"elementor elementor-23\">\n\t\t\t\t\t\t<section class=\"elementor-section elementor-top-section elementor-element elementor-element-496cf75 elementor-section-boxed elementor-section-height-default elementor-section-height-default\" data-id=\"496cf75\" data-element_type=\"section\">\n\t\t\t\t\t\t<div class=\"elementor-container elementor-column-gap-default\">\n\t\t\t\t\t<div class=\"elementor-column elementor-col-100 elementor-top-column elementor-element elementor-element-72f10af\" data-id=\"72f10af\" data-element_type=\"column\">\n\t\t\t<div class=\"elementor-widget-wrap elementor-element-populated\">\n\t\t\t\t\t\t<div class=\"elementor-element elementor-element-66e192d elementor-widget elementor-widget-text-editor\" data-id=\"66e192d\" data-element_type=\"widget\" data-widget_type=\"text-editor.default\">\n\t\t\t\t<div class=\"elementor-widget-container\">\n\t\t\t\t\t\t\t\t\t<h1>\u00a0Stand 01.01.2025\u00a0<\/h1><h4>\u00a0<\/h4><h4><span data-contrast=\"none\">Preise\u00a0<\/span><span data-ccp-props=\"{&quot;134245418&quot;:true,&quot;134245529&quot;:true,&quot;201341983&quot;:0,&quot;335551550&quot;:2,&quot;335551620&quot;:2,&quot;335559738&quot;:40,&quot;335559739&quot;:200,&quot;335559740&quot;:240}\">\u00a0<\/span><\/h4><p><span data-contrast=\"none\">Alle Preise verstehen sich in \u20ac zuz\u00fcglich 20 % Umsatzsteuer.\u00a0<\/span><span data-ccp-props=\"{&quot;201341983&quot;:0,&quot;335559739&quot;:160,&quot;335559740&quot;:259}\">\u00a0<\/span><\/p><h3 aria-level=\"2\"><span data-contrast=\"none\">Zahlung, Zahlungsbedingungen\u00a0<\/span><span data-ccp-props=\"{&quot;134245418&quot;:true,&quot;134245529&quot;:true,&quot;201341983&quot;:0,&quot;335551550&quot;:2,&quot;335551620&quot;:2,&quot;335559738&quot;:40,&quot;335559739&quot;:200,&quot;335559740&quot;:240}\">\u00a0<\/span><\/h3><p><span data-contrast=\"none\">Der offene Rechnungsbetrag ist innerhalb von 30 Tagen zahlbar. Bei Zahlung innerhalb von 14 Tagen gew\u00e4hren wir 3 % Skonto.\u00a0<\/span><span data-ccp-props=\"{&quot;201341983&quot;:0,&quot;335559739&quot;:160,&quot;335559740&quot;:259}\">\u00a0<\/span><\/p><p><span data-contrast=\"none\">Bei Verzug sind wir berechtigt, Mahnspesen in H\u00f6he von 10,- Euro und Verzugszinsen in H\u00f6he von 1 % pro Monat (= 12 % pro Jahr) zu verrechnen. Verzugszinsen und Mahnspesen fallen ab dem \u00dcberschreiten des F\u00e4lligkeitstages an.\u00a0\u00a0<\/span><span data-ccp-props=\"{&quot;201341983&quot;:0,&quot;335559739&quot;:160,&quot;335559740&quot;:259}\">\u00a0<\/span><\/p><h3 aria-level=\"2\"><span data-contrast=\"none\">Eigentumsvorbehalt\u00a0<\/span><span data-ccp-props=\"{&quot;134245418&quot;:true,&quot;134245529&quot;:true,&quot;201341983&quot;:0,&quot;335551550&quot;:2,&quot;335551620&quot;:2,&quot;335559738&quot;:40,&quot;335559739&quot;:200,&quot;335559740&quot;:240}\">\u00a0<\/span><\/h3><p><span data-contrast=\"none\">Unsere Lieferungen und Leistungen erfolgen ausschlie\u00dflich unter Eigentumsvorbehalt.\u00a0<\/span><span data-ccp-props=\"{&quot;201341983&quot;:0,&quot;335559739&quot;:160,&quot;335559740&quot;:259}\">\u00a0<\/span><\/p><p><span data-contrast=\"none\">Das Eigentum geht erst dann auf den K\u00e4ufer \u00fcber, wenn er alle seine Verbindlichkeiten aus der laufenden Gesch\u00e4ftsverbindung mit uns getilgt hat.<\/span><span data-ccp-props=\"{&quot;201341983&quot;:0,&quot;335559739&quot;:160,&quot;335559740&quot;:259}\">\u00a0<\/span><\/p><h3 aria-level=\"2\"><span data-contrast=\"none\">Gew\u00e4hrleistung und Garantie<\/span><span data-ccp-props=\"{&quot;134245418&quot;:true,&quot;134245529&quot;:true,&quot;201341983&quot;:0,&quot;335551550&quot;:2,&quot;335551620&quot;:2,&quot;335559738&quot;:40,&quot;335559739&quot;:200,&quot;335559740&quot;:240}\">\u00a0<\/span><\/h3><p><span data-contrast=\"none\">Die Gew\u00e4hrleistung erfolgt gem\u00e4\u00df den gesetzlichen Bestimmungen. Die Frist daf\u00fcr betr\u00e4gt 2 Jahre. Nach 1 Jahr liegt die Beweislast beim K\u00e4ufer. Au\u00dferdem gew\u00e4hrt der Hersteller auf Tische und Schr\u00e4nke eine Garantie f\u00fcr 5 Jahre.<\/span><span data-ccp-props=\"{&quot;201341983&quot;:0,&quot;335559739&quot;:160,&quot;335559740&quot;:259}\">\u00a0<\/span><\/p><p><span data-contrast=\"none\">Wenn bei Erhalt des Produktes ein Mangel entdeckt wird, bitten wir diesen innerhalb von 2 Wochen schriftlich zu reklamieren.<\/span><span data-ccp-props=\"{&quot;201341983&quot;:0,&quot;335559739&quot;:160,&quot;335559740&quot;:259}\">\u00a0<\/span><\/p><h3 aria-level=\"2\"><span data-contrast=\"none\">Lieferung\u00a0<\/span><span data-ccp-props=\"{&quot;134245418&quot;:true,&quot;134245529&quot;:true,&quot;201341983&quot;:0,&quot;335551550&quot;:2,&quot;335551620&quot;:2,&quot;335559738&quot;:40,&quot;335559739&quot;:200,&quot;335559740&quot;:240}\">\u00a0<\/span><\/h3><p><span data-contrast=\"none\">Der Versand erfolgt in \u00d6sterreich \u201efrei Haus\u201c.\u00a0<\/span><span data-ccp-props=\"{&quot;201341983&quot;:0,&quot;335559739&quot;:160,&quot;335559740&quot;:259}\">\u00a0<\/span><\/p><p><span data-contrast=\"none\">F\u00fcr den Versand innerhalb und au\u00dferhalb der EU gilt die Klausel \u201efrei \u00f6sterreichische Grenze\u201c.\u00a0\u00a0<\/span><span data-ccp-props=\"{&quot;201341983&quot;:0,&quot;335559739&quot;:160,&quot;335559740&quot;:259}\">\u00a0<\/span><\/p><p><span data-contrast=\"none\">Der K\u00e4ufer kann Teillieferungen nicht zur\u00fccksenden. Diese gelten als einzelnes Gesch\u00e4ft.\u00a0<\/span><span data-ccp-props=\"{&quot;201341983&quot;:0,&quot;335559739&quot;:160,&quot;335559740&quot;:259}\">\u00a0<\/span><\/p><p><span data-contrast=\"none\">Lieferzeit 2 \u2013 4 Wochen.\u00a0<\/span><span data-ccp-props=\"{&quot;201341983&quot;:0,&quot;335559739&quot;:160,&quot;335559740&quot;:259}\">\u00a0<\/span><\/p><h3 aria-level=\"2\"><span data-contrast=\"none\">R\u00fccktrittsrecht\u00a0<\/span><span data-ccp-props=\"{&quot;134245418&quot;:true,&quot;134245529&quot;:true,&quot;201341983&quot;:0,&quot;335551550&quot;:2,&quot;335551620&quot;:2,&quot;335559738&quot;:40,&quot;335559739&quot;:200,&quot;335559740&quot;:240}\">\u00a0<\/span><\/h3><p><span data-contrast=\"none\">Der K\u00e4ufer hat das Recht, den Kaufvertrag innerhalb von 14 Tagen ab Erhalt der Ware zu widerrufen. Die Kosten f\u00fcr die R\u00fccksendung hat der K\u00e4ufer zu tragen.\u00a0<\/span><span data-ccp-props=\"{&quot;201341983&quot;:0,&quot;335559739&quot;:160,&quot;335559740&quot;:259}\">\u00a0<\/span><\/p><p><span data-contrast=\"none\">Der Widerruf kann schriftlich oder per Mail mit entsprechender Erkl\u00e4rung erfolgen.\u00a0<\/span><span data-ccp-props=\"{&quot;201341983&quot;:0,&quot;335559739&quot;:160,&quot;335559740&quot;:259}\">\u00a0<\/span><\/p><p><span data-contrast=\"none\">Der Widerruf ist an die Adresse, Margaretenstra\u00dfe 65, 1050 Wien zu richten.\u00a0<\/span><span data-ccp-props=\"{&quot;201341983&quot;:0,&quot;335559739&quot;:160,&quot;335559740&quot;:259}\">\u00a0<\/span><\/p><p><span data-contrast=\"none\">Der K\u00e4ufer ist verpflichtet, die Ware \u201eohne unn\u00f6tige\u201c Verz\u00f6gerung ab dem Tag der Widerrufung des Vertrages zur\u00fcckzusenden.\u00a0<\/span><span data-ccp-props=\"{&quot;201341983&quot;:0,&quot;335559739&quot;:160,&quot;335559740&quot;:259}\">\u00a0<\/span><\/p><h3 aria-level=\"2\"><span data-contrast=\"none\">Gerichtsstand\u00a0<\/span><span data-ccp-props=\"{&quot;134245418&quot;:true,&quot;134245529&quot;:true,&quot;201341983&quot;:0,&quot;335551550&quot;:2,&quot;335551620&quot;:2,&quot;335559738&quot;:40,&quot;335559739&quot;:200,&quot;335559740&quot;:240}\">\u00a0<\/span><\/h3><p><span data-contrast=\"none\">Es ist ausschlie\u00dflich \u00f6sterreichisches Recht anzuwenden, der Gerichtsstand ist Wien.<\/span><span data-ccp-props=\"{&quot;201341983&quot;:0,&quot;335559739&quot;:160,&quot;335559740&quot;:259}\">\u00a0<\/span><\/p>\t\t\t\t\t\t\t\t<\/div>\n\t\t\t\t<\/div>\n\t\t\t\t\t<\/div>\n\t\t<\/div>\n\t\t\t\t\t<\/div>\n\t\t<\/section>\n\t\t\t\t<\/div>\n\t\t","protected":false},"excerpt":{"rendered":"<p>\u00a0Stand 01.01.2025\u00a0 \u00a0 Preise\u00a0\u00a0 Alle Preise verstehen sich in \u20ac zuz\u00fcglich 20 % Umsatzsteuer.\u00a0\u00a0 Zahlung, Zahlungsbedingungen\u00a0\u00a0 Der offene Rechnungsbetrag ist innerhalb von 30 Tagen zahlbar. Bei Zahlung innerhalb von 14 Tagen gew\u00e4hren wir 3 % Skonto.\u00a0\u00a0 Bei Verzug sind wir berechtigt, Mahnspesen in H\u00f6he von 10,- Euro und Verzugszinsen in H\u00f6he von 1 % pro [&hellip;]<\/p>\n","protected":false},"author":2,"featured_media":0,"parent":0,"menu_order":0,"comment_status":"closed","ping_status":"closed","template":"","meta":{"footnotes":""},"class_list":["post-23","page","type-page","status-publish","hentry"],"_links":{"self":[{"href":"http:\/\/www.schulenbfi.eu\/odv\/wp-json\/wp\/v2\/pages\/23","targetHints":{"allow":["GET"]}}],"collection":[{"href":"http:\/\/www.schulenbfi.eu\/odv\/wp-json\/wp\/v2\/pages"}],"about":[{"href":"http:\/\/www.schulenbfi.eu\/odv\/wp-json\/wp\/v2\/types\/page"}],"author":[{"embeddable":true,"href":"http:\/\/www.schulenbfi.eu\/odv\/wp-json\/wp\/v2\/users\/2"}],"replies":[{"embeddable":true,"href":"http:\/\/www.schulenbfi.eu\/odv\/wp-json\/wp\/v2\/comments?post=23"}],"version-history":[{"count":20,"href":"http:\/\/www.schulenbfi.eu\/odv\/wp-json\/wp\/v2\/pages\/23\/revisions"}],"predecessor-version":[{"id":510,"href":"http:\/\/www.schulenbfi.eu\/odv\/wp-json\/wp\/v2\/pages\/23\/revisions\/510"}],"wp:attachment":[{"href":"http:\/\/www.schulenbfi.eu\/odv\/wp-json\/wp\/v2\/media?parent=23"}],"curies":[{"name":"wp","href":"https:\/\/api.w.org\/{rel}","templated":true}]}}