{"id":19,"date":"2023-09-02T10:47:35","date_gmt":"2023-09-02T08:47:35","guid":{"rendered":"http:\/\/www.schulenbfi.eu\/odv\/?page_id=19"},"modified":"2026-01-15T14:39:25","modified_gmt":"2026-01-15T13:39:25","slug":"business-profile","status":"publish","type":"page","link":"http:\/\/www.schulenbfi.eu\/odv\/business-profile\/","title":{"rendered":"Business Profile"},"content":{"rendered":"\t\t<div data-elementor-type=\"wp-page\" data-elementor-id=\"19\" class=\"elementor elementor-19\">\n\t\t\t\t\t\t<section class=\"elementor-section elementor-top-section elementor-element elementor-element-8c95cb6 elementor-section-boxed elementor-section-height-default elementor-section-height-default\" data-id=\"8c95cb6\" data-element_type=\"section\">\n\t\t\t\t\t\t<div class=\"elementor-container elementor-column-gap-default\">\n\t\t\t\t\t<div class=\"elementor-column elementor-col-100 elementor-top-column elementor-element elementor-element-16bd9734\" data-id=\"16bd9734\" data-element_type=\"column\">\n\t\t\t<div class=\"elementor-widget-wrap elementor-element-populated\">\n\t\t\t\t\t\t<div class=\"elementor-element elementor-element-1e20876c elementor-widget__width-initial elementor-widget elementor-widget-text-editor\" data-id=\"1e20876c\" data-element_type=\"widget\" data-widget_type=\"text-editor.default\">\n\t\t\t\t<div class=\"elementor-widget-container\">\n\t\t\t\t\t\t\t\t\t<h1><strong>\u00a0<\/strong><\/h1><h2 style=\"text-align: center;\"><strong>1.\u00a0 \u00a0 Allgemeine Daten der \u00dcbungsfirma<\/strong><\/h2><p style=\"text-align: center;\"><strong>ODV &#8211; Office Design Vienna GmbH<\/strong><\/p><p style=\"text-align: center;\">Margaretenstra\u00dfe 65<br \/>1050 Wien<\/p><p style=\"text-align: center;\"><strong>Unternehmensgegenstand:<\/strong><\/p><p style=\"text-align: center;\">Handel mit B\u00fcrom\u00f6beln und B\u00fcroaccessoires<\/p><p style=\"text-align: center;\"><strong>Branche:<\/strong><\/p><p style=\"text-align: center;\">Handel<\/p><p style=\"text-align: center;\"><strong>Produktgruppen:<\/strong><\/p><p style=\"text-align: center;\">Accessoires<\/p><p style=\"text-align: center;\">Lounge M\u00f6bel<\/p><p style=\"text-align: center;\">Pr\u00e4sentationsmedien<\/p><p style=\"text-align: center;\">Kommunikations- und Drehst\u00fchle<\/p><p style=\"text-align: center;\"><strong>Partnerfirma<\/strong>:<\/p><p style=\"text-align: center;\">Neud\u00f6rfler Office Systems GmbH<\/p><p style=\"text-align: center;\"><strong>Telefon:<\/strong><\/p><p style=\"text-align: center;\">0699 168 621 86<\/p><p style=\"text-align: center;\"><strong>Schule:<\/strong><\/p><p style=\"text-align: center;\">Schulen des BFI Wien<\/p><p style=\"text-align: center;\">Margaretenstra\u00dfe 65<\/p><p style=\"text-align: center;\">1050 Wien<\/p><p style=\"text-align: center;\"><strong>E-Mail:<\/strong><\/p><p style=\"text-align: center;\"><a href=\"mailto:odv_officedesignvienna1292@uebungsfirmen.at\">odv_officedesignvienna1292@uebungsfirmen.at<\/a><\/p><p style=\"text-align: center;\"><strong>Website:\u00a0<\/strong><\/p><p style=\"text-align: center;\"><a href=\"http:\/\/www.schulenbfi.eu\/odv\/wp-admin\">schulenbfi.eu\/odv\/<\/a><\/p><p style=\"text-align: center;\"><strong>Marketplace:<\/strong><\/p><p style=\"text-align: center;\"><a href=\"https:\/\/marketplace.penworldwide.org\/?enterprisePenCode=AT010001292\">https:\/\/marketplace.penworldwide.org\/?enterprisePenCode=AT010001292<\/a><\/p><p style=\"text-align: center;\"><strong>\u00d6ffnungszeiten: <\/strong><\/p><p style=\"text-align: center;\">Donnerstag 13:15 bis 15:50 Uhr<\/p><h2 style=\"text-align: center;\"><strong>2.\u00a0 \u00a0 P\u00e4dagogisches Unterrichtkonzept<\/strong><\/h2><p style=\"text-align: center;\"><strong>Die \u00dcbungsfirma ist ein Lernort an dem die Sch\u00fcler*innen selbstst\u00e4ndig, ihr in den Theorief\u00e4chern erworbenes Wissen anwenden k\u00f6nnen. Es sollen Praxiserfahrungen gemacht werden. Im Vordergrund steht somit die Handlungsorientierung und das praktische tun.<\/strong><\/p><p style=\"text-align: center;\"><strong>Rollenverst\u00e4ndnis als Wirtschaftsp\u00e4dagog*innen (Lernort)<\/strong><\/p><p style=\"text-align: center;\">Handlungsorientierung<\/p><p style=\"text-align: center;\">Selbstst\u00e4ndigkeit f\u00f6rdern<\/p><p style=\"text-align: center;\">Reflexion f\u00f6rdern<\/p><p style=\"text-align: center;\">Basisabl\u00e4ufe beherrschen lernen (EK, VK)<\/p><p style=\"text-align: center;\">Teamf\u00e4higkeit f\u00f6rdern<\/p><p style=\"text-align: center;\">Transparente Leistungsbeurteilung<\/p><p style=\"text-align: center;\"><strong>Rollenverst\u00e4ndnis als F\u00fchrungskr\u00e4fte (Betrieb)<\/strong><\/p><p style=\"text-align: center;\">F\u00fchren auf Basis einer gemeinsamen Vision<\/p><p style=\"text-align: center;\">Klare Aufgabenorientierung (F\u00fchren mit Zielvereinbarungen)<\/p><p style=\"text-align: center;\">Kundenorientierung<\/p><p style=\"text-align: center;\">Gleichberechtigung<\/p><p style=\"text-align: center;\">Mitarbeiterorientierung<\/p><h2 style=\"text-align: center;\"><strong>3.\u00a0 \u00a0 Strategische Unternehmensziele und Jahresschwerpunkte<\/strong><\/h2><p style=\"text-align: center;\"><strong>Mission<\/strong><\/p><p style=\"text-align: center;\"><strong>Betrieb:<\/strong> Als Spezialist*innen bieten wir unseren Kund*innen ausgew\u00e4hlte B\u00fcrom\u00f6bel und B\u00fcroaccessoires von Neud\u00f6rfler (unserer Partnerfirma) an.<\/p><p style=\"text-align: center;\"><strong>Lernort:<\/strong> Als \u00dcbungsfirma haben wir das Ziel, auf das Arbeitsleben vorzubereiten und B\u00fcropraxis zu erwerben. Neben dem, in der \u00dcbungsfirma neu erworbenen Wissen, bem\u00fchen wir uns, in anderen Schulf\u00e4chern erlerntes Wissen einzusetzen. Dies f\u00fchrt zur Festigung und Anwendung des Wissens und bereitet auf das Berufsleben vor.<\/p><p style=\"text-align: center;\"><strong>Vision<\/strong><\/p><p style=\"text-align: center;\"><strong>Betrieb:<\/strong> Die Qualit\u00e4t unserer Produkte und Dienstleistungen ist immer Weltklasse. Wir sehen uns als einer der besten AnbieterInnen im B\u00fcrom\u00f6belbereich in \u00d6sterreich. Unser Ziel ist es, in den n\u00e4chsten 5 Jahren zu expandieren und unsere Produkte auch im gesamten EU-Raum anzubieten.<\/p><p style=\"text-align: center;\"><strong>Lernort:<\/strong> Unser Ziel als \u00dcbungsfirma ist es, auf das Arbeiten in einer kaufm\u00e4nnischen Abteilung vorzubereiten. Wir wollen, dass alle unsere Sch\u00fclerInnen nach dem Abschluss des Jahres, fachlich kompetent sind, und als verantwortliche und selbst\u00e4ndige MitarbeiterInnen agieren.<\/p><p style=\"text-align: center;\"><strong>Werte<\/strong><\/p><p style=\"text-align: center;\"><strong>Vertrauen und Respekt: <\/strong>Die Zusammenarbeit innerhalb und au\u00dferhalb unseres Unternehmens, basiert auf gegenseitigem Respekt. Unsere Kund*innen sind uns besonders wichtig, jedoch vergessen wir nicht auf einen respektvollen und wertsch\u00e4tzenden Umgang innerhalb unseres Unternehmens.<\/p><p style=\"text-align: center;\"><strong>Hilfsbereitschaft: <\/strong>Das erfolgreiche Funktionieren unseres Betriebes basiert auf der gegenseitigen Hilfsbereitschaft und Unterst\u00fctzung innerhalb, sowie zwischen den Abteilungen.<\/p><p style=\"text-align: center;\"><strong>Wertsch\u00e4tzung: <\/strong>Wertsch\u00e4tzung erfolgt auf sehr vielen Ebenen, angefangen bei dem Respekt gegen\u00fcber der Arbeit unserer Kolleg*innen, bis zur Wertsch\u00e4tzung unserer Lieferant*innen und KundInnen.<\/p><p style=\"text-align: center;\"><strong>Integrit\u00e4t:<\/strong> Die \u00dcbereinstimmung zwischen den eigenen Handlungen und den Unternehmenswerten ist uns sehr wichtig und ein Schl\u00fcssel f\u00fcr unseren Erfolg.<\/p><p style=\"text-align: center;\"><strong>Nachhaltigkeit und umweltbewusstes Handeln: <\/strong>Das umweltschonende Handeln ist uns sehr wichtig und wird innerhalb unserer Firma stark gef\u00f6rdert und gefordert. Wir kommunizieren haupts\u00e4chlich virtuell und sparen, soweit dies m\u00f6glich ist, den Verbrauch von Papier.<\/p><h3 style=\"text-align: center;\"><strong>Strategische Unternehmensziele:<\/strong><\/h3><p style=\"text-align: center;\"><strong>Betrieb<\/strong><\/p><p style=\"text-align: center;\">Fortlaufende Zusammenarbeit mit unserem Partnerunternehmen Neud\u00f6rfler<\/p><p style=\"text-align: center;\">eine Exkursion in diesem Schuljahr<\/p><p style=\"text-align: center;\">Erfolgreiche Teilnahme an der Hausmesse<br \/>Kundenbewertung Durchschnitt auf Notenskala 2,0<\/p><p style=\"text-align: center;\">Erfolgreiche Teilnahme bei der \u00dcFA Zertifizierung -&gt; Ziel 95 %<\/p><p style=\"text-align: center;\"><strong>Lernort<\/strong><\/p><p style=\"text-align: center;\">Die Qualit\u00e4t der \u00dcbungsfirmenarbeit sichern und steigern, dh. das Lernen und Arbeiten in der \u00dcbungsfirma kontinuierlich weiterwickeln (\u00dcFA-Zertifizierung)<\/p><p style=\"text-align: center;\">Erlernen und Umsetzen des Regelkreismodells<\/p><p style=\"text-align: center;\">Die Arbeit in den \u00dcbungsfirmen nach au\u00dfen pr\u00e4sentieren (z.B. Homepage, Schulpartner)<\/p><p style=\"text-align: center;\">Reflexion der individuellen Arbeit<\/p><p style=\"text-align: center;\">Positive Endnoten f\u00fcr alle Sch\u00fcler\/innen<\/p><p style=\"text-align: center;\">Neues Wissen erlernen<\/p><p style=\"text-align: center;\">Musterbeispiele f\u00fcrs Arbeitsleben erstellen (pers\u00f6nliche Mappe zum Mitnehmen)<\/p><h3 style=\"text-align: center;\"><strong>Jahresschwerpunkte:<\/strong><\/h3><p style=\"text-align: center;\"><strong>Upgrade<\/strong><\/p><p style=\"text-align: center;\"><strong>-&gt; Ziel: Erfolgreiche Qualit\u00e4tszertifizierung<\/strong><\/p><p style=\"text-align: center;\"><strong>Hausmesse<\/strong><\/p><h2 style=\"text-align: center;\">\u00a0<\/h2><h2 style=\"text-align: center;\"><strong>4.\u00a0 \u00a0 Konkrete \u00dcberlegungen zum Thema Nachhaltigkeit<\/strong><\/h2><p style=\"text-align: center;\"><strong>Unser Ziel:<\/strong><\/p><p style=\"text-align: center;\">Im 2. Semester Papierverbrauch innerhalb des Unternehmens senken und Dokumente stattdessen zu 95 % nur noch in OneDrive abspeichern.<\/p><p style=\"text-align: center;\">Im 2. Semesters Einf\u00fchrung konsequenter M\u00fclltrennung in den Arbeitsr\u00e4umen. Dazu soll im April eine Schulung stattfinden!\u00a0<\/p><p style=\"text-align: center;\">Wir verwenden keine Kunststoffverpackungen mehr!<\/p><p style=\"text-align: center;\">Unsere Produkte kommen nur aus \u00d6sterreich und haben daher einen niedrigen CO2 Fu\u00dfabdruck!<\/p><p><strong>Pfandflaschen-Recycling f\u00fcr den guten Zweck<\/strong><\/p><p>Pfandflaschen werden h\u00e4ufig achtlos weggeworfen \u2013 dabei sind sie nicht nur recyclebar, sondern auch bares Geld wert. Mit unserer Pfandflaschen-Recycling-Initiative setzen wir genau hier an.<\/p><p>In einem zentralen Sammelbeh\u00e4lter im gro\u00dfen Raum k\u00f6nnen Pfandflaschen einfach und unkompliziert abgegeben werden. Die Flaschen werden regelm\u00e4\u00dfig von Abida geleert und das Pfand eingel\u00f6st.<\/p><p>Der gesamte Erl\u00f6s kommt Tieren in Not zugute. So schaffen wir ein Projekt, das Umweltschutz, Nachhaltigkeit und soziales Engagement f\u00fcr Tiere sinnvoll miteinander verbindet.<\/p><p>Unser Konzept auf einen Blick:<\/p><ul><li>Pfand-Sammelbeh\u00e4lter im gro\u00dfen Raum<\/li><li>Regelm\u00e4\u00dfige Leerung durch Abida<\/li><li>Unterst\u00fctzung von Tieren in Not durch das Pfandgeld Gemeinsam k\u00f6nnen wir mit kleinen Schritten Gro\u00dfes bewirken \u2013 jede Flasche hilft.<\/li><\/ul><p>\u00a0<\/p><h2 style=\"text-align: center;\"><strong>5.\u00a0 \u00a0 Konkrete \u00dcberlegungen zum Thema Digitalisierung<\/strong><\/h2><p style=\"text-align: center;\"><strong>Unser Ziel:<\/strong><\/p><p style=\"text-align: center;\">95 % der laufenden Gesch\u00e4ftsf\u00e4lle werden nur noch digital auf OneDrive gespeichert und gesichert!<\/p><p style=\"text-align: center;\">L\u00fcckenlose Erfassung aller Gesch\u00e4ftsf\u00e4lle dieses Schuljahres im Buchhaltungsprogramm BMD!<\/p><p style=\"text-align: center;\">Ab Sept. 2025 k\u00f6nnen unsere Produkte als 360\u00b0 Fotos angeschaut werden!<\/p><p style=\"text-align: center;\">\u00a0<\/p>\t\t\t\t\t\t\t\t<\/div>\n\t\t\t\t<\/div>\n\t\t\t\t\t<\/div>\n\t\t<\/div>\n\t\t\t\t\t<\/div>\n\t\t<\/section>\n\t\t\t\t<\/div>\n\t\t","protected":false},"excerpt":{"rendered":"<p>\u00a0 1.\u00a0 \u00a0 Allgemeine Daten der \u00dcbungsfirma ODV &#8211; Office Design Vienna GmbH Margaretenstra\u00dfe 651050 Wien Unternehmensgegenstand: Handel mit B\u00fcrom\u00f6beln und B\u00fcroaccessoires Branche: Handel Produktgruppen: Accessoires Lounge M\u00f6bel Pr\u00e4sentationsmedien Kommunikations- und Drehst\u00fchle Partnerfirma: Neud\u00f6rfler Office Systems GmbH Telefon: 0699 168 621 86 Schule: Schulen des BFI Wien Margaretenstra\u00dfe 65 1050 Wien E-Mail: odv_officedesignvienna1292@uebungsfirmen.at Website:\u00a0 schulenbfi.eu\/odv\/ [&hellip;]<\/p>\n","protected":false},"author":2,"featured_media":0,"parent":0,"menu_order":0,"comment_status":"closed","ping_status":"closed","template":"","meta":{"footnotes":""},"class_list":["post-19","page","type-page","status-publish","hentry"],"_links":{"self":[{"href":"http:\/\/www.schulenbfi.eu\/odv\/wp-json\/wp\/v2\/pages\/19","targetHints":{"allow":["GET"]}}],"collection":[{"href":"http:\/\/www.schulenbfi.eu\/odv\/wp-json\/wp\/v2\/pages"}],"about":[{"href":"http:\/\/www.schulenbfi.eu\/odv\/wp-json\/wp\/v2\/types\/page"}],"author":[{"embeddable":true,"href":"http:\/\/www.schulenbfi.eu\/odv\/wp-json\/wp\/v2\/users\/2"}],"replies":[{"embeddable":true,"href":"http:\/\/www.schulenbfi.eu\/odv\/wp-json\/wp\/v2\/comments?post=19"}],"version-history":[{"count":38,"href":"http:\/\/www.schulenbfi.eu\/odv\/wp-json\/wp\/v2\/pages\/19\/revisions"}],"predecessor-version":[{"id":758,"href":"http:\/\/www.schulenbfi.eu\/odv\/wp-json\/wp\/v2\/pages\/19\/revisions\/758"}],"wp:attachment":[{"href":"http:\/\/www.schulenbfi.eu\/odv\/wp-json\/wp\/v2\/media?parent=19"}],"curies":[{"name":"wp","href":"https:\/\/api.w.org\/{rel}","templated":true}]}}