{"id":12,"date":"2023-09-02T10:43:32","date_gmt":"2023-09-02T08:43:32","guid":{"rendered":"http:\/\/www.schulenbfi.eu\/odv\/?page_id=12"},"modified":"2026-01-15T15:13:28","modified_gmt":"2026-01-15T14:13:28","slug":"angebote","status":"publish","type":"page","link":"http:\/\/www.schulenbfi.eu\/odv\/angebote\/","title":{"rendered":"Angebote"},"content":{"rendered":"\t\t<div data-elementor-type=\"wp-page\" data-elementor-id=\"12\" class=\"elementor elementor-12\">\n\t\t\t\t\t\t<section class=\"elementor-section elementor-top-section elementor-element elementor-element-3d05edf elementor-section-boxed elementor-section-height-default elementor-section-height-default\" data-id=\"3d05edf\" data-element_type=\"section\">\n\t\t\t\t\t\t<div class=\"elementor-container elementor-column-gap-default\">\n\t\t\t\t\t<div class=\"elementor-column elementor-col-100 elementor-top-column elementor-element elementor-element-501202c\" data-id=\"501202c\" data-element_type=\"column\">\n\t\t\t<div class=\"elementor-widget-wrap elementor-element-populated\">\n\t\t\t\t\t\t\t<\/div>\n\t\t<\/div>\n\t\t\t\t\t<\/div>\n\t\t<\/section>\n\t\t\t\t<section class=\"elementor-section elementor-top-section elementor-element elementor-element-0ecc07d elementor-section-boxed elementor-section-height-default elementor-section-height-default\" data-id=\"0ecc07d\" data-element_type=\"section\">\n\t\t\t\t\t\t<div class=\"elementor-container elementor-column-gap-default\">\n\t\t\t\t\t<div class=\"elementor-column elementor-col-50 elementor-top-column elementor-element elementor-element-3da40f3\" data-id=\"3da40f3\" data-element_type=\"column\">\n\t\t\t<div class=\"elementor-widget-wrap elementor-element-populated\">\n\t\t\t\t\t\t<div class=\"elementor-element elementor-element-e593aca elementor-widget__width-initial elementor-widget elementor-widget-text-editor\" data-id=\"e593aca\" data-element_type=\"widget\" data-widget_type=\"text-editor.default\">\n\t\t\t\t<div class=\"elementor-widget-container\">\n\t\t\t\t\t\t\t\t\t<div class=\"elementor-background-overlay\"><p><strong>Neujahrsangebot \u2013 A005 Briefablage rot<\/strong><\/p><p>Liebe Kunden! Liebe Kundinnen!<\/p><p>Entdecken Sie jetzt unsere \u201eA005 Briefablage\u201c in der Farbe rot. Die Briefablage pr\u00e4sentiert sich in schlichter Eleganz und klarer Formgebung. Sie erleichtert die Organisation von Dokumenten, \u00fcberzeugt durch ihr platzsparendes, ergonomisches Design und sorgt so f\u00fcr eine komfortable Handhabung. Zudem ist sie stapelbar. Bei der Gestaltung setzen wir auf h\u00f6chste Qualit\u00e4t, ausgew\u00e4hlte Materialien und eine sorgf\u00e4ltige Verarbeitung \u2013 denn genau das liegt uns besonders am Herzen.<\/p><p>Diese Briefablage kostet jetzt nur \u20ac 10,20 exkl. USt.<\/p><p>Das Angebot gilt nur bis zum 28. Februar also greifen Sie so fr\u00fch wie m\u00f6glich zu. <strong>Solange der Vorrat reicht! <\/strong><\/p><p>Mit der Bestellung erkl\u00e4ren Sie sich mit unseren AGB\u2018s einverstanden.<\/p><\/div>\t\t\t\t\t\t\t\t<\/div>\n\t\t\t\t<\/div>\n\t\t\t\t\t<\/div>\n\t\t<\/div>\n\t\t\t\t<div class=\"elementor-column elementor-col-50 elementor-top-column elementor-element elementor-element-6aa0990\" data-id=\"6aa0990\" data-element_type=\"column\">\n\t\t\t<div class=\"elementor-widget-wrap elementor-element-populated\">\n\t\t\t\t\t\t<div class=\"elementor-element elementor-element-7891fd2 elementor-widget__width-initial elementor-widget elementor-widget-image\" data-id=\"7891fd2\" data-element_type=\"widget\" data-widget_type=\"image.default\">\n\t\t\t\t<div class=\"elementor-widget-container\">\n\t\t\t\t\t\t\t\t\t\t\t\t\t\t\t<img fetchpriority=\"high\" decoding=\"async\" width=\"522\" height=\"265\" src=\"http:\/\/www.schulenbfi.eu\/odv\/wp-content\/uploads\/2026\/01\/Screenshot-2026-01-15-151044.png\" class=\"attachment-1536x1536 size-1536x1536 wp-image-759\" alt=\"\" srcset=\"http:\/\/www.schulenbfi.eu\/odv\/wp-content\/uploads\/2026\/01\/Screenshot-2026-01-15-151044.png 522w, http:\/\/www.schulenbfi.eu\/odv\/wp-content\/uploads\/2026\/01\/Screenshot-2026-01-15-151044-300x152.png 300w\" sizes=\"(max-width: 522px) 100vw, 522px\" \/>\t\t\t\t\t\t\t\t\t\t\t\t\t\t\t<\/div>\n\t\t\t\t<\/div>\n\t\t\t\t\t<\/div>\n\t\t<\/div>\n\t\t\t\t\t<\/div>\n\t\t<\/section>\n\t\t\t\t<\/div>\n\t\t","protected":false},"excerpt":{"rendered":"<p>Neujahrsangebot \u2013 A005 Briefablage rot Liebe Kunden! Liebe Kundinnen! Entdecken Sie jetzt unsere \u201eA005 Briefablage\u201c in der Farbe rot. Die Briefablage pr\u00e4sentiert sich in schlichter Eleganz und klarer Formgebung. Sie erleichtert die Organisation von Dokumenten, \u00fcberzeugt durch ihr platzsparendes, ergonomisches Design und sorgt so f\u00fcr eine komfortable Handhabung. Zudem ist sie stapelbar. Bei der Gestaltung [&hellip;]<\/p>\n","protected":false},"author":2,"featured_media":0,"parent":0,"menu_order":0,"comment_status":"closed","ping_status":"closed","template":"","meta":{"footnotes":""},"class_list":["post-12","page","type-page","status-publish","hentry"],"_links":{"self":[{"href":"http:\/\/www.schulenbfi.eu\/odv\/wp-json\/wp\/v2\/pages\/12","targetHints":{"allow":["GET"]}}],"collection":[{"href":"http:\/\/www.schulenbfi.eu\/odv\/wp-json\/wp\/v2\/pages"}],"about":[{"href":"http:\/\/www.schulenbfi.eu\/odv\/wp-json\/wp\/v2\/types\/page"}],"author":[{"embeddable":true,"href":"http:\/\/www.schulenbfi.eu\/odv\/wp-json\/wp\/v2\/users\/2"}],"replies":[{"embeddable":true,"href":"http:\/\/www.schulenbfi.eu\/odv\/wp-json\/wp\/v2\/comments?post=12"}],"version-history":[{"count":41,"href":"http:\/\/www.schulenbfi.eu\/odv\/wp-json\/wp\/v2\/pages\/12\/revisions"}],"predecessor-version":[{"id":762,"href":"http:\/\/www.schulenbfi.eu\/odv\/wp-json\/wp\/v2\/pages\/12\/revisions\/762"}],"wp:attachment":[{"href":"http:\/\/www.schulenbfi.eu\/odv\/wp-json\/wp\/v2\/media?parent=12"}],"curies":[{"name":"wp","href":"https:\/\/api.w.org\/{rel}","templated":true}]}}