{"id":10,"date":"2023-09-02T10:40:19","date_gmt":"2023-09-02T08:40:19","guid":{"rendered":"http:\/\/www.schulenbfi.eu\/odv\/?page_id=10"},"modified":"2026-01-08T14:14:12","modified_gmt":"2026-01-08T13:14:12","slug":"home","status":"publish","type":"page","link":"http:\/\/www.schulenbfi.eu\/odv\/","title":{"rendered":"Home"},"content":{"rendered":"\t\t<div data-elementor-type=\"wp-page\" data-elementor-id=\"10\" class=\"elementor elementor-10\">\n\t\t\t\t\t\t<section class=\"elementor-section elementor-top-section elementor-element elementor-element-4622de5 elementor-section-boxed elementor-section-height-default elementor-section-height-default\" data-id=\"4622de5\" data-element_type=\"section\">\n\t\t\t\t\t\t<div class=\"elementor-container elementor-column-gap-default\">\n\t\t\t\t\t<div class=\"elementor-column elementor-col-100 elementor-top-column elementor-element elementor-element-9b20163\" data-id=\"9b20163\" data-element_type=\"column\">\n\t\t\t<div class=\"elementor-widget-wrap elementor-element-populated\">\n\t\t\t\t\t\t<div class=\"elementor-element elementor-element-d0089cb elementor-widget elementor-widget-heading\" data-id=\"d0089cb\" data-element_type=\"widget\" data-widget_type=\"heading.default\">\n\t\t\t\t<div class=\"elementor-widget-container\">\n\t\t\t\t\t<h2 class=\"elementor-heading-title elementor-size-default\">Willkommen bei der \u00dcbungsfirma Office Design Vienna GmbH!<\/h2>\t\t\t\t<\/div>\n\t\t\t\t<\/div>\n\t\t\t\t\t<\/div>\n\t\t<\/div>\n\t\t\t\t\t<\/div>\n\t\t<\/section>\n\t\t\t\t<section class=\"elementor-section elementor-top-section elementor-element elementor-element-690da7c elementor-section-boxed elementor-section-height-default elementor-section-height-default\" data-id=\"690da7c\" data-element_type=\"section\">\n\t\t\t\t\t\t<div class=\"elementor-container elementor-column-gap-default\">\n\t\t\t\t\t<div class=\"elementor-column elementor-col-100 elementor-top-column elementor-element elementor-element-d3675b9\" data-id=\"d3675b9\" data-element_type=\"column\">\n\t\t\t<div class=\"elementor-widget-wrap elementor-element-populated\">\n\t\t\t\t\t\t<div class=\"elementor-element elementor-element-7a00f83 elementor-widget elementor-widget-text-editor\" data-id=\"7a00f83\" data-element_type=\"widget\" data-widget_type=\"text-editor.default\">\n\t\t\t\t<div class=\"elementor-widget-container\">\n\t\t\t\t\t\t\t\t\t<p>Sie suchen nachhaltige, h\u00f6chst qualitative B\u00fcroprodukte?<\/p><p>Eine professionelle Beratung ist f\u00fcr Sie entscheidend?<\/p><p>Dann sind Sie bei uns genau richtig, denn genau das und noch viel mehr erwartet Sie bei uns!<\/p><p>Wir verkaufen hochwertige Designer \u2013 B\u00fcrom\u00f6bel und B\u00fcroaccessoires unserer Partnerfirma Neud\u00f6rfler Office Systems GmbH.<\/p><p>\u00a0<\/p>\t\t\t\t\t\t\t\t<\/div>\n\t\t\t\t<\/div>\n\t\t\t\t<section class=\"elementor-section elementor-inner-section elementor-element elementor-element-5305eb8 elementor-section-boxed elementor-section-height-default elementor-section-height-default\" data-id=\"5305eb8\" data-element_type=\"section\">\n\t\t\t\t\t\t<div class=\"elementor-container elementor-column-gap-default\">\n\t\t\t\t\t<div class=\"elementor-column elementor-col-50 elementor-inner-column elementor-element elementor-element-91ddae4\" data-id=\"91ddae4\" data-element_type=\"column\">\n\t\t\t<div class=\"elementor-widget-wrap elementor-element-populated\">\n\t\t\t\t\t\t<div class=\"elementor-element elementor-element-e41fd45 elementor-align-center elementor-widget elementor-widget-button\" data-id=\"e41fd45\" data-element_type=\"widget\" data-widget_type=\"button.default\">\n\t\t\t\t<div class=\"elementor-widget-container\">\n\t\t\t\t\t\t\t\t\t<div class=\"elementor-button-wrapper\">\n\t\t\t\t\t<a class=\"elementor-button elementor-button-link elementor-size-sm\" href=\"https:\/\/marketplace.penworldwide.org\/?enterprisePenCode=AT010001292\">\n\t\t\t\t\t\t<span class=\"elementor-button-content-wrapper\">\n\t\t\t\t\t\t<span class=\"elementor-button-icon\">\n\t\t\t\t<i aria-hidden=\"true\" class=\"fas fa-shopping-basket\"><\/i>\t\t\t<\/span>\n\t\t\t\t\t\t\t\t\t<span class=\"elementor-button-text\">Marketplace<\/span>\n\t\t\t\t\t<\/span>\n\t\t\t\t\t<\/a>\n\t\t\t\t<\/div>\n\t\t\t\t\t\t\t\t<\/div>\n\t\t\t\t<\/div>\n\t\t\t\t\t<\/div>\n\t\t<\/div>\n\t\t\t\t<div class=\"elementor-column elementor-col-50 elementor-inner-column elementor-element elementor-element-3418aef\" data-id=\"3418aef\" data-element_type=\"column\">\n\t\t\t<div class=\"elementor-widget-wrap elementor-element-populated\">\n\t\t\t\t\t\t<div class=\"elementor-element elementor-element-ff9c677 elementor-align-center elementor-widget elementor-widget-button\" data-id=\"ff9c677\" data-element_type=\"widget\" data-widget_type=\"button.default\">\n\t\t\t\t<div class=\"elementor-widget-container\">\n\t\t\t\t\t\t\t\t\t<div class=\"elementor-button-wrapper\">\n\t\t\t\t\t<a class=\"elementor-button elementor-button-link elementor-size-sm\" href=\"https:\/\/www.instagram.com\/uefa_odv\/\">\n\t\t\t\t\t\t<span class=\"elementor-button-content-wrapper\">\n\t\t\t\t\t\t<span class=\"elementor-button-icon\">\n\t\t\t\t<i aria-hidden=\"true\" class=\"fab fa-instagram\"><\/i>\t\t\t<\/span>\n\t\t\t\t\t\t\t\t\t<span class=\"elementor-button-text\">Instagram<\/span>\n\t\t\t\t\t<\/span>\n\t\t\t\t\t<\/a>\n\t\t\t\t<\/div>\n\t\t\t\t\t\t\t\t<\/div>\n\t\t\t\t<\/div>\n\t\t\t\t\t<\/div>\n\t\t<\/div>\n\t\t\t\t\t<\/div>\n\t\t<\/section>\n\t\t\t\t\t<\/div>\n\t\t<\/div>\n\t\t\t\t\t<\/div>\n\t\t<\/section>\n\t\t\t\t<section class=\"elementor-section elementor-top-section elementor-element elementor-element-63c583e elementor-section-boxed elementor-section-height-default elementor-section-height-default\" data-id=\"63c583e\" data-element_type=\"section\">\n\t\t\t\t\t\t<div class=\"elementor-container elementor-column-gap-default\">\n\t\t\t\t\t<div class=\"elementor-column elementor-col-100 elementor-top-column elementor-element elementor-element-d42b8d5\" data-id=\"d42b8d5\" data-element_type=\"column\">\n\t\t\t<div class=\"elementor-widget-wrap elementor-element-populated\">\n\t\t\t\t\t\t<div class=\"elementor-element elementor-element-c345b04 elementor-align-center elementor-widget elementor-widget-button\" data-id=\"c345b04\" data-element_type=\"widget\" data-widget_type=\"button.default\">\n\t\t\t\t<div class=\"elementor-widget-container\">\n\t\t\t\t\t\t\t\t\t<div class=\"elementor-button-wrapper\">\n\t\t\t\t\t<a class=\"elementor-button elementor-button-link elementor-size-sm\" href=\"https:\/\/schulenbfi.at\/\">\n\t\t\t\t\t\t<span class=\"elementor-button-content-wrapper\">\n\t\t\t\t\t\t<span class=\"elementor-button-icon\">\n\t\t\t\t<i aria-hidden=\"true\" class=\"fas fa-school\"><\/i>\t\t\t<\/span>\n\t\t\t\t\t\t\t\t\t<span class=\"elementor-button-text\">Unsere Schule<\/span>\n\t\t\t\t\t<\/span>\n\t\t\t\t\t<\/a>\n\t\t\t\t<\/div>\n\t\t\t\t\t\t\t\t<\/div>\n\t\t\t\t<\/div>\n\t\t\t\t<div class=\"elementor-element elementor-element-475f998 elementor-arrows-position-inside elementor-pagination-position-outside elementor-widget elementor-widget-image-carousel\" data-id=\"475f998\" data-element_type=\"widget\" data-settings=\"{&quot;slides_to_show&quot;:&quot;1&quot;,&quot;navigation&quot;:&quot;both&quot;,&quot;autoplay&quot;:&quot;yes&quot;,&quot;pause_on_hover&quot;:&quot;yes&quot;,&quot;pause_on_interaction&quot;:&quot;yes&quot;,&quot;autoplay_speed&quot;:5000,&quot;infinite&quot;:&quot;yes&quot;,&quot;effect&quot;:&quot;slide&quot;,&quot;speed&quot;:500}\" data-widget_type=\"image-carousel.default\">\n\t\t\t\t<div class=\"elementor-widget-container\">\n\t\t\t\t\t\t\t<div class=\"elementor-image-carousel-wrapper swiper\" role=\"region\" aria-roledescription=\"carousel\" aria-label=\"Bild Karussell\" dir=\"ltr\">\n\t\t\t<div class=\"elementor-image-carousel swiper-wrapper\" aria-live=\"off\">\n\t\t\t\t\t\t\t\t<div class=\"swiper-slide\" role=\"group\" aria-roledescription=\"slide\" aria-label=\"1 von 3\"><figure class=\"swiper-slide-inner\"><img decoding=\"async\" class=\"swiper-slide-image\" src=\"http:\/\/www.schulenbfi.eu\/odv\/wp-content\/uploads\/2025\/11\/Bild-768x576.jpg\" alt=\"Unser Team\" \/><\/figure><\/div><div class=\"swiper-slide\" role=\"group\" aria-roledescription=\"slide\" aria-label=\"2 von 3\"><figure class=\"swiper-slide-inner\"><img decoding=\"async\" class=\"swiper-slide-image\" src=\"http:\/\/www.schulenbfi.eu\/odv\/wp-content\/uploads\/2025\/12\/mymotion-stehtisch-workbench-weiss-buerotisch-bueromoebel_neudoerfler.jpg_cd74fd1583a8469ca7fb5892b025fe6b-768x480.jpg\" alt=\"mymotion-stehtisch-workbench-wei\u00df-buerotisch-bueromoebel_neudoerfler.jpg_cd74fd1583a8469ca7fb5892b025fe6b\" \/><\/figure><\/div><div class=\"swiper-slide\" role=\"group\" aria-roledescription=\"slide\" aria-label=\"3 von 3\"><figure class=\"swiper-slide-inner\"><img decoding=\"async\" class=\"swiper-slide-image\" src=\"http:\/\/www.schulenbfi.eu\/odv\/wp-content\/uploads\/2025\/12\/prompt-too-drehstuhl-sessel-sitzmoebel-bueromoebel-neudoerfler_cd74fd1583a8469ca7fb5892b025fe6b-768x480.jpg\" alt=\"prompt-too-drehstuhl-sessel-sitzmoebel-bueromoebel-neudoerfler_cd74fd1583a8469ca7fb5892b025fe6b\" \/><\/figure><\/div>\t\t\t<\/div>\n\t\t\t\t\t\t\t\t\t\t\t\t<div class=\"elementor-swiper-button elementor-swiper-button-prev\" role=\"button\" tabindex=\"0\">\n\t\t\t\t\t\t<i aria-hidden=\"true\" class=\"eicon-chevron-left\"><\/i>\t\t\t\t\t<\/div>\n\t\t\t\t\t<div class=\"elementor-swiper-button elementor-swiper-button-next\" role=\"button\" tabindex=\"0\">\n\t\t\t\t\t\t<i aria-hidden=\"true\" class=\"eicon-chevron-right\"><\/i>\t\t\t\t\t<\/div>\n\t\t\t\t\n\t\t\t\t\t\t\t\t\t<div class=\"swiper-pagination\"><\/div>\n\t\t\t\t\t\t\t\t\t<\/div>\n\t\t\t\t\t\t<\/div>\n\t\t\t\t<\/div>\n\t\t\t\t<div class=\"elementor-element elementor-element-603b2b8 elementor-widget elementor-widget-text-editor\" data-id=\"603b2b8\" data-element_type=\"widget\" data-widget_type=\"text-editor.default\">\n\t\t\t\t<div class=\"elementor-widget-container\">\n\t\t\t\t\t\t\t\t\t<h2><em>DESIGNING WORKSPACES, INSPIRING MINDS<\/em><\/h2><p>\u00a0<\/p>\t\t\t\t\t\t\t\t<\/div>\n\t\t\t\t<\/div>\n\t\t\t\t\t<\/div>\n\t\t<\/div>\n\t\t\t\t\t<\/div>\n\t\t<\/section>\n\t\t\t\t<section class=\"elementor-section elementor-top-section elementor-element elementor-element-044208a elementor-section-boxed elementor-section-height-default elementor-section-height-default\" data-id=\"044208a\" data-element_type=\"section\">\n\t\t\t\t\t\t<div class=\"elementor-container elementor-column-gap-default\">\n\t\t\t\t\t<div class=\"elementor-column elementor-col-50 elementor-top-column elementor-element elementor-element-71d969e\" data-id=\"71d969e\" data-element_type=\"column\">\n\t\t\t<div class=\"elementor-widget-wrap elementor-element-populated\">\n\t\t\t\t\t\t<div class=\"elementor-element elementor-element-97c86ff elementor-widget elementor-widget-text-editor\" data-id=\"97c86ff\" data-element_type=\"widget\" data-widget_type=\"text-editor.default\">\n\t\t\t\t<div class=\"elementor-widget-container\">\n\t\t\t\t\t\t\t\t\t<p>\u00a0<u>Unsere PartnerInnen sind:<\/u><\/p><ul><li><a href=\"http:\/\/www.schulenbfi.at\">schulenbfi.at<\/a><\/li><li><a href=\"http:\/\/www.neudoerfler.com\">neudoerfler.com<\/a><\/li><li><a href=\"http:\/\/www.act.at\">act.at<\/a><\/li><li><a href=\"http:\/\/www.bfi.wien\">bfi.wien<\/a><\/li><\/ul>\t\t\t\t\t\t\t\t<\/div>\n\t\t\t\t<\/div>\n\t\t\t\t\t<\/div>\n\t\t<\/div>\n\t\t\t\t<div class=\"elementor-column elementor-col-50 elementor-top-column elementor-element elementor-element-d66971c\" data-id=\"d66971c\" data-element_type=\"column\">\n\t\t\t<div class=\"elementor-widget-wrap elementor-element-populated\">\n\t\t\t\t\t\t<div class=\"elementor-element elementor-element-b9ac0ef elementor-widget elementor-widget-text-editor\" data-id=\"b9ac0ef\" data-element_type=\"widget\" data-widget_type=\"text-editor.default\">\n\t\t\t\t<div class=\"elementor-widget-container\">\n\t\t\t\t\t\t\t\t\t<p><span style=\"color: #ffffff;\"><u>Weitere \u00dcbungsfirmen der kaufm\u00e4nnischen Schulen des BFI Wien sind:<\/u><\/span><\/p><ul><li><a href=\"http:\/\/acent.schulenbfi.eu\">acent.schulenbfi.eu<\/a><\/li><li><a href=\"http:\/\/www.fit4fun2.webnode.at\/\">http:\/\/www.fit4fun2.webnode.at\/<\/a><\/li><li><a href=\"http:\/\/fbi.schulenbfi.eu\">fbi.schulenbfi.eu<\/a><\/li><li><a href=\"http:\/\/sxsberatung.weebly.com\">sxsberatung.weebly.com<\/a><\/li><li><a href=\"http:\/\/netbookstore.schulenbfi.eu\">netbookstore.schulenbfi.eu<\/a><\/li><li><a href=\"http:\/\/msm.schulenbfi.eu\">msm.schulenbfi.eu<\/a><\/li><\/ul>\t\t\t\t\t\t\t\t<\/div>\n\t\t\t\t<\/div>\n\t\t\t\t\t<\/div>\n\t\t<\/div>\n\t\t\t\t\t<\/div>\n\t\t<\/section>\n\t\t\t\t<section class=\"elementor-section elementor-top-section elementor-element elementor-element-c714f7d elementor-section-boxed elementor-section-height-default elementor-section-height-default\" data-id=\"c714f7d\" data-element_type=\"section\">\n\t\t\t\t\t\t<div class=\"elementor-container elementor-column-gap-default\">\n\t\t\t\t\t<div class=\"elementor-column elementor-col-100 elementor-top-column elementor-element elementor-element-1e296c2\" data-id=\"1e296c2\" data-element_type=\"column\">\n\t\t\t<div class=\"elementor-widget-wrap elementor-element-populated\">\n\t\t\t\t\t\t<div class=\"elementor-element elementor-element-39d33f1 elementor-widget elementor-widget-text-editor\" data-id=\"39d33f1\" data-element_type=\"widget\" data-widget_type=\"text-editor.default\">\n\t\t\t\t<div class=\"elementor-widget-container\">\n\t\t\t\t\t\t\t\t\t<p><strong>Achtung: Dies ist die Homepage einer \u00dcbungsfirma der kaufm\u00e4nnischen Schulen des BFI Wien! Es erfolgt keine reale Gesch\u00e4ftsabwicklung!<\/strong><\/p>\t\t\t\t\t\t\t\t<\/div>\n\t\t\t\t<\/div>\n\t\t\t\t\t<\/div>\n\t\t<\/div>\n\t\t\t\t\t<\/div>\n\t\t<\/section>\n\t\t\t\t<\/div>\n\t\t","protected":false},"excerpt":{"rendered":"<p>Willkommen bei der \u00dcbungsfirma Office Design Vienna GmbH! Sie suchen nachhaltige, h\u00f6chst qualitative B\u00fcroprodukte? Eine professionelle Beratung ist f\u00fcr Sie entscheidend? Dann sind Sie bei uns genau richtig, denn genau das und noch viel mehr erwartet Sie bei uns! Wir verkaufen hochwertige Designer \u2013 B\u00fcrom\u00f6bel und B\u00fcroaccessoires unserer Partnerfirma Neud\u00f6rfler Office Systems GmbH. \u00a0 Marketplace [&hellip;]<\/p>\n","protected":false},"author":2,"featured_media":0,"parent":0,"menu_order":0,"comment_status":"closed","ping_status":"closed","template":"","meta":{"footnotes":""},"class_list":["post-10","page","type-page","status-publish","hentry"],"_links":{"self":[{"href":"http:\/\/www.schulenbfi.eu\/odv\/wp-json\/wp\/v2\/pages\/10","targetHints":{"allow":["GET"]}}],"collection":[{"href":"http:\/\/www.schulenbfi.eu\/odv\/wp-json\/wp\/v2\/pages"}],"about":[{"href":"http:\/\/www.schulenbfi.eu\/odv\/wp-json\/wp\/v2\/types\/page"}],"author":[{"embeddable":true,"href":"http:\/\/www.schulenbfi.eu\/odv\/wp-json\/wp\/v2\/users\/2"}],"replies":[{"embeddable":true,"href":"http:\/\/www.schulenbfi.eu\/odv\/wp-json\/wp\/v2\/comments?post=10"}],"version-history":[{"count":104,"href":"http:\/\/www.schulenbfi.eu\/odv\/wp-json\/wp\/v2\/pages\/10\/revisions"}],"predecessor-version":[{"id":764,"href":"http:\/\/www.schulenbfi.eu\/odv\/wp-json\/wp\/v2\/pages\/10\/revisions\/764"}],"wp:attachment":[{"href":"http:\/\/www.schulenbfi.eu\/odv\/wp-json\/wp\/v2\/media?parent=10"}],"curies":[{"name":"wp","href":"https:\/\/api.w.org\/{rel}","templated":true}]}}