{"id":28,"date":"2023-09-06T21:12:31","date_gmt":"2023-09-06T19:12:31","guid":{"rendered":"http:\/\/www.schulenbfi.eu\/netbookstore\/?page_id=28"},"modified":"2025-11-26T15:56:43","modified_gmt":"2025-11-26T14:56:43","slug":"impressum","status":"publish","type":"page","link":"http:\/\/www.schulenbfi.eu\/netbookstore\/impressum\/","title":{"rendered":"Impressum"},"content":{"rendered":"\t\t<div data-elementor-type=\"wp-page\" data-elementor-id=\"28\" class=\"elementor elementor-28\">\n\t\t\t\t<div class=\"elementor-element elementor-element-521ed9 e-flex e-con-boxed e-con e-parent\" data-id=\"521ed9\" data-element_type=\"container\">\n\t\t\t\t\t<div class=\"e-con-inner\">\n\t\t\t\t<div class=\"elementor-element elementor-element-1e316829 elementor-widget elementor-widget-text-editor\" data-id=\"1e316829\" data-element_type=\"widget\" data-widget_type=\"text-editor.default\">\n\t\t\t\t<div class=\"elementor-widget-container\">\n\t\t\t\t\t\t\t<p>\u00a0<\/p>\n<h2 data-start=\"121\" data-end=\"169\"><strong data-start=\"121\" data-end=\"169\">@netbookstore GmbH \u2013 Buchhandel<\/strong><\/h2>\n<p class=\"\" data-start=\"171\" data-end=\"210\"><strong>Adresse:<\/strong> Margaretenstra\u00dfe 65, 1050 Wien<\/p>\n<p class=\"\" data-start=\"212\" data-end=\"237\"><strong>Telefon:<\/strong> +43 699 16862186<\/p>\n<p class=\"\" data-start=\"239\" data-end=\"360\">(Achtung: Kein durchgehender Kundendienst! Kontakt w\u00e4hrend unserer \u00dcbungsfirmenzeiten jeden Mitwoch von 13:15 \u2013 16:40 Uhr)<\/p>\n<p class=\"\" data-start=\"362\" data-end=\"442\"><strong>Website:<\/strong> <span style=\"text-decoration: underline; color: #008000;\"><a style=\"color: #008000; text-decoration: underline;\" target=\"_new\" rel=\"noopener\" data-start=\"371\" data-end=\"442\">netbookstore.schulenbfi.eu<\/a><\/span><\/p>\n<p class=\"\" data-start=\"444\" data-end=\"485\"><strong>E-Mail:<\/strong> <span style=\"text-decoration: underline; color: #008000;\"><a style=\"color: #008000; text-decoration: underline;\" rel=\"noopener\" data-start=\"452\" data-end=\"485\">netbookstore1497@uebungsfirmen.at<\/a><\/span><\/p>\n<p class=\"\" data-start=\"487\" data-end=\"578\"><strong data-start=\"487\" data-end=\"535\">Vertretungsberechtigte Gesch\u00e4ftsf\u00fchrer\/innen<\/strong>: Mag. Susanna Traunfellner, Mag. Christian Aigner<\/p>\n<p class=\"\" data-start=\"580\" data-end=\"612\"><strong data-start=\"580\" data-end=\"599\">Registergericht<\/strong>: ACT Gericht<\/p>\n<p class=\"\" data-start=\"614\" data-end=\"638\"><strong data-start=\"614\" data-end=\"625\">UID Nr.<\/strong>: ATU10149748<\/p>\n<p class=\"\" data-start=\"640\" data-end=\"666\"><strong data-start=\"640\" data-end=\"660\">Firmenbuchnummer<\/strong>: 1497<\/p>\n<p data-start=\"640\" data-end=\"666\"><strong>Unternehmensgegenstand: <\/strong>Handel mit B\u00fcchern, ebookreadern und ebooks<\/p>\n<p class=\"\" data-start=\"668\" data-end=\"766\"><strong data-start=\"668\" data-end=\"696\">Betreiber dieser Website<\/strong>:<br data-start=\"697\" data-end=\"700\" \/>\u00dcbungsfirma der 3. Klasse HAS der HAK\/HAS der Schulen des BFI Wien<\/p>\n<p class=\"\" data-start=\"768\" data-end=\"793\"><strong data-start=\"768\" data-end=\"793\">Grundlegende Richtung<\/strong><\/p>\n<p class=\"\" data-start=\"795\" data-end=\"1073\">Auf unserer Website befinden sich Informationen sowie Angebote von unserer \u00dcbungsfirma. Ziel ist es, einen Einblick in das zuk\u00fcnftige Berufsleben zu bekommen und Erfahrung im wirtschaftlichen Bereich zu sammeln. Dies ist eine \u00dcbungsfirma, es werden keine echten Waren gehandelt!<\/p>\n<p class=\"\" data-start=\"1075\" data-end=\"1097\"><strong data-start=\"1075\" data-end=\"1097\">Haftungsausschluss<\/strong><\/p>\n<p class=\"\" data-start=\"1099\" data-end=\"1295\">Alle ver\u00f6ffentlichten Inhalte wurden eigenst\u00e4ndig erstellt und dienen nur zum Zwecke des Marketings. F\u00fcr Sch\u00e4den, die sich aus der Verwendung dieser Website ergeben, wird keine Haftung \u00fcbernommen.<\/p>\n<p class=\"\" data-start=\"1297\" data-end=\"1307\"><strong data-start=\"1297\" data-end=\"1307\">Bilder<\/strong><\/p>\n<p class=\"\" data-start=\"1309\" data-end=\"1475\">Die Bilder der Website entstanden zum Gro\u00dfteil im Rahmen des Unterrichts. Fotos von Mitarbeiter\/innen und von den Produkten wurden mit der Kamera der Schule erstellt.<\/p>\n<p class=\"\" data-start=\"1477\" data-end=\"1493\"><strong data-start=\"1477\" data-end=\"1493\">Urheberrecht<\/strong><\/p>\n<p class=\"\" data-start=\"1495\" data-end=\"1858\">Die Inhalte unserer Website (Texte, Bilder und Grafiken) wurden von unserer Schule (Lehrern und Sch\u00fclern) selbst erstellt. Sollte dennoch eine unbeabsichtigte Urheberrechtsverletzung vorliegen, werden wir das entsprechende Objekt sofort nach Benachrichtigung entfernen bzw. nach allf\u00e4lliger Vereinbarung mit den entsprechenden Urheberrechtsvermerken kennzeichnen.<\/p>\n<!-- wp:paragraph --><!-- \/wp:paragraph -->\t\t\t\t\t\t<\/div>\n\t\t\t\t<\/div>\n\t\t\t\t\t<\/div>\n\t\t\t\t<\/div>\n\t\t\t\t<\/div>\n\t\t","protected":false},"excerpt":{"rendered":"<p>\u00a0 @netbookstore GmbH \u2013 Buchhandel Adresse: Margaretenstra\u00dfe 65, 1050 Wien Telefon: +43 699 16862186 (Achtung: Kein durchgehender Kundendienst! Kontakt w\u00e4hrend unserer \u00dcbungsfirmenzeiten jeden Mitwoch von 13:15 \u2013 16:40 Uhr) Website: netbookstore.schulenbfi.eu E-Mail: netbookstore1497@uebungsfirmen.at Vertretungsberechtigte Gesch\u00e4ftsf\u00fchrer\/innen: Mag. Susanna Traunfellner, Mag. Christian Aigner Registergericht: ACT Gericht UID Nr.: ATU10149748 Firmenbuchnummer: 1497 Unternehmensgegenstand: Handel mit B\u00fcchern, ebookreadern und [&hellip;]<\/p>\n","protected":false},"author":3,"featured_media":0,"parent":0,"menu_order":0,"comment_status":"closed","ping_status":"closed","template":"","meta":{"footnotes":""},"class_list":["post-28","page","type-page","status-publish","hentry"],"_links":{"self":[{"href":"http:\/\/www.schulenbfi.eu\/netbookstore\/wp-json\/wp\/v2\/pages\/28","targetHints":{"allow":["GET"]}}],"collection":[{"href":"http:\/\/www.schulenbfi.eu\/netbookstore\/wp-json\/wp\/v2\/pages"}],"about":[{"href":"http:\/\/www.schulenbfi.eu\/netbookstore\/wp-json\/wp\/v2\/types\/page"}],"author":[{"embeddable":true,"href":"http:\/\/www.schulenbfi.eu\/netbookstore\/wp-json\/wp\/v2\/users\/3"}],"replies":[{"embeddable":true,"href":"http:\/\/www.schulenbfi.eu\/netbookstore\/wp-json\/wp\/v2\/comments?post=28"}],"version-history":[{"count":23,"href":"http:\/\/www.schulenbfi.eu\/netbookstore\/wp-json\/wp\/v2\/pages\/28\/revisions"}],"predecessor-version":[{"id":491,"href":"http:\/\/www.schulenbfi.eu\/netbookstore\/wp-json\/wp\/v2\/pages\/28\/revisions\/491"}],"wp:attachment":[{"href":"http:\/\/www.schulenbfi.eu\/netbookstore\/wp-json\/wp\/v2\/media?parent=28"}],"curies":[{"name":"wp","href":"https:\/\/api.w.org\/{rel}","templated":true}]}}