{"id":24,"date":"2023-09-06T21:11:58","date_gmt":"2023-09-06T19:11:58","guid":{"rendered":"http:\/\/www.schulenbfi.eu\/netbookstore\/?page_id=24"},"modified":"2025-11-26T16:13:10","modified_gmt":"2025-11-26T15:13:10","slug":"geschaeftsbedingungen","status":"publish","type":"page","link":"http:\/\/www.schulenbfi.eu\/netbookstore\/geschaeftsbedingungen\/","title":{"rendered":"Gesch\u00e4ftsbedingungen"},"content":{"rendered":"\t\t<div data-elementor-type=\"wp-page\" data-elementor-id=\"24\" class=\"elementor elementor-24\">\n\t\t\t\t<div class=\"elementor-element elementor-element-8122aa6 e-flex e-con-boxed e-con e-parent\" data-id=\"8122aa6\" data-element_type=\"container\" data-settings=\"{&quot;background_background&quot;:&quot;gradient&quot;}\">\n\t\t\t\t\t<div class=\"e-con-inner\">\n\t\t\t\t<div class=\"elementor-element elementor-element-93085bd elementor-widget__width-inherit elementor-widget elementor-widget-text-editor\" data-id=\"93085bd\" data-element_type=\"widget\" data-widget_type=\"text-editor.default\">\n\t\t\t\t<div class=\"elementor-widget-container\">\n\t\t\t\t\t\t\t<h3 style=\"text-align: left;\"><strong>Medieninhaber: Netbookstore GesmbH, \u00d6sterreich (Wien); Handel mit B\u00fcchern, E-Books und E-Book-Reader aller Art.<\/strong><\/h3><p><strong>Zust\u00e4ndige Aufsichtsbeh\u00f6rde: ACT<\/strong><\/p><ul><li style=\"text-align: left;\">Das Webportal dient der Bewerbung und dem Verkauf von uns vertriebener Waren und Dienstleistungen sowie der Darstellung\u00a0unseres Unternehmens.<\/li><li style=\"text-align: left;\">Anwendbare Vorschriften insbesondere: Gewerbeordung 1994, Unternehmensgesetzbuch, abrufbar unter: ww.ris.bka.gv.at.<\/li><\/ul><p><strong>G\u00fcltigkeit der Vertragsbedingungen<\/strong><\/p><ul><li style=\"text-align: left;\">Der Verk\u00e4ufer ist eine \u00dcbungsfirma und bietet seine Leistung ausschlie\u00dflich aufgrund der nachfolgenden Gesch\u00e4ftsbedingungen an. Es erfolgt keine reale Lieferung. Infos zu \u00dcbungsfirmen siehe: www.act.at<br \/>Den Allgemeinen Gesch\u00e4ftsbedingungen des K\u00e4ufers werden hiermit widersprochen.<\/li><li style=\"text-align: left;\">Abweichungen von den Vertragsbedingungen des Verk\u00e4ufers sind nur wirksam, wenn er sie schriftlich best\u00e4tigt.<\/li><li style=\"text-align: left;\">Unsere Angaben in Prospekten, Anzeigen, Katalogen, auf Internet-Web-Seiten unter anderem sind unverbindlich, Preise sind freibleibend. Preis\u00e4nderungen aufgrund von \u00c4nderungen bei Z\u00f6llen, Ein- und Ausfuhrgeb\u00fchren, Devisenkursen etc. bleiben vorbehalten.<\/li><li style=\"text-align: left;\">Ein Vertrag kommt erst durch eine schriftliche Auftragsbest\u00e4tigung (E-Mail gen\u00fcgt) zustande.<\/li><li style=\"text-align: left;\">Der K\u00e4ufer anerkennt den Urheberrechtsschutz und die Gew\u00e4hrleistungsbedingungen mit dem \u00d6ffnen der Orginalverpackung.<\/li><li style=\"text-align: left;\">\u00c4nderung und Erg\u00e4nzungen des Vertrages gelten nur, wenn der Verk\u00e4ufer sie anerkennt<strong>.<\/strong><\/li><\/ul><p><strong>Versand und Teillieferung<\/strong><\/p><ul><li style=\"text-align: left;\">Der Versand der B\u00fccher erfolgt an die vom K\u00e4ufer angegebene Adresse, dem Verk\u00e4ufer bleibt die Wahl des Versandwegs und der Versandart vorbehalten, vorbehaltlich anderweitiger Bestimmungen des K\u00e4ufers.<\/li><li style=\"text-align: left;\">Teillieferungen sind zul\u00e4ssig und gelten als selbst\u00e4ndige Lieferungen.<\/li><li style=\"text-align: left;\">Der Versand erfolgt \u00fcber ACT Transportdienste auf Kosten des Kunden.<\/li><\/ul><p><strong>Preise und Zahlungsbedingungen<\/strong><\/p><ul><li style=\"text-align: left;\">Die Preisangaben im Webshop verstehen sich netto zuz\u00fcglich gesetzlicher Mehrwertsteuer, wenn nicht anders ausgewiesen.<\/li><li style=\"text-align: left;\">Zus\u00e4tzlich hat der K\u00e4ufer anfallende Versandkosten und eventuelle Versicherung zu tragen.<\/li><li style=\"text-align: left;\">Der Kaufpreis ist, sofern im Vertrag nicht anders vereinbart, im Voraus oder per Nachnahme zahlen.<\/li><li style=\"text-align: left;\">Im Falle des Verzuges des K\u00e4ufers ist der Verk\u00e4ufer berechtigt, s\u00e4mtliche Lieferungen an den K\u00e4ufer, auch aus anderen Vertragsverh\u00e4ltnissen, zu verweigern.<\/li><li style=\"text-align: left;\">Ein Zur\u00fcckbehaltungsrecht des K\u00e4ufers ist ausgeschlossen, soweit es sich nicht auf dasselbe Vertragsverh\u00e4ltnis st\u00fctzt.<\/li><li style=\"text-align: left;\">Liefertermine gelten nur bei schriftlicher Vereinbarung.<\/li><li style=\"text-align: left;\">Die Lieferung erfolgt, sofern nicht anders vereinbart, binnen 30 Tagen ab der Bestellung.<\/li><li style=\"text-align: left;\">Die Lieferzeit verl\u00e4ngert sich angemessen bei Ma\u00dfnahmen im Rahmen von Arbeitsausf\u00e4llen (Streik\/Aussperrung), gesetzlicher und beh\u00f6rdlicher Anordnung (Import\/Exportbeschr\u00e4nkungen), h\u00f6herer Gewalt.<\/li><li style=\"text-align: left;\">Der K\u00e4ufer hat das Recht, bei Verzug des Verk\u00e4ufers zur\u00fcckzutreten.<\/li><li style=\"text-align: left;\">Weitergehende Schadensersatzanspr\u00fcche sind, soweit den Verk\u00e4ufer nicht Vorsatz oder grobe Fahrl\u00e4ssigkeit trifft, ausgeschlossen.<\/li><\/ul><p style=\"text-align: left;\"><strong><br \/>R\u00fccktrittsrecht<\/strong><\/p><ul><li style=\"text-align: left;\">Der K\u00e4ufer ist an seine Bestellung nicht mehr gebunden, wenn er die Ware binnen einer Frist von sieben Werktagen nach Erhalt der Ware auf unsere Kosten(bis EUR 40 auf Kosten des K\u00e4ufers) und auf unsere Gefahr zur\u00fccksendet.<\/li><li style=\"text-align: left;\">Zur Fristwahrung gen\u00fcgt die rechtzeitige Absendung an @netbookstore.<\/li><li style=\"text-align: left;\">Das R\u00fcckgaberecht besteht nicht bei versiegelter Ware, sofern die versiegelte Verpackung ge\u00f6ffnet oder besch\u00e4digt wurde.<\/li><li style=\"text-align: left;\">Dieses R\u00fcckgaberecht gilt ausschlie\u00dflich f\u00fcr Vertrag, die zwischen @netbookstore und einem Verbraucher abgeschlossen werden.<\/li><\/ul><p><strong>Eigentumsvorbehalt und Zahlungsverzug<\/strong><\/p><ul><li style=\"text-align: left;\">Dem Verk\u00e4ufer bleibt das Eigentum an der Ware bis zur vollst\u00e4ndigen Bezahlungen aller Forderungen einschlie\u00dflich Nebenforderungen vorbehalten.<\/li><li style=\"text-align: left;\">Bei vertragwidrigen Verhalten des K\u00e4ufers ist der Verk\u00e4ufer berechtigt, die Ware auf seine Kosten zur\u00fcckzuverlangen.<\/li><li style=\"text-align: left;\">Darin liegt kein R\u00fccktritt vom Vertrag.<\/li><li style=\"text-align: left;\">Der K\u00e4ufer darf \u00fcber die Vorbehaltsware nicht verf\u00fcgen.<\/li><li style=\"text-align: left;\">Kommt der Kunde nicht vereinbarungsgem\u00e4\u00df der Zahlungsverpflichtung nach, so ist @netbookstore berechtigt Verzugszinsen in der H\u00f6he von 5% \u00fcber dem von der Europ\u00e4ischen Zentralbank in Frankfurt verlautbarten Basiszinssatz p.a. zu fordern. http:\/\/ezb-zinssatz.de\/<\/li><\/ul><p style=\"text-align: left;\"><strong>Gew\u00e4hrleistung\/Haftung<\/strong><\/p><ul><li style=\"text-align: left;\">Der Verk\u00e4ufer gew\u00e4hrleistet die Brauchbarkeit der Ware nach Ma\u00dfgabe der von ihm herausgegeben und zum Zeitpunkt der Auslieferung an den K\u00e4ufer g\u00fcltigen Warenbeschreibung.<\/li><li style=\"text-align: left;\">Eine unerhebliche Minderung der Brauchbarkeit bleibt au\u00dfer Betracht, es sei denn, den Verk\u00e4ufer trifft Vorsatz oder grobe Fahrl\u00e4ssigkeit.<\/li><li style=\"text-align: left;\">F\u00fcr offensichtliche M\u00e4ngel gelten erg\u00e4nzend die Regeln im Kaufm\u00e4nnischen Verkehr.<\/li><li style=\"text-align: left;\">Die gesetzliche Gew\u00e4hrleistungsfrist betr\u00e4gt 24 Monate ab Lieferung soweit ein von Verk\u00e4ufer zu vertretender Mangel der Ware bekannt f\u00fchrt, ist der Verk\u00e4ufer seiner Wahl zur M\u00e4ngelbeseitigung oder Ersatzlieferung berechtigt.<\/li><li style=\"text-align: left;\">Er weist sich diese wiederum als fehlerhaft, kann der K\u00e4ufer nach Setzen einer angemessenen Nachfrist von mind.<\/li><li style=\"text-align: left;\">4 Wochen nach seiner Wahl Minderung oder Wandelung des Kaufvertrags verlangen.<\/li><li style=\"text-align: left;\">Weitergehende Haftungsanspr\u00fcche des K\u00e4ufers sind ausdr\u00fccklich ausgeschlossen, gleich aus welchem Rechtsgrund.<\/li><li style=\"text-align: left;\">Insbesondere haftet der Verk\u00e4ufer nicht f\u00fcr entgangenen Gewinn u.\u00e4. Vorstehende Haftungsbegrenzung gilt nicht f\u00fcr Konsumenten, sofern die Haftung auf Vorsatz oder grobe Fahrl\u00e4ssigkeit zur\u00fcckzuf\u00fchren ist.<\/li><\/ul><p style=\"text-align: left;\"><strong>Zustimmung zur Datenverarbeitung<\/strong><\/p><ul><li style=\"text-align: left;\">Der Kunde gibt seine Zustimmung zur elektronischen Datenverarbeitung im f\u00fcr die Abwicklung des Auftrags notwendigen Umfang.<\/li><\/ul><p style=\"text-align: left;\"><strong><br \/>Rechtsanwendung, Gerichtsstand, Salvatorische Klausel<\/strong><\/p><ul><li style=\"text-align: left;\">Es gilt \u00f6sterreichisches Recht und der Ausschluss des UN-Kaufrechts.<\/li><li style=\"text-align: left;\">Gerichtsstand gegen\u00fcber Kaufleuten, juristischen Personen des \u00f6ffentlichen Rechts oder \u00f6ffentlich-rechtlichem Sonderverm\u00f6gen ist das am Sitz von @netbookstore zust\u00e4ndige ACT-Gericht in Wien.<\/li><li style=\"text-align: left;\">Die Unwirksamkeit einzelner Bestimmungen dieser allgemeinen Gesch\u00e4ftsbedingungen oder des Kaufvertrages ber\u00fchren die Wirksamkeit der \u00fcbrigen Bestimmungen nicht. An Stelle der unwirksamen Bestimmung tritt die gesetzliche Regelung, bei Fehlen einer solchen eine, die dem Zweck am n\u00e4chsten kommt.<\/li><li style=\"text-align: left;\">Die Verpackung der Ware erfolgt durch die Hersteller.<\/li><li style=\"text-align: left;\">Die Kosten f\u00fcr die weitere Versandverpackung und die Entsorgung der Verpackung sind vom Besteller zu tragen.<\/li><\/ul>\t\t\t\t\t\t<\/div>\n\t\t\t\t<\/div>\n\t\t\t\t\t<\/div>\n\t\t\t\t<\/div>\n\t\t\t\t<\/div>\n\t\t","protected":false},"excerpt":{"rendered":"<p>Medieninhaber: Netbookstore GesmbH, \u00d6sterreich (Wien); Handel mit B\u00fcchern, E-Books und E-Book-Reader aller Art. Zust\u00e4ndige Aufsichtsbeh\u00f6rde: ACT Das Webportal dient der Bewerbung und dem Verkauf von uns vertriebener Waren und Dienstleistungen sowie der Darstellung\u00a0unseres Unternehmens. Anwendbare Vorschriften insbesondere: Gewerbeordung 1994, Unternehmensgesetzbuch, abrufbar unter: ww.ris.bka.gv.at. G\u00fcltigkeit der Vertragsbedingungen Der Verk\u00e4ufer ist eine \u00dcbungsfirma und bietet seine Leistung [&hellip;]<\/p>\n","protected":false},"author":3,"featured_media":0,"parent":0,"menu_order":0,"comment_status":"closed","ping_status":"closed","template":"","meta":{"footnotes":""},"class_list":["post-24","page","type-page","status-publish","hentry"],"_links":{"self":[{"href":"http:\/\/www.schulenbfi.eu\/netbookstore\/wp-json\/wp\/v2\/pages\/24","targetHints":{"allow":["GET"]}}],"collection":[{"href":"http:\/\/www.schulenbfi.eu\/netbookstore\/wp-json\/wp\/v2\/pages"}],"about":[{"href":"http:\/\/www.schulenbfi.eu\/netbookstore\/wp-json\/wp\/v2\/types\/page"}],"author":[{"embeddable":true,"href":"http:\/\/www.schulenbfi.eu\/netbookstore\/wp-json\/wp\/v2\/users\/3"}],"replies":[{"embeddable":true,"href":"http:\/\/www.schulenbfi.eu\/netbookstore\/wp-json\/wp\/v2\/comments?post=24"}],"version-history":[{"count":22,"href":"http:\/\/www.schulenbfi.eu\/netbookstore\/wp-json\/wp\/v2\/pages\/24\/revisions"}],"predecessor-version":[{"id":501,"href":"http:\/\/www.schulenbfi.eu\/netbookstore\/wp-json\/wp\/v2\/pages\/24\/revisions\/501"}],"wp:attachment":[{"href":"http:\/\/www.schulenbfi.eu\/netbookstore\/wp-json\/wp\/v2\/media?parent=24"}],"curies":[{"name":"wp","href":"https:\/\/api.w.org\/{rel}","templated":true}]}}