{"id":18,"date":"2023-09-06T21:10:53","date_gmt":"2023-09-06T19:10:53","guid":{"rendered":"http:\/\/www.schulenbfi.eu\/netbookstore\/?page_id=18"},"modified":"2025-11-26T15:08:11","modified_gmt":"2025-11-26T14:08:11","slug":"leitbild","status":"publish","type":"page","link":"http:\/\/www.schulenbfi.eu\/netbookstore\/leitbild\/","title":{"rendered":"Leitbild"},"content":{"rendered":"\t\t<div data-elementor-type=\"wp-page\" data-elementor-id=\"18\" class=\"elementor elementor-18\">\n\t\t\t\t<div class=\"elementor-element elementor-element-b70ce1d e-flex e-con-boxed e-con e-parent\" data-id=\"b70ce1d\" data-element_type=\"container\">\n\t\t\t\t\t<div class=\"e-con-inner\">\n\t\t\t\t<div class=\"elementor-element elementor-element-a2e77cf elementor-widget elementor-widget-text-editor\" data-id=\"a2e77cf\" data-element_type=\"widget\" data-widget_type=\"text-editor.default\">\n\t\t\t\t<div class=\"elementor-widget-container\">\n\t\t\t\t\t\t\t<p>Unser Unternehmen @netbookstore GmbH ist eine \u00f6sterreichische \u00dcbungsfirma. Wir bieten weltweit f\u00fcr die Kund\/innen verschiedene B\u00fccher, ebooks und ebook reader an. Zus\u00e4tzlich gibt es f\u00fcr besondere Anl\u00e4ssen dementsprechende Sonderangebote.<\/p><h4><span style=\"color: #333333;\"><strong>Auftrag<\/strong><\/span><\/h4><p>Wir bieten als Fachh\u00e4ndler unseren Kund\/innen ausgew\u00e4hlte B\u00fccher an. Wir sind immer bem\u00fcht, unsere\u00a0Kund\/innen\u00a0ausreichend zu informieren und schnell zu beliefern. Auf die Kundenberatung legen wir ebenfalls sehr gro\u00dfen Wert. Nat\u00fcrlich m\u00f6chten wir, dass unsere Kund\/innen\u00a0immer zufrieden sind und die W\u00fcnsche der Kunden bestm\u00f6glich erf\u00fcllt werden.<\/p><h4><span style=\"color: #333333;\"><strong>Vision<\/strong><\/span><\/h4><p>F\u00fcr unsere Kund\/innen\u00a0stecken wir unsere Ziele h\u00f6her, damit die Qualit\u00e4t unserer Waren und Dienste immer Weltklasse ist. Wir sehen uns als einer der besten Anbieter f\u00fcr B\u00fccher. Wir sind der Top Buchanbieter an den Schulen des BFI Wien. Durch neue Produkte erweitern wir unser Sortiment und versuchen, unsere Produkte am Markt interessanter zu gestalten.<\/p><h4><span style=\"color: #333333;\"><strong>Nachhaltigkeit<\/strong><\/span><\/h4><p>F\u00fcr unser Unternehmen ist Nachhaltigkeit sehr wichtig. Wir produzieren keine Flyer und Kataloge, sondern bieten unsere Produkte nur online in unserem Marketplace an. Wir versuchen Ausdrucke gro\u00dfteils zu vermeiden. Sind diese dennoch n\u00f6tig, drucken wir sie beidseitig aus um Papier zu sparen. In Zukunft wollen wir unser Sortiment im Bereich der e-books weiter ausbauen.\u00a0<\/p><p>Auch in unserem BWZ steht Nachhaltigkeit an oberster Stelle: unsere Dosen und Plastikfalschen werden recycelt &#8211; wenn m\u00f6glich bringen wir selbst unsere Wasserflaschen mit. Auch achten wir auf M\u00fclltrennung im BWZ.<\/p><h4><span style=\"color: #333333;\"><strong>\u00a0Wir sprechen viele Sprachen<\/strong><\/span><\/h4><p>\u00a0Wir sind ein internationales Team. F\u00fcr uns spielen Sprachen eine gro\u00dfe Rolle. Kund\/innen und Lieferant\/innen k\u00f6nnen daher in folgenden Sprachen mit uns kommunizieren:<\/p><ul><li>Deutsch<\/li><li>Englisch<\/li><li>T\u00fcrkisch\u00a0<\/li><li>Serbisch<\/li><li>Kroatisch<\/li><li>Dari\u00a0<\/li><li>Farsi<\/li><li>Arabisch<\/li><li>Rum\u00e4nisch<\/li><li>Bosnisch<\/li><li>Spanisch<\/li><li>Somalisch<\/li><\/ul><p>\u00a0Teamarbeit ist sehr wichtig in unserem Unternehmen. Sie f\u00fchrt zu \u00fcberdurchschnittlichen Leistungen und vielen positiven menschlichen Erfahrungen.<\/p>\t\t\t\t\t\t<\/div>\n\t\t\t\t<\/div>\n\t\t\t\t\t<\/div>\n\t\t\t\t<\/div>\n\t\t\t\t<\/div>\n\t\t","protected":false},"excerpt":{"rendered":"<p>Unser Unternehmen @netbookstore GmbH ist eine \u00f6sterreichische \u00dcbungsfirma. Wir bieten weltweit f\u00fcr die Kund\/innen verschiedene B\u00fccher, ebooks und ebook reader an. Zus\u00e4tzlich gibt es f\u00fcr besondere Anl\u00e4ssen dementsprechende Sonderangebote. Auftrag Wir bieten als Fachh\u00e4ndler unseren Kund\/innen ausgew\u00e4hlte B\u00fccher an. Wir sind immer bem\u00fcht, unsere\u00a0Kund\/innen\u00a0ausreichend zu informieren und schnell zu beliefern. Auf die Kundenberatung legen wir [&hellip;]<\/p>\n","protected":false},"author":3,"featured_media":0,"parent":0,"menu_order":0,"comment_status":"closed","ping_status":"closed","template":"","meta":{"footnotes":""},"class_list":["post-18","page","type-page","status-publish","hentry"],"_links":{"self":[{"href":"http:\/\/www.schulenbfi.eu\/netbookstore\/wp-json\/wp\/v2\/pages\/18","targetHints":{"allow":["GET"]}}],"collection":[{"href":"http:\/\/www.schulenbfi.eu\/netbookstore\/wp-json\/wp\/v2\/pages"}],"about":[{"href":"http:\/\/www.schulenbfi.eu\/netbookstore\/wp-json\/wp\/v2\/types\/page"}],"author":[{"embeddable":true,"href":"http:\/\/www.schulenbfi.eu\/netbookstore\/wp-json\/wp\/v2\/users\/3"}],"replies":[{"embeddable":true,"href":"http:\/\/www.schulenbfi.eu\/netbookstore\/wp-json\/wp\/v2\/comments?post=18"}],"version-history":[{"count":31,"href":"http:\/\/www.schulenbfi.eu\/netbookstore\/wp-json\/wp\/v2\/pages\/18\/revisions"}],"predecessor-version":[{"id":468,"href":"http:\/\/www.schulenbfi.eu\/netbookstore\/wp-json\/wp\/v2\/pages\/18\/revisions\/468"}],"wp:attachment":[{"href":"http:\/\/www.schulenbfi.eu\/netbookstore\/wp-json\/wp\/v2\/media?parent=18"}],"curies":[{"name":"wp","href":"https:\/\/api.w.org\/{rel}","templated":true}]}}