{"id":15,"date":"2023-09-06T21:10:04","date_gmt":"2023-09-06T19:10:04","guid":{"rendered":"http:\/\/www.schulenbfi.eu\/netbookstore\/?page_id=15"},"modified":"2025-11-26T15:53:01","modified_gmt":"2025-11-26T14:53:01","slug":"wir-stellen-uns-vor","status":"publish","type":"page","link":"http:\/\/www.schulenbfi.eu\/netbookstore\/wir-stellen-uns-vor\/","title":{"rendered":"Business Profile"},"content":{"rendered":"\t\t<div data-elementor-type=\"wp-page\" data-elementor-id=\"15\" class=\"elementor elementor-15\">\n\t\t\t\t<div class=\"elementor-element elementor-element-0343cf8 e-flex e-con-boxed e-con e-parent\" data-id=\"0343cf8\" data-element_type=\"container\">\n\t\t\t\t\t<div class=\"e-con-inner\">\n\t\t\t\t<div class=\"elementor-element elementor-element-4f3942c elementor-widget elementor-widget-text-editor\" data-id=\"4f3942c\" data-element_type=\"widget\" data-widget_type=\"text-editor.default\">\n\t\t\t\t<div class=\"elementor-widget-container\">\n\t\t\t\t\t\t\t<p>Die \u00dcbungsfirma netbookstore GmbH wurde im Schuljahr 2003 gegr\u00fcndet. Die Entscheidung f\u00fcr einen Buchhandel ist nach eingehender Recherche auf dem damaligen \u00dcbungsfirmenmarkt gefallen: es gab nur wenige Firmen im ACT Firmenbuch, die damals mit B\u00fcchern gehandelt haben. Mittlerweile haben wir unser Sortiment um E-Books und E-Book-Reader erweitert.<\/p><p>Leider haben wir im Augenblick keine Partnerfirma.<\/p><p>Mittels digitalem Verkaufsinstrument <a href=\"https:\/\/marketplace.penworldwide.org\/?enterprisePenCode=AT010001497\" target=\"_blank\" rel=\"noopener\">MARKETPLACE <\/a>werden B\u00fccher, E-Books und E-Book-Reader vertrieben.<\/p><p>Zur Kundengruppe z\u00e4hlen alle \u00dcbungsfirmen am \u00f6sterreichischen Markt aber auch \u00dcbungsfirmen in anderen europ\u00e4ischen L\u00e4ndern.<\/p><p>Unser Lieferant f\u00fcr unsere Handelswaren ist die \u00dcbungsfirma Bideco.<\/p><p>Alle anderen Produkte und Investitionsg\u00fcter beziehen wir \u00fcber Angebote auf dem \u00dcbungsfirmenmarkt.<\/p>\t\t\t\t\t\t<\/div>\n\t\t\t\t<\/div>\n\t\t\t\t\t<\/div>\n\t\t\t\t<\/div>\n\t\t<div class=\"elementor-element elementor-element-66358c8 e-flex e-con-boxed e-con e-parent\" data-id=\"66358c8\" data-element_type=\"container\">\n\t\t\t\t\t<div class=\"e-con-inner\">\n\t\t\t\t<div class=\"elementor-element elementor-element-8c8cf27 elementor-widget elementor-widget-image\" data-id=\"8c8cf27\" data-element_type=\"widget\" data-widget_type=\"image.default\">\n\t\t\t\t<div class=\"elementor-widget-container\">\n\t\t\t\t\t\t\t\t\t\t\t\t\t<img fetchpriority=\"high\" decoding=\"async\" width=\"695\" height=\"294\" src=\"http:\/\/www.schulenbfi.eu\/netbookstore\/wp-content\/uploads\/2023\/09\/netbook-organigramm.png\" class=\"attachment-large size-large wp-image-40\" alt=\"organigramm netbookstore\" srcset=\"http:\/\/www.schulenbfi.eu\/netbookstore\/wp-content\/uploads\/2023\/09\/netbook-organigramm.png 695w, http:\/\/www.schulenbfi.eu\/netbookstore\/wp-content\/uploads\/2023\/09\/netbook-organigramm-300x127.png 300w\" sizes=\"(max-width: 695px) 100vw, 695px\" \/>\t\t\t\t\t\t\t\t\t\t\t\t\t<\/div>\n\t\t\t\t<\/div>\n\t\t\t\t\t<\/div>\n\t\t\t\t<\/div>\n\t\t<div class=\"elementor-element elementor-element-4408165 e-flex e-con-boxed e-con e-parent\" data-id=\"4408165\" data-element_type=\"container\">\n\t\t\t\t\t<div class=\"e-con-inner\">\n\t\t\t\t<div class=\"elementor-element elementor-element-6f5c0af elementor-widget elementor-widget-text-editor\" data-id=\"6f5c0af\" data-element_type=\"widget\" data-widget_type=\"text-editor.default\">\n\t\t\t\t<div class=\"elementor-widget-container\">\n\t\t\t\t\t\t\t<p><strong>Back Office:<\/strong> E-Mail Postfach kontrollieren, Post und Briefe kontrollieren und Anwesenheit \u00fcberpr\u00fcfen<\/p><p><strong>Marketing\/EDV:<\/strong> Website bearbeiten, Produkte in den Web-Shop stellen und Waren anfragen<\/p><p><strong>Customer Service:<\/strong> Ausgangsrechnungen und Transportauftr\u00e4ge bearbeiten , Kundennummern anlegen, Kundenanfragen bearbeiten, Kundenlisten f\u00fchren, Kundenauswertungen erstellen<\/p><p><strong>Einkauf:<\/strong> Eingangsrechnungen bearbeiten, Bestellungen durchf\u00fchren\/Angebote vergleichen, Investitionsplan erstellen<\/p><p><strong>Personal:<\/strong> Monatliche Gehaltsabrechnung, Arbeiten mit ELDA,\u00a0\u00dcberweisung der SV-Beitr\u00e4ge,\u00a0\u00dcberweisung der Lohnabgaben etc.<\/p><p><strong>Rechnungswesen:<\/strong>\u00a0Bankbuchungen, Buchen in BMD, UVA, Steuererkl\u00e4rungen<\/p><p>Firmenname: \u00a0 \u00a0 \u00a0 \u00a0 \u00a0 \u00a0 \u00a0 \u00a0 \u00a0 \u00a0 \u00a0 \u00a0 \u00a0 \u00a0@<strong>netbookstore<\/strong><\/p><p>Unternehmensgegenstand: \u00a0 Webshop f\u00fcr B\u00fccher, E-Books und E-Book-Reader<\/p><p>Produktgruppen: \u00a0 \u00a0 \u00a0 \u00a0 \u00a0 \u00a0 \u00a0 \u00a0 \u00a0 \u00a0 Handelsbetrieb mit B\u00fcchern, E-Books und E-Book-Reader via Internet\u00a0<\/p><p>Firmenadresse: \u00a0 \u00a0 \u00a0 \u00a0 \u00a0 \u00a0 \u00a0 \u00a0 \u00a0 \u00a0 \u00a0 <a href=\"http:\/\/netbookstore.schulenbfi.eu\"><strong>netbookstore<\/strong><strong>.<\/strong><strong>schulenbfi.eu<\/strong><\/a><\/p><p>Kontakt: \u00a0 \u00a0 \u00a0 \u00a0 \u00a0 \u00a0 \u00a0 \u00a0 \u00a0 \u00a0 \u00a0 \u00a0 \u00a0 \u00a0 \u00a0 \u00a0 \u00a0 \u00a0netbookstore1497@uebungsfirmen.at<\/p>\t\t\t\t\t\t<\/div>\n\t\t\t\t<\/div>\n\t\t\t\t\t<\/div>\n\t\t\t\t<\/div>\n\t\t<div class=\"elementor-element elementor-element-838b5d2 e-flex e-con-boxed e-con e-parent\" data-id=\"838b5d2\" data-element_type=\"container\">\n\t\t\t\t\t<div class=\"e-con-inner\">\n\t\t\t\t<div class=\"elementor-element elementor-element-d1b84a7 elementor-widget elementor-widget-text-editor\" data-id=\"d1b84a7\" data-element_type=\"widget\" data-widget_type=\"text-editor.default\">\n\t\t\t\t<div class=\"elementor-widget-container\">\n\t\t\t\t\t\t\t<hr \/><h3>Strategische Unternehmensziele und Jahreschwerpunkte<\/h3><p>Folgende Ziele haben wir uns f\u00fcr das Schuljahr 2024\/25 gesetzt:<\/p><table width=\"672\"><tbody><tr><td width=\"297\"><p>Ziele<\/p><\/td><td width=\"344\"><p>Abgeleitete operative Ziele<\/p><\/td><\/tr><tr><td width=\"296\"><p>Betrieblich:<\/p><p>Teilnahme an der Hausmesse am 31.01.2025<\/p><p>Teilnahme am Qualit\u00e4ts\u00a0Audit<\/p><p>Teilnahme am Upgrade<\/p><\/td><td width=\"343\"><ul><li>Organisation des Messestandes<\/li><li>Erh\u00f6hung des Messeumsatzes des Vorjahres um 10%<\/li><\/ul><ul><li>Erreichung des Zertifikates mit mindestens 90%<\/li><li>Erreichung des Upgrade im J\u00e4nner 2025<\/li><\/ul><\/td><\/tr><tr><td width=\"296\"><p>P\u00e4dagogisch:<\/p><p>Freiraum f\u00fcr pers\u00f6nliche Entwicklung der Sch\u00fcler\/innen schaffen<\/p><\/td><td width=\"343\"><ul><li>Selbstst\u00e4ndiges Arbeiten der Sch\u00fclerInnen bei der Suche und Kontaktaufnahme mit m\u00f6glichen Partnern<\/li><li>Teamorientiertes Arbeiten der Sch\u00fclerInnen bei der Organisation der Hausmesse im Dezember 24 und J\u00e4nner 25<\/li><li>Teamorientiertes Arbeiten der Sch\u00fclerInnen bei der Erreichung des Qualit\u00e4t Audits und des Upgrade<\/li><\/ul><\/td><\/tr><\/tbody><\/table><h3>\u00a0<\/h3><hr \/><h3>Ziele f\u00fcr Lernort und Betrieb<\/h3><p><strong><br \/><\/strong>F\u00f6rderung der Selbstorganisation der Mitarbeiter\/innen (Sch\u00fcler\/innen)<br \/>Richtige Abwicklung von Ausgangsrechnungen und\u00a0Eingangsrechnungen in der Rechnungswesen-Abteilung<\/p><p>Erh\u00f6hung der Kommunikationsf\u00e4higkeit\u00a0<\/p><p>Verkaufsf\u00f6rdernde Ma\u00dfnahmen mittels online Verkauf durchf\u00fchren<\/p><p>Vorbereitung und Durchf\u00fchrung von Besuchen von \u00dcbungsfirmenmessen<\/p><hr \/><h3>Rolle der Lehrer:innen bzw. Gesch\u00e4ftsf\u00fchrer:innen<\/h3><p>Lehrer:in fungiert als Coach in der Ausbildung f\u00fcr die Sch\u00fcler:innen und als Gesch\u00e4ftsf\u00fchrer:in f\u00fcr die \u00dcbungsfirma.<\/p><p>Die \u00dcbungsfirmen werden als Betrieb und Lernort f\u00fcr Sch\u00fcler*innen gesehen. Fach-, Sozial- und Pers\u00f6nlichkeitskompetenzen werden erweitert und einem \u201ePraxischeck\u201c unterzogen. Durch individuelles Coaching und Teamcoaching werden Verst\u00e4ndnisl\u00fccken geschlossen und pers\u00f6nliche St\u00e4rken gef\u00f6rdert.\u00a0 Qualit\u00e4ts- und Wissensmanagement sichert, gemeinsam mit hohem Einsatz der \u00dcbungsfirmenleiter\/in und f\u00e4cher\u00fcbergreifender Zusammenarbeit, eine seri\u00f6se Weiterentwicklung der \u00dcbungsfirmen und der Mitarbeiter*innen.<\/p><p>Arbeiten wie in einem realen Unternehmen ist das Ziel in den knapp 1 000 \u00dcbungsfirmen im kaufm\u00e4nnischen Bildungswesen, womit\u00a0\u00d6sterreich sogar Weltmarktf\u00fchrer\u00a0ist und sein Know-How auch international weitergibt.\u00a0Unsere \u00dcbungsfirma kann zahlreiche Auszeichnungen und Qualit\u00e4tszertifikate aufweisen und garantiert so eine praxisnahe und professionelle Ausbildung. Die erlernten fachlichen und sozialen Kompetenzen werden so bereits fr\u00fchzeitig in der Dynamik des beruflichen Alltags unter Beweis gestellt, und unsere Absolvent:innen sind\u00a0\u201eready for the future\u201c.<\/p><hr \/><h3>Nachhaltigkeit:<\/h3><p>Darunter versteht man das Nutzen von umweltfreundlichen Produkten sowie das umweltfreundliche Agieren im Ablauf des eigenen Unternehmens.<br \/>In unserem Unternehmen legen wir gro\u00dfen Wert auf Nachhaltigkeit und aus dem Grund kaufen wir &#8211; soweit am \u00dcbungsfirmenmarkt m\u00f6glich &#8211; nur umweltfreundliche Produkte, gehen mit unseren B\u00fcromaterialien sorgf\u00e4ltig um und sorgen sowohl im Unternehmen als auch au\u00dferhalb f\u00fcr ordentliches Recycling.<\/p><hr \/><h3>Digitalisierung:<\/h3><p>Der Begriff der Digitalisierung hat mehrere Bedeutungen. Er kann die digitale Umwandlung und Darstellung bzw. Durchf\u00fchrung von Information und Kommunikation oder die digitale Modifikation von Instrumenten, Ger\u00e4ten und Fahrzeugen ebenso meinen wie die digitale Revolution, die auch als dritte Revolution bekannt ist, bzw. die digitale Wende. Im letzteren Kontext werden\u00a0nicht zuletzt &#8222;Informationszeitalter&#8220; und &#8222;Computerisierung&#8220; genannt.<\/p><p>Bei uns in der \u00dcbungsfirma sind besonders seit dem Lockdown 2020 gro\u00dfe Schritte in der Digitalisierung gemacht worden.<\/p><p>Schon damals waren die Dateien auf onedrive gespeichert, was die Arbeit w\u00e4hrend der Lockdowns sehr erleichtert hat. Seit damals wird alles auf onedrive gespeichert und ausschlie\u00dflich Ausgangsrechnungen und Eingangsrechnungen werden noch ausgedruckt. Ansonsten arbeiten wir papierlos.<\/p><p>Auch unsere Kommunikation mit anderen \u00dcbungsfirmen und der ACT wird ausschlie\u00dflich per Mail durchgef\u00fchrt.\u00a0\u00a0\u00a0\u00a0\u00a0\u00a0<\/p><p>Im laufenden \u00dcbungsfirmenjahr hat auch die KI bei uns Einzug gehalten &#8211; wir versuchen uns die Arbeit dadurch ein bisschen zu erleichtern und zu verbessern. \u00a0 \u00a0 \u00a0 \u00a0 \u00a0 \u00a0 \u00a0 \u00a0 \u00a0 \u00a0 \u00a0 \u00a0 \u00a0 \u00a0 \u00a0 \u00a0 \u00a0 \u00a0 \u00a0 \u00a0 \u00a0 \u00a0 \u00a0 \u00a0 \u00a0 \u00a0 \u00a0 \u00a0<\/p>\t\t\t\t\t\t<\/div>\n\t\t\t\t<\/div>\n\t\t\t\t\t<\/div>\n\t\t\t\t<\/div>\n\t\t\t\t<\/div>\n\t\t","protected":false},"excerpt":{"rendered":"<p>Die \u00dcbungsfirma netbookstore GmbH wurde im Schuljahr 2003 gegr\u00fcndet. Die Entscheidung f\u00fcr einen Buchhandel ist nach eingehender Recherche auf dem damaligen \u00dcbungsfirmenmarkt gefallen: es gab nur wenige Firmen im ACT Firmenbuch, die damals mit B\u00fcchern gehandelt haben. Mittlerweile haben wir unser Sortiment um E-Books und E-Book-Reader erweitert. Leider haben wir im Augenblick keine Partnerfirma. Mittels [&hellip;]<\/p>\n","protected":false},"author":3,"featured_media":0,"parent":0,"menu_order":0,"comment_status":"closed","ping_status":"closed","template":"","meta":{"footnotes":""},"class_list":["post-15","page","type-page","status-publish","hentry"],"_links":{"self":[{"href":"http:\/\/www.schulenbfi.eu\/netbookstore\/wp-json\/wp\/v2\/pages\/15","targetHints":{"allow":["GET"]}}],"collection":[{"href":"http:\/\/www.schulenbfi.eu\/netbookstore\/wp-json\/wp\/v2\/pages"}],"about":[{"href":"http:\/\/www.schulenbfi.eu\/netbookstore\/wp-json\/wp\/v2\/types\/page"}],"author":[{"embeddable":true,"href":"http:\/\/www.schulenbfi.eu\/netbookstore\/wp-json\/wp\/v2\/users\/3"}],"replies":[{"embeddable":true,"href":"http:\/\/www.schulenbfi.eu\/netbookstore\/wp-json\/wp\/v2\/comments?post=15"}],"version-history":[{"count":50,"href":"http:\/\/www.schulenbfi.eu\/netbookstore\/wp-json\/wp\/v2\/pages\/15\/revisions"}],"predecessor-version":[{"id":488,"href":"http:\/\/www.schulenbfi.eu\/netbookstore\/wp-json\/wp\/v2\/pages\/15\/revisions\/488"}],"wp:attachment":[{"href":"http:\/\/www.schulenbfi.eu\/netbookstore\/wp-json\/wp\/v2\/media?parent=15"}],"curies":[{"name":"wp","href":"https:\/\/api.w.org\/{rel}","templated":true}]}}