{"id":13,"date":"2023-09-06T21:09:46","date_gmt":"2023-09-06T19:09:46","guid":{"rendered":"http:\/\/www.schulenbfi.eu\/netbookstore\/?page_id=13"},"modified":"2026-02-18T16:31:05","modified_gmt":"2026-02-18T15:31:05","slug":"home","status":"publish","type":"page","link":"http:\/\/www.schulenbfi.eu\/netbookstore\/home\/","title":{"rendered":"Home"},"content":{"rendered":"\t\t<div data-elementor-type=\"wp-page\" data-elementor-id=\"13\" class=\"elementor elementor-13\">\n\t\t\t\t<div class=\"elementor-element elementor-element-d94c4b9 e-flex e-con-boxed e-con e-parent\" data-id=\"d94c4b9\" data-element_type=\"container\">\n\t\t\t\t\t<div class=\"e-con-inner\">\n\t\t\t\t<div class=\"elementor-element elementor-element-79118d3 elementor-widget elementor-widget-image\" data-id=\"79118d3\" data-element_type=\"widget\" data-widget_type=\"image.default\">\n\t\t\t\t<div class=\"elementor-widget-container\">\n\t\t\t\t\t\t\t\t\t\t\t\t\t<img fetchpriority=\"high\" decoding=\"async\" width=\"1169\" height=\"94\" src=\"http:\/\/www.schulenbfi.eu\/netbookstore\/wp-content\/uploads\/2023\/12\/coollogo_com-5169863.png\" class=\"attachment-full size-full wp-image-243\" alt=\"\" srcset=\"http:\/\/www.schulenbfi.eu\/netbookstore\/wp-content\/uploads\/2023\/12\/coollogo_com-5169863.png 1169w, http:\/\/www.schulenbfi.eu\/netbookstore\/wp-content\/uploads\/2023\/12\/coollogo_com-5169863-300x24.png 300w, http:\/\/www.schulenbfi.eu\/netbookstore\/wp-content\/uploads\/2023\/12\/coollogo_com-5169863-1024x82.png 1024w, http:\/\/www.schulenbfi.eu\/netbookstore\/wp-content\/uploads\/2023\/12\/coollogo_com-5169863-768x62.png 768w\" sizes=\"(max-width: 1169px) 100vw, 1169px\" \/>\t\t\t\t\t\t\t\t\t\t\t\t\t<\/div>\n\t\t\t\t<\/div>\n\t\t\t\t\t<\/div>\n\t\t\t\t<\/div>\n\t\t<div class=\"elementor-element elementor-element-ab54649 e-flex e-con-boxed e-con e-parent\" data-id=\"ab54649\" data-element_type=\"container\">\n\t\t\t\t\t<div class=\"e-con-inner\">\n\t\t\t\t<div class=\"elementor-element elementor-element-b812784 elementor-widget elementor-widget-image\" data-id=\"b812784\" data-element_type=\"widget\" data-widget_type=\"image.default\">\n\t\t\t\t<div class=\"elementor-widget-container\">\n\t\t\t\t\t\t\t\t\t\t\t\t\t<img decoding=\"async\" width=\"555\" height=\"129\" src=\"http:\/\/www.schulenbfi.eu\/netbookstore\/wp-content\/uploads\/2023\/09\/Netbook_Logo.jpg\" class=\"elementor-animation-buzz attachment-2048x2048 size-2048x2048 wp-image-144\" alt=\"Logo der \u00dcFA Netbookstore\" srcset=\"http:\/\/www.schulenbfi.eu\/netbookstore\/wp-content\/uploads\/2023\/09\/Netbook_Logo.jpg 555w, http:\/\/www.schulenbfi.eu\/netbookstore\/wp-content\/uploads\/2023\/09\/Netbook_Logo-300x70.jpg 300w\" sizes=\"(max-width: 555px) 100vw, 555px\" \/>\t\t\t\t\t\t\t\t\t\t\t\t\t<\/div>\n\t\t\t\t<\/div>\n\t\t\t\t\t<\/div>\n\t\t\t\t<\/div>\n\t\t<div class=\"elementor-element elementor-element-3688e6b e-flex e-con-boxed e-con e-parent\" data-id=\"3688e6b\" data-element_type=\"container\">\n\t\t\t\t\t<div class=\"e-con-inner\">\n\t\t\t\t<div class=\"elementor-element elementor-element-ae7f6e7 elementor-shape-circle elementor-grid-0 e-grid-align-center elementor-widget elementor-widget-social-icons\" data-id=\"ae7f6e7\" data-element_type=\"widget\" data-widget_type=\"social-icons.default\">\n\t\t\t\t<div class=\"elementor-widget-container\">\n\t\t\t\t\t<div class=\"elementor-social-icons-wrapper elementor-grid\">\n\t\t\t\t\t\t\t<span class=\"elementor-grid-item\">\n\t\t\t\t\t<a class=\"elementor-icon elementor-social-icon elementor-social-icon-instagram elementor-repeater-item-bb79b90\" href=\"https:\/\/www.instagram.com\/netbookstore_ubungsfirma\/\" target=\"_blank\">\n\t\t\t\t\t\t<span class=\"elementor-screen-only\">Instagram<\/span>\n\t\t\t\t\t\t<i class=\"fab fa-instagram\"><\/i>\t\t\t\t\t<\/a>\n\t\t\t\t<\/span>\n\t\t\t\t\t\t\t<span class=\"elementor-grid-item\">\n\t\t\t\t\t<a class=\"elementor-icon elementor-social-icon elementor-social-icon-tiktok elementor-repeater-item-af59247\" href=\"https:\/\/www.tiktok.com\/@netbookstore?is_from_webapp=1&#038;sender_device=pc\" target=\"_blank\">\n\t\t\t\t\t\t<span class=\"elementor-screen-only\">Tiktok<\/span>\n\t\t\t\t\t\t<i class=\"fab fa-tiktok\"><\/i>\t\t\t\t\t<\/a>\n\t\t\t\t<\/span>\n\t\t\t\t\t<\/div>\n\t\t\t\t<\/div>\n\t\t\t\t<\/div>\n\t\t<div class=\"elementor-element elementor-element-84bfe22 e-con-full e-flex e-con e-child\" data-id=\"84bfe22\" data-element_type=\"container\">\n\t\t\t\t<div class=\"elementor-element elementor-element-5713f94 elementor-widget elementor-widget-text-editor\" data-id=\"5713f94\" data-element_type=\"widget\" data-widget_type=\"text-editor.default\">\n\t\t\t\t<div class=\"elementor-widget-container\">\n\t\t\t\t\t\t\t<p>Die \u00dcbungsfirma @netbookstore GmbH wurde im Schuljahr 2003 gegr\u00fcndet. Die Entscheidung f\u00fcr eine Buchhandlung ist nach eingehender Recherche auf dem \u00dcbungsfirmenmarkt gefallen: es gab nur wenige Firmen im ACT Firmenbuch, die damals mit B\u00fcchern gehandelt haben. Mittlerweile haben wir unser Sortiment um E-Books und E-Book-Reader erweitert.<\/p><p>Zur Zeit haben wir bisher keine Partnerfirma.<\/p><p>Mittels digitalem Verkaufsinstrument <a href=\"https:\/\/marketplace.penworldwide.org\/?enterprisePenCode=AT010001497\" target=\"_blank\" rel=\"noopener\"><span style=\"text-decoration: underline;\"><span style=\"color: #ffffff;\">MARKETPLACE<\/span><\/span> <\/a>werden B\u00fccher, E-Books und E-Book-Reader vertrieben.<\/p><p>Zur Kundengruppe z\u00e4hlen alle \u00dcbungsfirmen am \u00f6sterreichischen Markt aber auch \u00dcbungsfirmen in anderen europ\u00e4ischen L\u00e4ndern.<\/p><p>Die \u00dcbungsfirma Bideco ist der Lieferant f\u00fcr unsere Handelswaren.<\/p><p>Alle anderen Produkte und Investitionsg\u00fcter beziehen wir \u00fcber Angebote auf dem \u00dcbungsfirmenmarkt.<\/p><p><strong>\u00a0<\/strong><\/p><p>Firmenname:\u00a0 \u00a0 \u00a0 \u00a0 \u00a0 \u00a0 \u00a0 \u00a0 \u00a0 \u00a0 \u00a0 <span style=\"color: #ffffff;\">@netbookstore<\/span><\/p><p>Firmenzusatz:\u00a0\u00a0 \u00a0 \u00a0 \u00a0 \u00a0 \u00a0 \u00a0 \u00a0 \u00a0 \u00a0 Webshop f\u00fcr B\u00fccher, E-Books und E-Book-Reader<\/p><p>Firmenzweck:\u00a0 \u00a0 \u00a0 \u00a0 \u00a0 \u00a0 \u00a0 \u00a0 \u00a0 \u00a0 \u00a0 Handelsbetrieb mit B\u00fcchern,\u00a0E-Books und E-Book-Reader\u00a0via Internet<\/p><p>Firmenadresse:\u00a0 \u00a0 \u00a0 \u00a0 \u00a0 \u00a0 \u00a0 \u00a0 \u00a0 <span style=\"color: #ffffff;\">\u00a0<span style=\"text-decoration: underline;\"><a style=\"color: #ffffff;\" href=\"http:\/\/netbookstore.schulenbfi.eu\"><strong>netbookstore<\/strong><strong>.<\/strong><strong>schulenbfi.eu<\/strong><\/a><\/span><\/span><\/p><p>Kontakt: \u00a0 \u00a0 \u00a0 \u00a0 \u00a0 \u00a0 \u00a0 \u00a0 \u00a0 \u00a0 \u00a0 \u00a0 \u00a0 \u00a0 \u00a0 netbookstore1497@uebungsfirmen.at<\/p><h6>aktualisiert: Februar 2026<\/h6>\t\t\t\t\t\t<\/div>\n\t\t\t\t<\/div>\n\t\t\t\t<\/div>\n\t\t\t\t\t<\/div>\n\t\t\t\t<\/div>\n\t\t<div class=\"elementor-element elementor-element-8e477a0 e-flex e-con-boxed e-con e-parent\" data-id=\"8e477a0\" data-element_type=\"container\">\n\t\t\t\t\t<div class=\"e-con-inner\">\n\t\t\t\t<div class=\"elementor-element elementor-element-7e3a23e elementor-arrows-position-outside e-transform elementor-invisible elementor-widget elementor-widget-image-carousel\" data-id=\"7e3a23e\" data-element_type=\"widget\" data-settings=\"{&quot;slides_to_show&quot;:&quot;2&quot;,&quot;navigation&quot;:&quot;arrows&quot;,&quot;autoplay_speed&quot;:2000,&quot;_animation&quot;:&quot;fadeIn&quot;,&quot;_transform_rotateZ_effect_hover&quot;:{&quot;unit&quot;:&quot;px&quot;,&quot;size&quot;:0,&quot;sizes&quot;:[]},&quot;autoplay&quot;:&quot;yes&quot;,&quot;pause_on_hover&quot;:&quot;yes&quot;,&quot;pause_on_interaction&quot;:&quot;yes&quot;,&quot;infinite&quot;:&quot;yes&quot;,&quot;speed&quot;:500,&quot;_transform_rotateZ_effect_hover_tablet&quot;:{&quot;unit&quot;:&quot;deg&quot;,&quot;size&quot;:&quot;&quot;,&quot;sizes&quot;:[]},&quot;_transform_rotateZ_effect_hover_mobile&quot;:{&quot;unit&quot;:&quot;deg&quot;,&quot;size&quot;:&quot;&quot;,&quot;sizes&quot;:[]}}\" data-widget_type=\"image-carousel.default\">\n\t\t\t\t<div class=\"elementor-widget-container\">\n\t\t\t\t\t<div class=\"elementor-image-carousel-wrapper swiper\" dir=\"ltr\">\n\t\t\t<div class=\"elementor-image-carousel swiper-wrapper\" aria-live=\"off\">\n\t\t\t\t\t\t\t\t<div class=\"swiper-slide\" role=\"group\" aria-roledescription=\"slide\" aria-label=\"1 von 8\"><figure class=\"swiper-slide-inner\"><img decoding=\"async\" class=\"swiper-slide-image\" src=\"http:\/\/www.schulenbfi.eu\/netbookstore\/wp-content\/uploads\/2023\/12\/MicrosoftTeams-image7-225x300.jpg\" alt=\"MicrosoftTeams-image(7)\" \/><\/figure><\/div><div class=\"swiper-slide\" role=\"group\" aria-roledescription=\"slide\" aria-label=\"2 von 8\"><figure class=\"swiper-slide-inner\"><img decoding=\"async\" class=\"swiper-slide-image\" src=\"http:\/\/www.schulenbfi.eu\/netbookstore\/wp-content\/uploads\/2023\/12\/MicrosoftTeams-image6-300x300.jpg\" alt=\"MicrosoftTeams-image(6)\" \/><\/figure><\/div><div class=\"swiper-slide\" role=\"group\" aria-roledescription=\"slide\" aria-label=\"3 von 8\"><figure class=\"swiper-slide-inner\"><img decoding=\"async\" class=\"swiper-slide-image\" src=\"http:\/\/www.schulenbfi.eu\/netbookstore\/wp-content\/uploads\/2023\/12\/MicrosoftTeams-image5-300x219.jpg\" alt=\"MicrosoftTeams-image(5)\" \/><\/figure><\/div><div class=\"swiper-slide\" role=\"group\" aria-roledescription=\"slide\" aria-label=\"4 von 8\"><figure class=\"swiper-slide-inner\"><img decoding=\"async\" class=\"swiper-slide-image\" src=\"http:\/\/www.schulenbfi.eu\/netbookstore\/wp-content\/uploads\/2023\/12\/MicrosoftTeams-image4-300x223.jpg\" alt=\"MicrosoftTeams-image(4)\" \/><\/figure><\/div><div class=\"swiper-slide\" role=\"group\" aria-roledescription=\"slide\" aria-label=\"5 von 8\"><figure class=\"swiper-slide-inner\"><img decoding=\"async\" class=\"swiper-slide-image\" src=\"http:\/\/www.schulenbfi.eu\/netbookstore\/wp-content\/uploads\/2023\/12\/MicrosoftTeams-image3-240x300.webp\" alt=\"MicrosoftTeams-image(3)\" \/><\/figure><\/div><div class=\"swiper-slide\" role=\"group\" aria-roledescription=\"slide\" aria-label=\"6 von 8\"><figure class=\"swiper-slide-inner\"><img decoding=\"async\" class=\"swiper-slide-image\" src=\"http:\/\/www.schulenbfi.eu\/netbookstore\/wp-content\/uploads\/2023\/12\/MicrosoftTeams-image2-300x300.jpg\" alt=\"MicrosoftTeams-image(2)\" \/><\/figure><\/div><div class=\"swiper-slide\" role=\"group\" aria-roledescription=\"slide\" aria-label=\"7 von 8\"><figure class=\"swiper-slide-inner\"><img decoding=\"async\" class=\"swiper-slide-image\" src=\"http:\/\/www.schulenbfi.eu\/netbookstore\/wp-content\/uploads\/2023\/12\/MicrosoftTeams-image1-300x300.jpg\" alt=\"MicrosoftTeams-image(1)\" \/><\/figure><\/div><div class=\"swiper-slide\" role=\"group\" aria-roledescription=\"slide\" aria-label=\"8 von 8\"><figure class=\"swiper-slide-inner\"><img decoding=\"async\" class=\"swiper-slide-image\" src=\"http:\/\/www.schulenbfi.eu\/netbookstore\/wp-content\/uploads\/2023\/12\/MicrosoftTeams-image-300x300.jpg\" alt=\"MicrosoftTeams-image\" \/><\/figure><\/div>\t\t\t<\/div>\n\t\t\t\t\t\t\t\t\t\t\t\t<div class=\"elementor-swiper-button elementor-swiper-button-prev\" role=\"button\" tabindex=\"0\">\n\t\t\t\t\t\t<i aria-hidden=\"true\" class=\"fas fa-arrow-alt-circle-left\"><\/i>\t\t\t\t\t<\/div>\n\t\t\t\t\t<div class=\"elementor-swiper-button elementor-swiper-button-next\" role=\"button\" tabindex=\"0\">\n\t\t\t\t\t\t<i aria-hidden=\"true\" class=\"fas fa-arrow-circle-right\"><\/i>\t\t\t\t\t<\/div>\n\t\t\t\t\n\t\t\t\t\t\t\t\t\t<\/div>\n\t\t\t\t<\/div>\n\t\t\t\t<\/div>\n\t\t\t\t\t<\/div>\n\t\t\t\t<\/div>\n\t\t<div class=\"elementor-element elementor-element-816a4e2 e-flex e-con-boxed e-con e-parent\" data-id=\"816a4e2\" data-element_type=\"container\">\n\t\t\t\t\t<div class=\"e-con-inner\">\n\t\t\t\t\t<\/div>\n\t\t\t\t<\/div>\n\t\t<div class=\"elementor-element elementor-element-7704678 e-flex e-con-boxed e-con e-parent\" data-id=\"7704678\" data-element_type=\"container\">\n\t\t\t\t\t<div class=\"e-con-inner\">\n\t\t\t\t\t<\/div>\n\t\t\t\t<\/div>\n\t\t\t\t<\/div>\n\t\t","protected":false},"excerpt":{"rendered":"<p>Instagram Tiktok Die \u00dcbungsfirma @netbookstore GmbH wurde im Schuljahr 2003 gegr\u00fcndet. Die Entscheidung f\u00fcr eine Buchhandlung ist nach eingehender Recherche auf dem \u00dcbungsfirmenmarkt gefallen: es gab nur wenige Firmen im ACT Firmenbuch, die damals mit B\u00fcchern gehandelt haben. Mittlerweile haben wir unser Sortiment um E-Books und E-Book-Reader erweitert. Zur Zeit haben wir bisher keine Partnerfirma. [&hellip;]<\/p>\n","protected":false},"author":3,"featured_media":0,"parent":0,"menu_order":0,"comment_status":"closed","ping_status":"closed","template":"","meta":{"footnotes":""},"class_list":["post-13","page","type-page","status-publish","hentry"],"_links":{"self":[{"href":"http:\/\/www.schulenbfi.eu\/netbookstore\/wp-json\/wp\/v2\/pages\/13","targetHints":{"allow":["GET"]}}],"collection":[{"href":"http:\/\/www.schulenbfi.eu\/netbookstore\/wp-json\/wp\/v2\/pages"}],"about":[{"href":"http:\/\/www.schulenbfi.eu\/netbookstore\/wp-json\/wp\/v2\/types\/page"}],"author":[{"embeddable":true,"href":"http:\/\/www.schulenbfi.eu\/netbookstore\/wp-json\/wp\/v2\/users\/3"}],"replies":[{"embeddable":true,"href":"http:\/\/www.schulenbfi.eu\/netbookstore\/wp-json\/wp\/v2\/comments?post=13"}],"version-history":[{"count":157,"href":"http:\/\/www.schulenbfi.eu\/netbookstore\/wp-json\/wp\/v2\/pages\/13\/revisions"}],"predecessor-version":[{"id":511,"href":"http:\/\/www.schulenbfi.eu\/netbookstore\/wp-json\/wp\/v2\/pages\/13\/revisions\/511"}],"wp:attachment":[{"href":"http:\/\/www.schulenbfi.eu\/netbookstore\/wp-json\/wp\/v2\/media?parent=13"}],"curies":[{"name":"wp","href":"https:\/\/api.w.org\/{rel}","templated":true}]}}