{"id":59,"date":"2023-08-19T18:26:07","date_gmt":"2023-08-19T16:26:07","guid":{"rendered":"http:\/\/www.schulenbfi.eu\/msm\/?page_id=59"},"modified":"2023-08-29T18:54:48","modified_gmt":"2023-08-29T16:54:48","slug":"mustertests","status":"publish","type":"page","link":"http:\/\/www.schulenbfi.eu\/msm\/mustertests\/","title":{"rendered":"Mustertests"},"content":{"rendered":"\n<h6 class=\"wp-block-heading\">Diverse Mustertests<\/h6>\n\n\n\n<figure class=\"wp-block-table\"><table><tbody><tr><td>Wiederholung RW<\/td><td>Online-Test \u00f6ffnen<\/td><\/tr><tr><td>Wiederholung RW<\/td><td>RW-\u00dcbungsbeispiel downloaden<\/td><\/tr><tr><td>Wiederholung BW<\/td><td>Online-Test \u00f6ffen<\/td><\/tr><tr><td>\u00dcbungsbeispiel Kalkulation<\/td><td><a href=\"http:\/\/www.schulenbfi.eu\/msm\/wp-content\/uploads\/2023\/08\/kalk.docx\" data-type=\"attachment\" data-id=\"189\">\u00dcbungsbeispiel Kalkulation Angabe<\/a><br><a href=\"http:\/\/www.schulenbfi.eu\/msm\/wp-content\/uploads\/2023\/08\/Kalkulation.xlsx\" data-type=\"attachment\" data-id=\"190\">L\u00f6sung downloaden<\/a><\/td><\/tr><tr><td>Mustertest 3.Semester<\/td><td>Mustertest downloaden<\/td><\/tr><tr><td>Mustertest 3.\/ 4.Semester<\/td><td>Mustertest downloaden&nbsp;&nbsp;<br>L\u00f6sung Mustertest downloaden<\/td><\/tr><tr><td>\u00dcbungsbeispiel Personalabrechnung (zip-Datei)<\/td><td>\u00dcbungsbeispiel Personalabrechnung Angabe<br>L\u00f6sung downloaden<\/td><\/tr><\/tbody><\/table><\/figure>\n","protected":false},"excerpt":{"rendered":"<p>Diverse Mustertests Wiederholung RW Online-Test \u00f6ffnen Wiederholung RW RW-\u00dcbungsbeispiel downloaden Wiederholung BW Online-Test \u00f6ffen \u00dcbungsbeispiel Kalkulation \u00dcbungsbeispiel Kalkulation AngabeL\u00f6sung downloaden Mustertest 3.Semester Mustertest downloaden Mustertest 3.\/ 4.Semester Mustertest downloaden&nbsp;&nbsp;L\u00f6sung Mustertest downloaden \u00dcbungsbeispiel Personalabrechnung (zip-Datei) \u00dcbungsbeispiel Personalabrechnung AngabeL\u00f6sung downloaden<\/p>\n","protected":false},"author":2,"featured_media":0,"parent":0,"menu_order":0,"comment_status":"closed","ping_status":"closed","template":"","meta":{"footnotes":""},"class_list":["post-59","page","type-page","status-publish","hentry"],"_links":{"self":[{"href":"http:\/\/www.schulenbfi.eu\/msm\/wp-json\/wp\/v2\/pages\/59","targetHints":{"allow":["GET"]}}],"collection":[{"href":"http:\/\/www.schulenbfi.eu\/msm\/wp-json\/wp\/v2\/pages"}],"about":[{"href":"http:\/\/www.schulenbfi.eu\/msm\/wp-json\/wp\/v2\/types\/page"}],"author":[{"embeddable":true,"href":"http:\/\/www.schulenbfi.eu\/msm\/wp-json\/wp\/v2\/users\/2"}],"replies":[{"embeddable":true,"href":"http:\/\/www.schulenbfi.eu\/msm\/wp-json\/wp\/v2\/comments?post=59"}],"version-history":[{"count":5,"href":"http:\/\/www.schulenbfi.eu\/msm\/wp-json\/wp\/v2\/pages\/59\/revisions"}],"predecessor-version":[{"id":195,"href":"http:\/\/www.schulenbfi.eu\/msm\/wp-json\/wp\/v2\/pages\/59\/revisions\/195"}],"wp:attachment":[{"href":"http:\/\/www.schulenbfi.eu\/msm\/wp-json\/wp\/v2\/media?parent=59"}],"curies":[{"name":"wp","href":"https:\/\/api.w.org\/{rel}","templated":true}]}}