{"id":57,"date":"2023-08-19T18:23:51","date_gmt":"2023-08-19T16:23:51","guid":{"rendered":"http:\/\/www.schulenbfi.eu\/msm\/?page_id=57"},"modified":"2023-08-23T18:03:23","modified_gmt":"2023-08-23T16:03:23","slug":"loesungen","status":"publish","type":"page","link":"http:\/\/www.schulenbfi.eu\/msm\/loesungen\/","title":{"rendered":"L\u00f6sungen"},"content":{"rendered":"\n<h6 class=\"wp-block-heading\">Hier finden Sie die L\u00f6sungen zu den Einheiten:<\/h6>\n\n\n\n<figure class=\"wp-block-table\"><table><tbody><tr><td><strong>L\u00f6sungshinweise<\/strong><\/td><td><strong>Listen&nbsp;<\/strong><\/td><\/tr><tr><td><a href=\"http:\/\/www.schulenbfi.eu\/msm\/wp-content\/uploads\/2023\/08\/losung_eh1.pdf\" data-type=\"attachment\" data-id=\"155\">L\u00f6sungshinweise zur EH 1<\/a><\/td><td><a href=\"http:\/\/www.schulenbfi.eu\/msm\/wp-content\/uploads\/2023\/08\/firmenbuchauszug.pdf\" data-type=\"attachment\" data-id=\"146\">Firmenbuchauszug MSM<\/a><\/td><\/tr><tr><td><a href=\"http:\/\/www.schulenbfi.eu\/msm\/wp-content\/uploads\/2023\/08\/losung_eh4.pdf\" data-type=\"attachment\" data-id=\"156\">L\u00f6sungshinweise zur EH 4\u00a0<\/a><\/td><td><a href=\"http:\/\/www.schulenbfi.eu\/msm\/wp-content\/uploads\/2023\/08\/listen_eh4.xlsx\" data-type=\"attachment\" data-id=\"151\">Listen EH 4\u00a0<\/a>\u00a0<\/td><\/tr><tr><td><a href=\"http:\/\/www.schulenbfi.eu\/msm\/wp-content\/uploads\/2023\/08\/losung_eh5.pdf\" data-type=\"attachment\" data-id=\"157\">L\u00f6sungshinweise zur EH 5\u00a0<\/a><\/td><td><a href=\"http:\/\/www.schulenbfi.eu\/msm\/wp-content\/uploads\/2023\/08\/listen_eh5.xlsx\" data-type=\"attachment\" data-id=\"152\">Listen EH 5<\/a>\u00a0\u00a0<\/td><\/tr><tr><td><a href=\"http:\/\/www.schulenbfi.eu\/msm\/wp-content\/uploads\/2023\/08\/losung_eh6.pdf\" data-type=\"attachment\" data-id=\"158\">L\u00f6sungshinweise zur EH 6<\/a><\/td><td><a href=\"http:\/\/www.schulenbfi.eu\/msm\/wp-content\/uploads\/2023\/08\/listen_eh6.xlsx\" data-type=\"attachment\" data-id=\"153\">Listen EH 6<\/a><\/td><\/tr><tr><td><a href=\"http:\/\/www.schulenbfi.eu\/msm\/wp-content\/uploads\/2023\/08\/losung_eh6.pdf\" data-type=\"attachment\" data-id=\"158\">L\u00f6sungshinweise zur EH 7<\/a><\/td><td><a href=\"http:\/\/www.schulenbfi.eu\/msm\/wp-content\/uploads\/2023\/08\/listen_eh7.xlsx\" data-type=\"attachment\" data-id=\"154\">Listen EH 7<\/a><\/td><\/tr><\/tbody><\/table><\/figure>\n","protected":false},"excerpt":{"rendered":"<p>Hier finden Sie die L\u00f6sungen zu den Einheiten: L\u00f6sungshinweise Listen&nbsp; L\u00f6sungshinweise zur EH 1 Firmenbuchauszug MSM L\u00f6sungshinweise zur EH 4\u00a0 Listen EH 4\u00a0\u00a0 L\u00f6sungshinweise zur EH 5\u00a0 Listen EH 5\u00a0\u00a0 L\u00f6sungshinweise zur EH 6 Listen EH 6 L\u00f6sungshinweise zur EH 7 Listen EH 7<\/p>\n","protected":false},"author":2,"featured_media":0,"parent":0,"menu_order":0,"comment_status":"closed","ping_status":"closed","template":"","meta":{"footnotes":""},"class_list":["post-57","page","type-page","status-publish","hentry"],"_links":{"self":[{"href":"http:\/\/www.schulenbfi.eu\/msm\/wp-json\/wp\/v2\/pages\/57","targetHints":{"allow":["GET"]}}],"collection":[{"href":"http:\/\/www.schulenbfi.eu\/msm\/wp-json\/wp\/v2\/pages"}],"about":[{"href":"http:\/\/www.schulenbfi.eu\/msm\/wp-json\/wp\/v2\/types\/page"}],"author":[{"embeddable":true,"href":"http:\/\/www.schulenbfi.eu\/msm\/wp-json\/wp\/v2\/users\/2"}],"replies":[{"embeddable":true,"href":"http:\/\/www.schulenbfi.eu\/msm\/wp-json\/wp\/v2\/comments?post=57"}],"version-history":[{"count":3,"href":"http:\/\/www.schulenbfi.eu\/msm\/wp-json\/wp\/v2\/pages\/57\/revisions"}],"predecessor-version":[{"id":161,"href":"http:\/\/www.schulenbfi.eu\/msm\/wp-json\/wp\/v2\/pages\/57\/revisions\/161"}],"wp:attachment":[{"href":"http:\/\/www.schulenbfi.eu\/msm\/wp-json\/wp\/v2\/media?parent=57"}],"curies":[{"name":"wp","href":"https:\/\/api.w.org\/{rel}","templated":true}]}}