{"id":55,"date":"2023-08-19T18:21:05","date_gmt":"2023-08-19T16:21:05","guid":{"rendered":"http:\/\/www.schulenbfi.eu\/msm\/?page_id=55"},"modified":"2023-08-23T17:52:05","modified_gmt":"2023-08-23T15:52:05","slug":"angaben","status":"publish","type":"page","link":"http:\/\/www.schulenbfi.eu\/msm\/angaben\/","title":{"rendered":"Angaben"},"content":{"rendered":"\n<h6 class=\"wp-block-heading\">Hier finden Sie die Downloads zu den Einheiten:<\/h6>\n\n\n\n<figure class=\"wp-block-table\"><table><tbody><tr><td><strong>Angabe<\/strong><\/td><td><strong>zus\u00e4tzliche Information&nbsp;<\/strong><\/td><\/tr><tr><td><a href=\"http:\/\/www.schulenbfi.eu\/msm\/wp-content\/uploads\/2023\/08\/angabe_eh1.pdf\" data-type=\"attachment\" data-id=\"137\">Angabe EH 1<\/a>&nbsp;<\/td><td><a href=\"http:\/\/www.post.at\">Webseite der Post<\/a><\/td><\/tr><tr><td><a href=\"http:\/\/www.schulenbfi.eu\/msm\/wp-content\/uploads\/2023\/08\/angabe_eh2.pdf\" data-type=\"attachment\" data-id=\"138\">Angabe EH 2&nbsp;<\/a><\/td><td>&nbsp;<\/td><\/tr><tr><td><a href=\"http:\/\/www.schulenbfi.eu\/msm\/wp-content\/uploads\/2023\/08\/angabe_eh3.pdf\" data-type=\"attachment\" data-id=\"139\">Angabe EH 3 (Haus\u00fcbung)<\/a><\/td><td>\u00dcbersicht \u00fcber die <a href=\"http:\/\/www.schulenbfi.eu\/msm\/wp-content\/uploads\/2023\/08\/schriftverkehr_aufbau.pdf\" data-type=\"attachment\" data-id=\"145\">Inhalte<br>von Briefen\u00a0<\/a><\/td><\/tr><tr><td><a href=\"http:\/\/www.schulenbfi.eu\/msm\/wp-content\/uploads\/2023\/08\/angabe_eh4.pdf\" data-type=\"attachment\" data-id=\"140\">Angabe EH 4&nbsp;<\/a><\/td><td>&nbsp;<\/td><\/tr><tr><td><a href=\"http:\/\/www.schulenbfi.eu\/msm\/wp-content\/uploads\/2023\/08\/angabe_eh5.pdf\" data-type=\"attachment\" data-id=\"141\">Angabe EH 5<\/a><\/td><td>&nbsp;<\/td><\/tr><tr><td><a href=\"http:\/\/www.schulenbfi.eu\/msm\/wp-content\/uploads\/2023\/08\/angabe_eh6.pdf\" data-type=\"attachment\" data-id=\"142\">Angabe EH 6<\/a><\/td><td>&nbsp;<\/td><\/tr><tr><td><a href=\"http:\/\/www.schulenbfi.eu\/msm\/wp-content\/uploads\/2023\/08\/angabe_eh7.pdf\" data-type=\"attachment\" data-id=\"143\">Angabe EH 7<\/a><\/td><td>&nbsp;<\/td><\/tr><\/tbody><\/table><\/figure>\n","protected":false},"excerpt":{"rendered":"<p>Hier finden Sie die Downloads zu den Einheiten: Angabe zus\u00e4tzliche Information&nbsp; Angabe EH 1&nbsp; Webseite der Post Angabe EH 2&nbsp; &nbsp; Angabe EH 3 (Haus\u00fcbung) \u00dcbersicht \u00fcber die Inhaltevon Briefen\u00a0 Angabe EH 4&nbsp; &nbsp; Angabe EH 5 &nbsp; Angabe EH 6 &nbsp; Angabe EH 7 &nbsp;<\/p>\n","protected":false},"author":2,"featured_media":0,"parent":0,"menu_order":0,"comment_status":"closed","ping_status":"closed","template":"","meta":{"footnotes":""},"class_list":["post-55","page","type-page","status-publish","hentry"],"_links":{"self":[{"href":"http:\/\/www.schulenbfi.eu\/msm\/wp-json\/wp\/v2\/pages\/55","targetHints":{"allow":["GET"]}}],"collection":[{"href":"http:\/\/www.schulenbfi.eu\/msm\/wp-json\/wp\/v2\/pages"}],"about":[{"href":"http:\/\/www.schulenbfi.eu\/msm\/wp-json\/wp\/v2\/types\/page"}],"author":[{"embeddable":true,"href":"http:\/\/www.schulenbfi.eu\/msm\/wp-json\/wp\/v2\/users\/2"}],"replies":[{"embeddable":true,"href":"http:\/\/www.schulenbfi.eu\/msm\/wp-json\/wp\/v2\/comments?post=55"}],"version-history":[{"count":3,"href":"http:\/\/www.schulenbfi.eu\/msm\/wp-json\/wp\/v2\/pages\/55\/revisions"}],"predecessor-version":[{"id":149,"href":"http:\/\/www.schulenbfi.eu\/msm\/wp-json\/wp\/v2\/pages\/55\/revisions\/149"}],"wp:attachment":[{"href":"http:\/\/www.schulenbfi.eu\/msm\/wp-json\/wp\/v2\/media?parent=55"}],"curies":[{"name":"wp","href":"https:\/\/api.w.org\/{rel}","templated":true}]}}