{"id":167,"date":"2023-08-23T18:23:57","date_gmt":"2023-08-23T16:23:57","guid":{"rendered":"http:\/\/www.schulenbfi.eu\/msm\/?page_id=167"},"modified":"2023-08-23T19:20:10","modified_gmt":"2023-08-23T17:20:10","slug":"startseite","status":"publish","type":"page","link":"http:\/\/www.schulenbfi.eu\/msm\/","title":{"rendered":"Startseite"},"content":{"rendered":"\n<figure class=\"wp-block-image size-full\"><img loading=\"lazy\" decoding=\"async\" width=\"1000\" height=\"350\" src=\"http:\/\/www.schulenbfi.eu\/msm\/wp-content\/uploads\/2023\/08\/startseite.jpg\" alt=\"Arbeit in der MSM\" class=\"wp-image-130\" srcset=\"http:\/\/www.schulenbfi.eu\/msm\/wp-content\/uploads\/2023\/08\/startseite.jpg 1000w, http:\/\/www.schulenbfi.eu\/msm\/wp-content\/uploads\/2023\/08\/startseite-300x105.jpg 300w, http:\/\/www.schulenbfi.eu\/msm\/wp-content\/uploads\/2023\/08\/startseite-768x269.jpg 768w\" sizes=\"auto, (max-width: 1000px) 100vw, 1000px\" \/><\/figure>\n\n\n\n<p>Bei der \u00dcbungsfirma MSM Music Store Margareten GmbH handelt es sich um eine \u00dcbungsfirma der <strong>kaufm\u00e4nnischen Schulen des BFI Wien<em> <\/em><\/strong>f\u00fcr Berufst\u00e4tige.<\/p>\n\n\n\n<h2 class=\"wp-block-heading\"><strong>Firmenbeschreibung<\/strong><\/h2>\n\n\n\n<p>Die \u00dcbungsfirma MSM (Music Store Margareten GmbH) wurde im Jahr 2000 gegr\u00fcndet und seither in Form einer (\u00dcbungsfirmen-)GmbH gef\u00fchrt.<br><br>Unternehmensgegenstand ist der Handel mit CD&#8217;s und DVD&#8217;s.<br>Um sich von der Konkurrenz abzugrenzen, hat sich das Unternehmen auf den Vertrieb von Klassikern der Musik- und Filmwelt spezialisiert.<br>Zur Kundengruppe z\u00e4hlen alle \u00dcbungsfirmen am \u00f6sterreichischen Markt. F\u00fcr zahlreiche \u00dcbungsfirmen der Musikbranche \u00fcbernimmt sie &#8211; aufgrund ihrer Spezialisierung auf ein ausgew\u00e4hltes Sortiment &#8211; die Funktion eines Gro\u00dfh\u00e4ndlers.<br>Eine Expansion nach Deutschland, Ungarn etc. ist derzeit nicht geplant.<\/p>\n\n\n\n<h2 class=\"wp-block-heading\"><strong>Firmendaten<\/strong><\/h2>\n\n\n\n<figure class=\"wp-block-table\"><table><tbody><tr><td>Music Store Margareten GmbH<br>Margaretenstr. 65<br>1050 Wien<\/td><td>Telefon: (01) 587 96 50-45<br>Fax: (01) 587 96 50-75<br>Email: msm.uefa(at)gmx.at<\/td><\/tr><\/tbody><\/table><\/figure>\n\n\n\n<h2 class=\"wp-block-heading\"><strong>Organigramm<\/strong><\/h2>\n\n\n\n<figure class=\"wp-block-image size-full\"><img loading=\"lazy\" decoding=\"async\" width=\"875\" height=\"568\" src=\"http:\/\/www.schulenbfi.eu\/msm\/wp-content\/uploads\/2023\/08\/hierarchie.png\" alt=\"Organigramm der \u00dcFA Music Store Margareten\" class=\"wp-image-46\" srcset=\"http:\/\/www.schulenbfi.eu\/msm\/wp-content\/uploads\/2023\/08\/hierarchie.png 875w, http:\/\/www.schulenbfi.eu\/msm\/wp-content\/uploads\/2023\/08\/hierarchie-300x195.png 300w, http:\/\/www.schulenbfi.eu\/msm\/wp-content\/uploads\/2023\/08\/hierarchie-768x499.png 768w\" sizes=\"auto, (max-width: 875px) 100vw, 875px\" \/><figcaption class=\"wp-element-caption\">Organigramm der \u00dcFA Music Store Margareten<\/figcaption><\/figure>\n\n\n\n<h2 class=\"wp-block-heading\"><strong>Produkte<\/strong><\/h2>\n\n\n\n<p>Die nachfolgenden Produkte wurden ins Verkaufssortiment aufgenommen. Es sind dies jedoch ausschlie\u00dflich fiktive Produkte, da es sich bei der Firma MSM um eine, im Rahmen eines \u00f6sterreichweiten Schulprojektes entstandene \u00dcbungsfirma handelt und damit keine realen Gesch\u00e4fte get\u00e4tigt werden.<\/p>\n\n\n\n<h4 class=\"wp-block-heading\">CD Angebote:<\/h4>\n\n\n\n<figure class=\"wp-block-table\"><table><tbody><tr><td><strong>Artikelnummer<\/strong><\/td><td><strong>Interpret<\/strong><\/td><td><strong>Titel<\/strong><\/td><\/tr><tr><td>1001<\/td><td>Frank Sinatra<\/td><td>&#8222;Nothing but the best&#8220;<\/td><\/tr><tr><td>1002<\/td><td>The DOORS<\/td><td>&#8222;Waiting for the sun&#8220;<\/td><\/tr><tr><td>1003<\/td><td>The Beatles<\/td><td>&#8222;Greatest Hits&#8220;<\/td><\/tr><tr><td>1004<\/td><td>Elvis Presley<\/td><td>&#8222;ELVIS &#8211; 30#1 Hits&#8220;<\/td><\/tr><tr><td>1005<\/td><td>Deep Purple<\/td><td>&#8222;Burn &amp; Live in London (2CDs)&#8220;<\/td><\/tr><\/tbody><\/table><\/figure>\n\n\n\n<h4 class=\"wp-block-heading\">DVD Angebote:<\/h4>\n\n\n\n<figure class=\"wp-block-table\"><table><tbody><tr><td><strong>Artikelnummer<\/strong><\/td><td><strong>Titel<\/strong><\/td><\/tr><tr><td>1006<\/td><td>Star Trek &#8222;All of&#8230;&#8220; (5 Blueray discs)<\/td><\/tr><tr><td>1007<\/td><td>&#8222;Einer flog \u00fcber das Kuckucksnest&#8220; (2 DVDs)<\/td><\/tr><tr><td>1008<\/td><td>&#8222;Jenseits von Eden&#8220; (2 DVDs)<\/td><\/tr><tr><td>1009<\/td><td>&#8222;Der Pate I und II&#8220; (2 DVDs)<\/td><\/tr><tr><td>1010<\/td><td>&#8222;The Blues Brothers&#8220; (2 DVDs)<\/td><\/tr><\/tbody><\/table><\/figure>\n","protected":false},"excerpt":{"rendered":"<p>Bei der \u00dcbungsfirma MSM Music Store Margareten GmbH handelt es sich um eine \u00dcbungsfirma der kaufm\u00e4nnischen Schulen des BFI Wien f\u00fcr Berufst\u00e4tige. Firmenbeschreibung Die \u00dcbungsfirma MSM (Music Store Margareten GmbH) wurde im Jahr 2000 gegr\u00fcndet und seither in Form einer (\u00dcbungsfirmen-)GmbH gef\u00fchrt. Unternehmensgegenstand ist der Handel mit CD&#8217;s und DVD&#8217;s.Um sich von der Konkurrenz abzugrenzen, [&hellip;]<\/p>\n","protected":false},"author":2,"featured_media":0,"parent":0,"menu_order":0,"comment_status":"closed","ping_status":"closed","template":"","meta":{"footnotes":""},"class_list":["post-167","page","type-page","status-publish","hentry"],"_links":{"self":[{"href":"http:\/\/www.schulenbfi.eu\/msm\/wp-json\/wp\/v2\/pages\/167","targetHints":{"allow":["GET"]}}],"collection":[{"href":"http:\/\/www.schulenbfi.eu\/msm\/wp-json\/wp\/v2\/pages"}],"about":[{"href":"http:\/\/www.schulenbfi.eu\/msm\/wp-json\/wp\/v2\/types\/page"}],"author":[{"embeddable":true,"href":"http:\/\/www.schulenbfi.eu\/msm\/wp-json\/wp\/v2\/users\/2"}],"replies":[{"embeddable":true,"href":"http:\/\/www.schulenbfi.eu\/msm\/wp-json\/wp\/v2\/comments?post=167"}],"version-history":[{"count":3,"href":"http:\/\/www.schulenbfi.eu\/msm\/wp-json\/wp\/v2\/pages\/167\/revisions"}],"predecessor-version":[{"id":184,"href":"http:\/\/www.schulenbfi.eu\/msm\/wp-json\/wp\/v2\/pages\/167\/revisions\/184"}],"wp:attachment":[{"href":"http:\/\/www.schulenbfi.eu\/msm\/wp-json\/wp\/v2\/media?parent=167"}],"curies":[{"name":"wp","href":"https:\/\/api.w.org\/{rel}","templated":true}]}}