{"id":164,"date":"2023-08-23T18:10:12","date_gmt":"2023-08-23T16:10:12","guid":{"rendered":"http:\/\/www.schulenbfi.eu\/msm\/?page_id=164"},"modified":"2023-08-23T18:10:12","modified_gmt":"2023-08-23T16:10:12","slug":"eingangsvoraussetzungen-2","status":"publish","type":"page","link":"http:\/\/www.schulenbfi.eu\/msm\/eingangsvoraussetzungen-2\/","title":{"rendered":"Eingangsvoraussetzungen"},"content":{"rendered":"\n<p>Im Zuge der \u00dcbungsfirmenarbeit sollen Sie innerbetriebliche Abl\u00e4ufe und Zusammenh\u00e4nge kennenlernen. Bereits Gelerntes soll gefestigt und praktisch angewandt werden.<\/p>\n\n\n\n<p>Daher setzen wir bereits zu Beginn der \u00dcbungsfirmenarbeit die nachfolgenden Kenntnisse aus den F\u00e4chern BW, RW, OMAI und BTPQM des 1. bis&nbsp; 3. Semesters voraus.<\/p>\n\n\n\n<figure class=\"wp-block-table\"><table><tbody><tr><td rowspan=\"2\">&nbsp;<\/td><td colspan=\"2\">Ich kann damit arbeiten<\/td><td rowspan=\"2\">Ich wei\u00df nicht<\/td><\/tr><tr><td>JA<\/td><td>NEIN<\/td><\/tr><tr><td>Ich kann eine <strong>Rechnung (AR \/ ER) verbuchen<\/strong><\/td><td>&nbsp;<\/td><td>&nbsp;<\/td><td>&nbsp;<\/td><\/tr><tr><td>Ich kann einen <strong>Skonto verbuchen<\/strong><\/td><td>&nbsp;<\/td><td>&nbsp;<\/td><td>&nbsp;<\/td><\/tr><tr><td>Ich kann einen <strong>Kassa \/ Bankbeleg verbuchen<\/strong><\/td><td>&nbsp;<\/td><td>&nbsp;<\/td><td>&nbsp;<\/td><\/tr><tr><td>Ich kann eine <strong>Umsatzsteuervoranmeldung ausf\u00fcllen<\/strong><\/td><td>&nbsp;<\/td><td>&nbsp;<\/td><td>&nbsp;<\/td><\/tr><tr><td>Ich kenne alle gesetzlich vorgeschriebenen <strong>Inhalte einer Rechnung<\/strong><\/td><td>&nbsp;<\/td><td>&nbsp;<\/td><td>&nbsp;<\/td><\/tr><tr><td>Ich kann eine <strong>Rechnung formal und inhaltlich<br>richtig ausstellen<\/strong><\/td><td>&nbsp;<\/td><td>&nbsp;<\/td><td>&nbsp;<\/td><\/tr><tr><td>Ich kann <strong>Anfragen, Angebote<\/strong> (bindend, freibleibend), <strong>Bestellungen<\/strong>, etc. formal und inhaltlich richtig in gutem Deutsch formulieren<\/td><td>&nbsp;<\/td><td>&nbsp;<\/td><td>&nbsp;<\/td><\/tr><tr><td>Ich kenne die <strong>Rechtsfolgen bei Unregelm\u00e4\u00dfigkeiten<\/strong> im Zuge der Abwicklung eines Kaufvertrages und kann entsprechende Gesch\u00e4ftsbriefe formal und inhaltlich richtig in gutem Deutsch verfassen<\/td><td>&nbsp;<\/td><td>&nbsp;<\/td><td>&nbsp;<\/td><\/tr><tr><td>Ich kann einen <strong>Serienbrief <\/strong>an Kunden schreiben<\/td><td>&nbsp;<\/td><td>&nbsp;<\/td><td>&nbsp;<\/td><\/tr><tr><td>Ich kenne den Unterschied zwischen einer retrograden und einer progressiven <strong>Warenkalkulation (Kalkulationsschema)<\/strong><\/td><td>&nbsp;<\/td><td>&nbsp;<\/td><td>&nbsp;<\/td><\/tr><tr><td>Ich kann einen <strong>Preis<\/strong> f\u00fcr eine bestimmte Ware <strong>kalkulieren<\/strong><\/td><td>&nbsp;<\/td><td>&nbsp;<\/td><td>&nbsp;<\/td><\/tr><\/tbody><\/table><\/figure>\n\n\n\n<p>Sollten Sie einen der oben angef\u00fchrten Punkte mit &#8222;<strong>Nein<\/strong>&#8220; oder &#8222;<strong>Wei\u00df nicht<\/strong>&#8220; angekreuzt haben, bitten wir Sie, sich so <strong>rasch<\/strong> wie m\u00f6glich die entsprechenden Unterlagen aus dem Vorjahr zu besorgen.<\/p>\n","protected":false},"excerpt":{"rendered":"<p>Im Zuge der \u00dcbungsfirmenarbeit sollen Sie innerbetriebliche Abl\u00e4ufe und Zusammenh\u00e4nge kennenlernen. Bereits Gelerntes soll gefestigt und praktisch angewandt werden. Daher setzen wir bereits zu Beginn der \u00dcbungsfirmenarbeit die nachfolgenden Kenntnisse aus den F\u00e4chern BW, RW, OMAI und BTPQM des 1. bis&nbsp; 3. Semesters voraus. &nbsp; Ich kann damit arbeiten Ich wei\u00df nicht JA NEIN Ich [&hellip;]<\/p>\n","protected":false},"author":2,"featured_media":0,"parent":0,"menu_order":0,"comment_status":"closed","ping_status":"closed","template":"","meta":{"footnotes":""},"class_list":["post-164","page","type-page","status-publish","hentry"],"_links":{"self":[{"href":"http:\/\/www.schulenbfi.eu\/msm\/wp-json\/wp\/v2\/pages\/164","targetHints":{"allow":["GET"]}}],"collection":[{"href":"http:\/\/www.schulenbfi.eu\/msm\/wp-json\/wp\/v2\/pages"}],"about":[{"href":"http:\/\/www.schulenbfi.eu\/msm\/wp-json\/wp\/v2\/types\/page"}],"author":[{"embeddable":true,"href":"http:\/\/www.schulenbfi.eu\/msm\/wp-json\/wp\/v2\/users\/2"}],"replies":[{"embeddable":true,"href":"http:\/\/www.schulenbfi.eu\/msm\/wp-json\/wp\/v2\/comments?post=164"}],"version-history":[{"count":1,"href":"http:\/\/www.schulenbfi.eu\/msm\/wp-json\/wp\/v2\/pages\/164\/revisions"}],"predecessor-version":[{"id":166,"href":"http:\/\/www.schulenbfi.eu\/msm\/wp-json\/wp\/v2\/pages\/164\/revisions\/166"}],"wp:attachment":[{"href":"http:\/\/www.schulenbfi.eu\/msm\/wp-json\/wp\/v2\/media?parent=164"}],"curies":[{"name":"wp","href":"https:\/\/api.w.org\/{rel}","templated":true}]}}