{"id":26,"date":"2023-09-05T20:51:44","date_gmt":"2023-09-05T18:51:44","guid":{"rendered":"http:\/\/www.schulenbfi.eu\/acent\/?page_id=26"},"modified":"2026-02-25T09:17:05","modified_gmt":"2026-02-25T08:17:05","slug":"impressum","status":"publish","type":"page","link":"http:\/\/www.schulenbfi.eu\/acent\/impressum\/","title":{"rendered":"Impressum"},"content":{"rendered":"\t\t<div data-elementor-type=\"wp-page\" data-elementor-id=\"26\" class=\"elementor elementor-26\">\n\t\t\t\t<div class=\"elementor-element elementor-element-3476acd e-flex e-con-boxed e-con e-parent\" data-id=\"3476acd\" data-element_type=\"container\">\n\t\t\t\t\t<div class=\"e-con-inner\">\n\t\t\t\t<div class=\"elementor-element elementor-element-4ee1edf elementor-widget elementor-widget-text-editor\" data-id=\"4ee1edf\" data-element_type=\"widget\" data-widget_type=\"text-editor.default\">\n\t\t\t\t<div class=\"elementor-widget-container\">\n\t\t\t\t\t\t\t<h1>Impressum<\/h1><h2><strong>\u00dcBUNGSFIRMA<\/strong><\/h2><h2><strong>@cent brandhouse GmbH Handel mit Werbemitteln<\/strong><\/h2><p><strong>Adresse:<\/strong> Margaretenstra\u00dfe 65,\u00a01050 Wien<\/p><p><strong>Telefon:<\/strong> 0699 1686 2186<\/p><p>(Achtung: Kein durchgehender Kundendienst! Kontakt w\u00e4hrend unserer \u00dcbungsfirmenzeiten jeden Mittwoch von 8:25 -12:10<\/p><p><strong>Website<\/strong>: <a href=\"http:\/\/acent.schulenbfi.eu\">acent.schulenbfi.eu<\/a><\/p><p><strong>E-Mail:<\/strong> <a href=\"mailto:acentbrandhouse@1598.uebungsfirmen.at\">acentbrandhouse1598@uebungsfirmen.at<\/a><\/p><p>Vertretungsberechtigte Gesch\u00e4ftsf\u00fchrer\/innen: Frau Mag. Susanna Weiss und Herr Mag. Christian Aigner<\/p><p>Registergericht: ACT Gericht<\/p><p>UID Nr.: ATU10159859<\/p><p>Firmenbuchnummer: 1598<\/p><p class=\"font_9 wixui-rich-text__text\"><span class=\"wixui-rich-text__text\"><span class=\"color_15 wixui-rich-text__text\">Betreiber dieser Website<\/span><\/span><\/p><p class=\"font_9 wixui-rich-text__text\"><span class=\"wixui-rich-text__text\"><span class=\"color_15 wixui-rich-text__text\">\u00dcbungsfirma der 3. Klasse HAS der HAK\/HAS der Schulen des BFI Wien<\/span><\/span><\/p><p class=\"font_9 wixui-rich-text__text\"><span class=\"wixui-rich-text__text\"><span class=\"color_15 wixui-rich-text__text\">\u200b<\/span><\/span><\/p><p class=\"font_9 wixui-rich-text__text\"><span class=\"wixui-rich-text__text\"><span class=\"color_15 wixui-rich-text__text\">Grundlegende Richtung<\/span><\/span><\/p><p class=\"font_9 wixui-rich-text__text\"><span class=\"wixui-rich-text__text\"><span class=\"color_15 wixui-rich-text__text\">Auf unserer Website befinden sich Informationen sowie Angebote von unserer \u00dcbungsfirma.<\/span><\/span><\/p><p class=\"font_9 wixui-rich-text__text\"><span class=\"wixui-rich-text__text\"><span class=\"color_15 wixui-rich-text__text\">Ziel ist es, einen Einblick in das zuk\u00fcnftige Berufsleben zu bekommen und Erfahrung im wirtschaftlichen Bereich zu sammeln.<\/span><\/span><\/p><p class=\"font_9 wixui-rich-text__text\"><span class=\"wixui-rich-text__text\"><span class=\"color_15 wixui-rich-text__text\">Das ist eine \u00dcbungsfirma, es werden keinen richtigen Waren gehandelt!<\/span><\/span><\/p><p class=\"font_9 wixui-rich-text__text\"><span class=\"wixui-rich-text__text\"><span class=\"color_15 wixui-rich-text__text\">\u200b<\/span><\/span><\/p><p class=\"font_9 wixui-rich-text__text\"><span class=\"wixui-rich-text__text\"><span class=\"color_15 wixui-rich-text__text\">Haftungsausschluss<\/span><\/span><\/p><p class=\"font_9 wixui-rich-text__text\"><span class=\"wixui-rich-text__text\"><span class=\"color_15 wixui-rich-text__text\">Alle ver\u00f6ffentlichten Inhalte wurden eigenst\u00e4ndig erstellt und dienen nur zum Zwecke des Marketings. F\u00fcr Sch\u00e4den, die sich aus der Verwendung dieser Website ergeben, wird keine Haftung \u00fcbernommen.<\/span><\/span><\/p><p class=\"font_9 wixui-rich-text__text\"><span class=\"wixui-rich-text__text\"><span class=\"color_15 wixui-rich-text__text\">\u200b<\/span><\/span><\/p><p class=\"font_9 wixui-rich-text__text\"><span class=\"wixui-rich-text__text\"><span class=\"color_15 wixui-rich-text__text\">Bilder<\/span><\/span><\/p><p class=\"font_9 wixui-rich-text__text\"><span class=\"wixui-rich-text__text\"><span class=\"color_15 wixui-rich-text__text\">Die Bilder der Website entstanden zum Gro\u00dfteil im Rahmen des Unterrichts. Fotos von Mitarbeiter\/innen und von den Produkten wurden mit der Kamera der Schule erstellt<\/span><\/span><\/p><p class=\"font_9 wixui-rich-text__text\"><span class=\"wixui-rich-text__text\"><span class=\"color_15 wixui-rich-text__text\">\u200b<\/span><\/span><\/p><p class=\"font_9 wixui-rich-text__text\"><span class=\"wixui-rich-text__text\"><span class=\"color_15 wixui-rich-text__text\">Urheberrecht<\/span><\/span><\/p><p class=\"font_9 wixui-rich-text__text\"><span class=\"wixui-rich-text__text\"><span class=\"color_15 wixui-rich-text__text\">Die Inhalte unserer Website (Texte, Bilder und Grafiken) werden von unserer Schule (Lehrern und Sch\u00fclern) selbst erstellt. Sollte dennoch eine unbeabsichtigte Urheberrechtsverletzung vorliegen, werden wir das entsprechende Objekt sofort nach Benachrichtigung entfernen bzw. nach allf\u00e4lliger Vereinbarung mit den entsprechenden Urheberrechtsvermerken kennzeichnen.<\/span><\/span><\/p>\t\t\t\t\t\t<\/div>\n\t\t\t\t<\/div>\n\t\t\t\t\t<\/div>\n\t\t\t\t<\/div>\n\t\t\t\t<\/div>\n\t\t","protected":false},"excerpt":{"rendered":"<p>Impressum \u00dcBUNGSFIRMA @cent brandhouse GmbH Handel mit Werbemitteln Adresse: Margaretenstra\u00dfe 65,\u00a01050 Wien Telefon: 0699 1686 2186 (Achtung: Kein durchgehender Kundendienst! Kontakt w\u00e4hrend unserer \u00dcbungsfirmenzeiten jeden Mittwoch von 8:25 -12:10 Website: acent.schulenbfi.eu E-Mail: acentbrandhouse1598@uebungsfirmen.at Vertretungsberechtigte Gesch\u00e4ftsf\u00fchrer\/innen: Frau Mag. Susanna Weiss und Herr Mag. Christian Aigner Registergericht: ACT Gericht UID Nr.: ATU10159859 Firmenbuchnummer: 1598 Betreiber dieser Website [&hellip;]<\/p>\n","protected":false},"author":3,"featured_media":0,"parent":0,"menu_order":0,"comment_status":"closed","ping_status":"closed","template":"","meta":{"footnotes":""},"class_list":["post-26","page","type-page","status-publish","hentry"],"_links":{"self":[{"href":"http:\/\/www.schulenbfi.eu\/acent\/wp-json\/wp\/v2\/pages\/26"}],"collection":[{"href":"http:\/\/www.schulenbfi.eu\/acent\/wp-json\/wp\/v2\/pages"}],"about":[{"href":"http:\/\/www.schulenbfi.eu\/acent\/wp-json\/wp\/v2\/types\/page"}],"author":[{"embeddable":true,"href":"http:\/\/www.schulenbfi.eu\/acent\/wp-json\/wp\/v2\/users\/3"}],"replies":[{"embeddable":true,"href":"http:\/\/www.schulenbfi.eu\/acent\/wp-json\/wp\/v2\/comments?post=26"}],"version-history":[{"count":28,"href":"http:\/\/www.schulenbfi.eu\/acent\/wp-json\/wp\/v2\/pages\/26\/revisions"}],"predecessor-version":[{"id":395,"href":"http:\/\/www.schulenbfi.eu\/acent\/wp-json\/wp\/v2\/pages\/26\/revisions\/395"}],"wp:attachment":[{"href":"http:\/\/www.schulenbfi.eu\/acent\/wp-json\/wp\/v2\/media?parent=26"}],"curies":[{"name":"wp","href":"https:\/\/api.w.org\/{rel}","templated":true}]}}