{"id":22,"date":"2023-09-05T20:51:01","date_gmt":"2023-09-05T18:51:01","guid":{"rendered":"http:\/\/www.schulenbfi.eu\/acent\/?page_id=22"},"modified":"2025-11-19T11:27:51","modified_gmt":"2025-11-19T10:27:51","slug":"geschaeftsbedingungen","status":"publish","type":"page","link":"http:\/\/www.schulenbfi.eu\/acent\/geschaeftsbedingungen\/","title":{"rendered":"Gesch\u00e4ftsbedingungen"},"content":{"rendered":"\t\t<div data-elementor-type=\"wp-page\" data-elementor-id=\"22\" class=\"elementor elementor-22\">\n\t\t\t\t<div class=\"elementor-element elementor-element-a5d64a2 e-flex e-con-boxed e-con e-parent\" data-id=\"a5d64a2\" data-element_type=\"container\">\n\t\t\t\t\t<div class=\"e-con-inner\">\n\t\t\t\t<div class=\"elementor-element elementor-element-e077a71 elementor-widget elementor-widget-text-editor\" data-id=\"e077a71\" data-element_type=\"widget\" data-widget_type=\"text-editor.default\">\n\t\t\t\t<div class=\"elementor-widget-container\">\n\t\t\t\t\t\t\t<h1><span style=\"color: #000000;\"><strong>Allgemeine Gesch\u00e4ftsbedingungen<\/strong><\/span><\/h1><p>Um diese AGB auszudrucken oder zu speichern, verwenden Sie bitte die Druck- bzw. Speicherfunktion Ihres Browsers.<\/p><p><b>\u00a7 1 Geltung der Vertragsbedingungen<\/b><\/p><ol><li>Der Verk\u00e4ufer bietet seine Leistung ausschlie\u00dflich aufgrund der nachfolgenden Gesch\u00e4ftsbedingungen an. Abweichungen von den Vertragsbedingungen des Verk\u00e4ufers sind nur wirksam, wenn er sie schriftlich best\u00e4tigt.<\/li><li>Unsere Angaben in Prospekten, Anzeigen, Katalogen, auf Internet-Web-Seiten u.\u00e4. sind unverbindlich. Preise sind freibleibend. Preis\u00e4nderungen aufgrund von \u00c4nderungen bei Z\u00f6llen, Ein- und Ausfuhrgeb\u00fchren, Devisenkursen etc. bleiben vorbehalten. Ein Vertrag kommt erst durch eine schriftliche Auftragsbest\u00e4tigung zustande (E-Mail gen\u00fcgt). <br \/>Der K\u00e4ufer anerkennt den Urheberrechtsschutz und die Gew\u00e4hrleistungsbedingungen mit dem \u00d6ffnen der Originalverpackung. \u00c4nderung und Erg\u00e4nzungen des Vertrages gelten nur, wenn der K\u00e4ufer sie anerkennt.<\/li><\/ol><p><b>\u00a7 2 Versand und Teillieferung<\/b><\/p><ol><li>Der Versand der Produkte erfolgt an die vom K\u00e4ufer angegebene Adresse, dem Verk\u00e4ufer bleibt der Versandweg und der Versandort vorbehalten, vorbehaltlich anderweitiger Bestimmungen des K\u00e4ufers. Ab einer Bestellsumme von 20\u20ac werden keine Versandkosten verrechnet, unter 20\u20ac werden 5\u20ac Versandspesen verrechnet.<\/li><li>Teillieferungen sind zul\u00e4ssig und gelten als selbst\u00e4ndige Lieferungen. Die Produkte werden frei Haus geliefert.<\/li><\/ol><p><b>\u00a7 3 Preise und Zahlungsbedingungen<\/b><\/p><ol><li>Nettopreisangaben gelten nur f\u00fcr Unternehmer laut KschG und vergleichbare Institutionen sowie f\u00fcr freie Berufe; die<br \/>Preisangaben verstehen sich zuz\u00fcglich gesetzlicher Mehrwertsteuer, wenn nicht anders ausgewiesen. Ums\u00e4tze mit Konsumenten enthalten die gesetzliche USt. zus\u00e4tzlich hat der K\u00e4ufer anfallende Versandkosten zu tragen.<\/li><li>Der Kaufpreis ist, sofern im Vertrag nicht anders vereinbart, im Voraus oder per Nachnahme zahlen. Im Falle des Verzuges des K\u00e4ufers ist der Verk\u00e4ufer berechtigt, s\u00e4mtliche Lieferungen an den K\u00e4ufer, auch aus anderen Vertragsverh\u00e4ltnissen, zu verweigern. Ein Zur\u00fcckbehaltungsrecht des K\u00e4ufers ist ausgeschlossen, soweit es nicht auf<br \/>demselben Vertragsverh\u00e4ltnis beruht.<\/li><li>Liefertermine gelten nur bei schriftlicher Vereinbarung. Die Lieferung erfolgt, sofern nicht anders vereinbart, binnen 30<br \/>Tagen ab der Bestellung. Die Lieferzeit verl\u00e4ngert sich angemessen bei Ma\u00dfnahmen im Rahmen von Arbeitsausf\u00e4llen (Streik\/Aussperrung), gesetzlicher und beh\u00f6rdlicher Anordnung (Import\/Exportbeschr\u00e4nkungen), h\u00f6herer Gewalt. Der<br \/>K\u00e4ufer hat das Recht, bei Verzug des Verk\u00e4ufers zur\u00fcckzutreten. Weitergehende Schadensersatzanspr\u00fcche sind, soweit den Verk\u00e4ufer nicht Vorsatz oder grobe Fahrl\u00e4ssigkeit trifft, ausgeschlossen.<\/li><\/ol><p><b>\u00a7 4 R\u00fccktrittsrecht<\/b><\/p><ol><li>Der K\u00e4ufer ist an seine Bestellung nicht mehr gebunden, wenn er die Ware binnen einer Frist von 1 Woche nach Erhalt der Ware auf unsere Kosten(bis 40\u20ac auf Kosten des K\u00e4ufers) und auf unsere Gefahr zur\u00fccksendet. Zur Fristwahrung gen\u00fcgt die rechtzeitige Absendung an @cent.<\/li><li>Das R\u00fcckgaberecht besteht nicht bei versiegelter Ware, sofern die versiegelte Verpackung ge\u00f6ffnet oder besch\u00e4digt wurde.<\/li><li>Dieses R\u00fcckgaberecht gilt ausschlie\u00dflich f\u00fcr Vertr\u00e4ge, die zwischen @CENT und einem Verbraucher abgeschlossen werden.<\/li><\/ol><p><b>\u00a7 5 Eigentumsvorbehalt und Zahlungsverzug<\/b><\/p><ol><li>Dem Verk\u00e4ufer bleibt das Eigentum an der Ware bis zur vollst\u00e4ndigen Bezahlung aller Forderungen einschlie\u00dflich<br \/>Nebenforderungen vorbehalten. Bei vertragswidrigem Verhalten des K\u00e4ufers ist der Verk\u00e4ufer berechtigt, die Ware auf seine Kosten zur\u00fcckzuverlangen. Darin liegt kein R\u00fccktritt vom Vertrag. Der K\u00e4ufer darf \u00fcber die Vorbehaltsware nicht<br \/>verf\u00fcgen.<\/li><li>Kommt der Kunde nicht vereinbarungsgem\u00e4\u00df der Zahlungsverpflichtung nach, so ist @CENT berechtigt Verzugszinsen in der H\u00f6he von 10% \u00fcber dem von der Europ\u00e4ischen Zentralbank in Frankfurt verlautbarten<br \/>Basiszinssatz p.a. zu fordern.<\/li><\/ol><p><b>\u00a7 6 Gew\u00e4hrleistung\/Haftung<\/b><\/p><ol><li>Der Verk\u00e4ufer gew\u00e4hrleistet die Brauchbarkeit der Ware nach Ma\u00dfgabe der von ihm herausgegeben und zum Zeitpunkt der Auslieferung an den K\u00e4ufer g\u00fcltigen Warenbeschreibung. Eine unerhebliche Minderung der Brauchbarkeit bleibt au\u00dfer Betracht, es sei denn, den Verk\u00e4ufer trifft Vorsatz oder grobe Fahrl\u00e4ssigkeit. F\u00fcr offensichtliche M\u00e4ngel gelten<br \/>erg\u00e4nzend die Regeln im kaufm\u00e4nnischen Verkehr. Die gesetzliche Gew\u00e4hrleistungsfrist betr\u00e4gt 24 Monate ab Lieferung soweit ein vom Verk\u00e4ufer zu vertretender Mangel der Ware bekannt wird, ist der Verk\u00e4ufer nach seiner Wahl<br \/>zur M\u00e4ngelbeseitigung oder Ersatzlieferung berechtigt. Erweist sich diese wiederum als fehlerhaft, kann der K\u00e4ufer nach Setzen einer angemessenen Nachfrist nach seiner Wahl Minderung oder Wandelung des Kaufvertrags verlangen.<\/li><li>Weitergehende Haftungsanspr\u00fcche des K\u00e4ufers sind ausdr\u00fccklich ausgeschlossen, gleich aus welchem Rechtsgrund. Insbesondere haftet der Verk\u00e4ufer nicht f\u00fcr entgangenen Gewinn u.\u00e4. vorstehende Haftungsbegrenzung gilt nicht, sofern die Haftung auf Vorsatz oder grobe Fahrl\u00e4ssigkeit zur\u00fcckzuf\u00fchren ist.<\/li><\/ol><p><b>\u00a7 7 Sonstiges<\/b><\/p><ol><li>Der Verk\u00e4ufer versendet die vom K\u00e4ufer bestellte Ware auf Rechnung des K\u00e4ufers an die von diesem angegebene Adresse. Die Wahl des Versandweges und der Versandart bleibt dem Verk\u00e4ufer \u00fcberlassen, sofern nicht der K\u00e4ufer bei Abgabe seines Angebotes dar\u00fcber bestimmt.<\/li><li>Teillieferungen sind zul\u00e4ssig und gelten als selbstst\u00e4ndige Lieferungen.<\/li><li>Der Kunde gibt seine Zustimmung zur elektronischen Datenverarbeitung.<\/li><\/ol><p><b>\u00a7 8 Gew\u00e4hrleistung<\/b><\/p><ol><li>Es gilt \u00f6sterreichisches Recht und der Ausschluss des UN-Kaufrechts.<\/li><li>Gerichtsstand gegen\u00fcber Kaufleuten, juristischen Personen des \u00f6ffentlichen Rechts oder \u00f6ffentlich-rechtlichem Sonderverm\u00f6gen ist das am Sitz von @CENT zust\u00e4ndiges Gericht.<\/li><li>Die Unwirksamkeit einzelner Bestimmungen dieser allgemeinen Gesch\u00e4ftsbedienungen oder des Kaufvertrages ber\u00fchren die Wirksamkeit der \u00fcbrigen Bestimmungen nicht, an Stelle der unwirksamen Bestimmung tritt die gesetzliche Regelung.<\/li><li>Die Verpackung der Ware erfolgt durch den Hersteller. Die Kosten f\u00fcr die Verpackung und die Entsorgung der Verpackung sind vom Besteller zu tragen.<\/li><\/ol><p>\u00a0<\/p><h1><strong>Datenschutz<\/strong><\/h1><h4><br \/>Ihre Daten werden nicht an Dritte weitergegeben!<br \/><br \/>Dazu werden Ihre Daten verwendet:<\/h4><ul><li>F\u00fcr die einwandfreie Abwicklung Ihrer Bestellung.<\/li><li>Um Ihnen das Einkaufen leichter zu machen.<\/li><li>Um Sie \u00fcber Neuheiten zu informieren (bis auf Widerruf von Ihnen).<\/li><\/ul><p>\u00a0<\/p>\t\t\t\t\t\t<\/div>\n\t\t\t\t<\/div>\n\t\t\t\t\t<\/div>\n\t\t\t\t<\/div>\n\t\t<div class=\"elementor-element elementor-element-2ae2142 e-flex e-con-boxed e-con e-parent\" data-id=\"2ae2142\" data-element_type=\"container\">\n\t\t\t\t\t<div class=\"e-con-inner\">\n\t\t\t\t<div class=\"elementor-element elementor-element-ba75cd9 elementor-widget elementor-widget-text-editor\" data-id=\"ba75cd9\" data-element_type=\"widget\" data-widget_type=\"text-editor.default\">\n\t\t\t\t<div class=\"elementor-widget-container\">\n\t\t\t\t\t\t\t<h2><strong>TERMS OF BUSINESS<\/strong><\/h2><p>Prices: All our prices are quoted exclusive of 20% VAT. Orders for \u20ac20 or more can be delivered free of charge. If you order less, we must charge \u20ac3 for dispatch.<\/p><p>Payment: 2% \/ 10 or 30 days net. If your payment is late we must charge 10% default interest and a collection fee of \u20ac10. Ownership of the good does not pass on to the buyer until payment has been made in writing. Delivery will be made within 30 days from order. The buyer has the right to withdraw from contract if there are delays in delivery.<\/p><p>Warranty and liability: Irrelevant faults are disregarded. Considerable faults are subject to a warranty of 24 months from delivery. The seller must repair the faulty goods or offer a replacement but cannot be made liable for any losses in profit.<\/p><p>Place of Jurisdiction: Austrian law shall apply exclusively to all transaction.<\/p><h1>General terms of business<\/h1><p>In order to print or save these terms use the print or save function of your browser.<\/p><p><strong>\u00a71 Validity of the terms of contract<\/strong><\/p><ol><li>The sellers offer their services based on the terms of business outlined below. Any changes to these terms are only effective once they have been confirmed in writing.<\/li><li>\u00a0All details in leaflets, advertisements, catalogues and on Internet sites are not binding. Prices are subject to changes in import and export duties or exchange rate fluctuations. A contract must be confirmed in writing. On opening the original packing the buyer accepts copyright protection and warranty.<\/li><\/ol><p><strong>\u00a7 2 Dispatch and partial deliveries<\/strong><\/p><ol><li>Dispatch is effected to the address the buyer quoted.<\/li><li>The buyer cannot refuse partial deliveries and they are regarded as separate transactions.<\/li><\/ol><p><strong>\u00a7 3 Prices and terms of payment<\/strong><\/p><ol><li>All prices are quoted in Euro, exclusive of VAT.<\/li><li>Unless otherwise agreed in the contract all goods have to be paid in advance or cash on delivery. For delays in payment we are entitled to refuse any deliveries.<\/li><li>These terms of delivery are only effective once the contract has been made in writing. Delivery will be made within 30 days from order. The buyer has the right to withdraw from contract if there are delays in delivery.<\/li><\/ol><p><strong>\u00a7 4 Cancellation<\/strong><\/p><ol><li>You are entitled to cancel the contract within 1 week from receipt of the goods at our risk and expense (up to 40 Euro at the buyer\u2019s expense).<\/li><li>There is no right of return once sealed articles have been opened or the packing has been damaged.<\/li><\/ol><p><strong>\u00a7 5 Right of ownership <\/strong><\/p><ol><li>We reserve the right of ownership for the goods and services supplied until payment has been made in full.<\/li><li>For delays in payment we are entitled to change default interest at a rate of 10% above the basic rate of the European Central Bank in Frankfurt Germany.<\/li><\/ol><p><strong>\u00a7 6 Warranty and liability<\/strong><\/p><ol><li>Warranty is granted according to Austrian laws. Irrelevant faults are disregarded. Considerable faults are subject to a warranty of 24 month from delivery. The buyer must repair the faulty goods or offer a replacement.<\/li><li>The seller cannot be made liable for losses in profit.<\/li><\/ol><p><strong>\u00a7 7 Additional facts<\/strong><\/p><p style=\"padding-left: 40px;\">The customer agrees to computer-assisted processing of orders.<\/p><p><strong>\u00a7 8 Jurisdiction<\/strong><\/p><p style=\"padding-left: 40px;\">Austrian law shall apply to all transactions.<\/p>\t\t\t\t\t\t<\/div>\n\t\t\t\t<\/div>\n\t\t\t\t\t<\/div>\n\t\t\t\t<\/div>\n\t\t<div class=\"elementor-element elementor-element-b2ab934 e-flex e-con-boxed e-con e-parent\" data-id=\"b2ab934\" data-element_type=\"container\">\n\t\t\t\t\t<div class=\"e-con-inner\">\n\t\t\t\t<div class=\"elementor-element elementor-element-8315e6b elementor-widget elementor-widget-text-editor\" data-id=\"8315e6b\" data-element_type=\"widget\" data-widget_type=\"text-editor.default\">\n\t\t\t\t<div class=\"elementor-widget-container\">\n\t\t\t\t\t\t\t<p>Stand Dezember 2025<\/p>\t\t\t\t\t\t<\/div>\n\t\t\t\t<\/div>\n\t\t\t\t\t<\/div>\n\t\t\t\t<\/div>\n\t\t\t\t<\/div>\n\t\t","protected":false},"excerpt":{"rendered":"<p>Allgemeine Gesch\u00e4ftsbedingungen Um diese AGB auszudrucken oder zu speichern, verwenden Sie bitte die Druck- bzw. Speicherfunktion Ihres Browsers. \u00a7 1 Geltung der Vertragsbedingungen Der Verk\u00e4ufer bietet seine Leistung ausschlie\u00dflich aufgrund der nachfolgenden Gesch\u00e4ftsbedingungen an. Abweichungen von den Vertragsbedingungen des Verk\u00e4ufers sind nur wirksam, wenn er sie schriftlich best\u00e4tigt. Unsere Angaben in Prospekten, Anzeigen, Katalogen, auf [&hellip;]<\/p>\n","protected":false},"author":3,"featured_media":0,"parent":0,"menu_order":0,"comment_status":"closed","ping_status":"closed","template":"","meta":{"footnotes":""},"class_list":["post-22","page","type-page","status-publish","hentry"],"_links":{"self":[{"href":"http:\/\/www.schulenbfi.eu\/acent\/wp-json\/wp\/v2\/pages\/22"}],"collection":[{"href":"http:\/\/www.schulenbfi.eu\/acent\/wp-json\/wp\/v2\/pages"}],"about":[{"href":"http:\/\/www.schulenbfi.eu\/acent\/wp-json\/wp\/v2\/types\/page"}],"author":[{"embeddable":true,"href":"http:\/\/www.schulenbfi.eu\/acent\/wp-json\/wp\/v2\/users\/3"}],"replies":[{"embeddable":true,"href":"http:\/\/www.schulenbfi.eu\/acent\/wp-json\/wp\/v2\/comments?post=22"}],"version-history":[{"count":53,"href":"http:\/\/www.schulenbfi.eu\/acent\/wp-json\/wp\/v2\/pages\/22\/revisions"}],"predecessor-version":[{"id":328,"href":"http:\/\/www.schulenbfi.eu\/acent\/wp-json\/wp\/v2\/pages\/22\/revisions\/328"}],"wp:attachment":[{"href":"http:\/\/www.schulenbfi.eu\/acent\/wp-json\/wp\/v2\/media?parent=22"}],"curies":[{"name":"wp","href":"https:\/\/api.w.org\/{rel}","templated":true}]}}