{"id":20,"date":"2023-09-05T20:50:42","date_gmt":"2023-09-05T18:50:42","guid":{"rendered":"http:\/\/www.schulenbfi.eu\/acent\/?page_id=20"},"modified":"2025-11-26T11:25:22","modified_gmt":"2025-11-26T10:25:22","slug":"produkte","status":"publish","type":"page","link":"http:\/\/www.schulenbfi.eu\/acent\/produkte\/","title":{"rendered":"Produkte"},"content":{"rendered":"\t\t<div data-elementor-type=\"wp-page\" data-elementor-id=\"20\" class=\"elementor elementor-20\">\n\t\t\t\t<div class=\"elementor-element elementor-element-0607ca7 e-flex e-con-boxed e-con e-parent\" data-id=\"0607ca7\" data-element_type=\"container\">\n\t\t\t\t\t<div class=\"e-con-inner\">\n\t\t\t\t<div class=\"elementor-element elementor-element-713d174 elementor-widget elementor-widget-text-editor\" data-id=\"713d174\" data-element_type=\"widget\" data-widget_type=\"text-editor.default\">\n\t\t\t\t<div class=\"elementor-widget-container\">\n\t\t\t\t\t\t\t<h2><span style=\"color: #ff99cc;\">Unsere Produkte<\/span><\/h2><p><span style=\"color: black;\">finden Sie in unserem <a href=\"https:\/\/marketplace.penworldwide.org\/?enterprisePenCode=AT010001598\" target=\"_blank\" rel=\"noopener\">Marketplace<\/a><\/span><\/p><h3><span style=\"color: black;\">Allgemein<\/span><\/h3><p>W\u00e4hlen Sie aus dem breiten Angebot unserer Werbemittel und verzaubern Sie Ihre Kunden mit unseren originellen und preisg\u00fcnstigen Werbegeschenken. Z\u00f6gern Sie nicht und wenden Sie sich mit allen Fragen und W\u00fcnschen an uns. Unser kompetentes Team steht Ihnen gerne jederzeit zur Verf\u00fcgung. Diese Seite dient Ihnen zur Orientierung zu den von uns angebotenen Produkten.<\/p>\t\t\t\t\t\t<\/div>\n\t\t\t\t<\/div>\n\t\t\t\t\t<\/div>\n\t\t\t\t<\/div>\n\t\t<div class=\"elementor-element elementor-element-fc1f651 e-flex e-con-boxed e-con e-parent\" data-id=\"fc1f651\" data-element_type=\"container\">\n\t\t\t\t\t<div class=\"e-con-inner\">\n\t\t\t\t<div class=\"elementor-element elementor-element-7c78446 elementor-widget elementor-widget-text-editor\" data-id=\"7c78446\" data-element_type=\"widget\" data-widget_type=\"text-editor.default\">\n\t\t\t\t<div class=\"elementor-widget-container\">\n\t\t\t\t\t\t\t<h3><span style=\"color: black;\">B\u00fcroartikel<\/span><\/h3><p>Bei uns finden Sie die, am besten f\u00fcr Sie geeigneten B\u00fcroartikel. Wir haben alles, was Sie brauchen. Egal, ob es sich um Kugelschreiber, Taschenrechner oder Terminkalender handelt.<\/p>\t\t\t\t\t\t<\/div>\n\t\t\t\t<\/div>\n\t\t\t\t\t<\/div>\n\t\t\t\t<\/div>\n\t\t<div class=\"elementor-element elementor-element-ef9a7ed e-flex e-con-boxed e-con e-parent\" data-id=\"ef9a7ed\" data-element_type=\"container\">\n\t\t\t\t\t<div class=\"e-con-inner\">\n\t\t<div class=\"elementor-element elementor-element-d8d7250 e-con-full e-flex e-con e-child\" data-id=\"d8d7250\" data-element_type=\"container\">\n\t\t\t\t<div class=\"elementor-element elementor-element-27ca5e9 elementor-widget elementor-widget-image\" data-id=\"27ca5e9\" data-element_type=\"widget\" data-widget_type=\"image.default\">\n\t\t\t\t<div class=\"elementor-widget-container\">\n\t\t\t\t\t\t\t\t\t\t<figure class=\"wp-caption\">\n\t\t\t\t\t\t\t\t\t\t<img decoding=\"async\" src=\"http:\/\/www.schulenbfi.eu\/acent\/wp-content\/uploads\/elementor\/thumbs\/kuli-qc0u8u55llxhsqy244q33hatfu91doszy2uptfe4dk.jpg\" title=\"kuli\" alt=\"kuli\" loading=\"lazy\" \/>\t\t\t\t\t\t\t\t\t\t\t<figcaption class=\"widget-image-caption wp-caption-text\">Kugelschreiber<\/figcaption>\n\t\t\t\t\t\t\t\t\t\t<\/figure>\n\t\t\t\t\t\t\t<\/div>\n\t\t\t\t<\/div>\n\t\t\t\t<\/div>\n\t\t<div class=\"elementor-element elementor-element-1f462db e-con-full e-flex e-con e-child\" data-id=\"1f462db\" data-element_type=\"container\">\n\t\t\t\t<div class=\"elementor-element elementor-element-f3a8dc2 elementor-widget elementor-widget-image\" data-id=\"f3a8dc2\" data-element_type=\"widget\" data-widget_type=\"image.default\">\n\t\t\t\t<div class=\"elementor-widget-container\">\n\t\t\t\t\t\t\t\t\t\t<figure class=\"wp-caption\">\n\t\t\t\t\t\t\t\t\t\t<img decoding=\"async\" src=\"http:\/\/www.schulenbfi.eu\/acent\/wp-content\/uploads\/elementor\/thumbs\/rechner-qc0u8w0u5utktlhbx2reu1pw7pwgb4943zhhntt45q.jpg\" title=\"rechner\" alt=\"taschenrechner\" loading=\"lazy\" \/>\t\t\t\t\t\t\t\t\t\t\t<figcaption class=\"widget-image-caption wp-caption-text\">Taschenrechner<\/figcaption>\n\t\t\t\t\t\t\t\t\t\t<\/figure>\n\t\t\t\t\t\t\t<\/div>\n\t\t\t\t<\/div>\n\t\t\t\t<\/div>\n\t\t<div class=\"elementor-element elementor-element-ca64eaa e-con-full e-flex e-con e-child\" data-id=\"ca64eaa\" data-element_type=\"container\">\n\t\t\t\t<div class=\"elementor-element elementor-element-0e55e4b elementor-widget elementor-widget-image\" data-id=\"0e55e4b\" data-element_type=\"widget\" data-widget_type=\"image.default\">\n\t\t\t\t<div class=\"elementor-widget-container\">\n\t\t\t\t\t\t\t\t\t\t<figure class=\"wp-caption\">\n\t\t\t\t\t\t\t\t\t\t<img decoding=\"async\" width=\"180\" height=\"97\" src=\"http:\/\/www.schulenbfi.eu\/acent\/wp-content\/uploads\/2023\/09\/terminkalender.jpg\" class=\"attachment-full size-full wp-image-109\" alt=\"terminkalender\" \/>\t\t\t\t\t\t\t\t\t\t\t<figcaption class=\"widget-image-caption wp-caption-text\">Notizblock<\/figcaption>\n\t\t\t\t\t\t\t\t\t\t<\/figure>\n\t\t\t\t\t\t\t<\/div>\n\t\t\t\t<\/div>\n\t\t\t\t<\/div>\n\t\t\t\t\t<\/div>\n\t\t\t\t<\/div>\n\t\t<div class=\"elementor-element elementor-element-4077b1a e-flex e-con-boxed e-con e-parent\" data-id=\"4077b1a\" data-element_type=\"container\">\n\t\t\t\t\t<div class=\"e-con-inner\">\n\t\t\t\t<div class=\"elementor-element elementor-element-67e1a5c elementor-widget elementor-widget-text-editor\" data-id=\"67e1a5c\" data-element_type=\"widget\" data-widget_type=\"text-editor.default\">\n\t\t\t\t<div class=\"elementor-widget-container\">\n\t\t\t\t\t\t\t<h3>Werbegeschenke f\u00fcr Ihr B\u00fcro<\/h3><p>Wir bieten nicht nur Alltagsgegenst\u00e4nde, wie z.B. Feuerzeuge oder Schl\u00fcsselb\u00e4nder, sondern wir bieten Ihnen auch an, Ihr eigenes Logo auf eines unserer qualitativ hochwertigen, gem\u00fctlichen T-Shirts zu drucken.<\/p>\t\t\t\t\t\t<\/div>\n\t\t\t\t<\/div>\n\t\t\t\t\t<\/div>\n\t\t\t\t<\/div>\n\t\t<div class=\"elementor-element elementor-element-f9546ea e-flex e-con-boxed e-con e-parent\" data-id=\"f9546ea\" data-element_type=\"container\">\n\t\t\t\t\t<div class=\"e-con-inner\">\n\t\t<div class=\"elementor-element elementor-element-94bec8f e-con-full e-flex e-con e-child\" data-id=\"94bec8f\" data-element_type=\"container\">\n\t\t\t\t<div class=\"elementor-element elementor-element-e2cea2a elementor-widget__width-initial elementor-widget elementor-widget-image\" data-id=\"e2cea2a\" data-element_type=\"widget\" data-widget_type=\"image.default\">\n\t\t\t\t<div class=\"elementor-widget-container\">\n\t\t\t\t\t\t\t\t\t\t<figure class=\"wp-caption\">\n\t\t\t\t\t\t\t\t\t\t<img decoding=\"async\" width=\"180\" height=\"156\" src=\"http:\/\/www.schulenbfi.eu\/acent\/wp-content\/uploads\/2023\/09\/usb-stick.jpg\" class=\"attachment-large size-large wp-image-111\" alt=\"usbstick mit logo\" \/>\t\t\t\t\t\t\t\t\t\t\t<figcaption class=\"widget-image-caption wp-caption-text\">USB-Stick <\/figcaption>\n\t\t\t\t\t\t\t\t\t\t<\/figure>\n\t\t\t\t\t\t\t<\/div>\n\t\t\t\t<\/div>\n\t\t\t\t<\/div>\n\t\t<div class=\"elementor-element elementor-element-f25c45f e-con-full e-flex e-con e-child\" data-id=\"f25c45f\" data-element_type=\"container\">\n\t\t\t\t<div class=\"elementor-element elementor-element-9ff3abb elementor-widget elementor-widget-image\" data-id=\"9ff3abb\" data-element_type=\"widget\" data-widget_type=\"image.default\">\n\t\t\t\t<div class=\"elementor-widget-container\">\n\t\t\t\t\t\t\t\t\t\t<figure class=\"wp-caption\">\n\t\t\t\t\t\t\t\t\t\t<img decoding=\"async\" width=\"180\" height=\"101\" src=\"http:\/\/www.schulenbfi.eu\/acent\/wp-content\/uploads\/2023\/09\/schluesselband.png\" class=\"attachment-full size-full wp-image-108\" alt=\"schl\u00fcsselband mit logo\" \/>\t\t\t\t\t\t\t\t\t\t\t<figcaption class=\"widget-image-caption wp-caption-text\">Schl\u00fcsselanh\u00e4nger<\/figcaption>\n\t\t\t\t\t\t\t\t\t\t<\/figure>\n\t\t\t\t\t\t\t<\/div>\n\t\t\t\t<\/div>\n\t\t\t\t<\/div>\n\t\t<div class=\"elementor-element elementor-element-d971b89 e-con-full e-flex e-con e-child\" data-id=\"d971b89\" data-element_type=\"container\">\n\t\t\t\t<div class=\"elementor-element elementor-element-44b4121 elementor-widget__width-initial elementor-widget elementor-widget-image\" data-id=\"44b4121\" data-element_type=\"widget\" data-widget_type=\"image.default\">\n\t\t\t\t<div class=\"elementor-widget-container\">\n\t\t\t\t\t\t\t\t\t\t<figure class=\"wp-caption\">\n\t\t\t\t\t\t\t\t\t\t<img loading=\"lazy\" decoding=\"async\" width=\"146\" height=\"180\" src=\"http:\/\/www.schulenbfi.eu\/acent\/wp-content\/uploads\/2023\/09\/tshirt.jpg\" class=\"attachment-2048x2048 size-2048x2048 wp-image-110\" alt=\"tshirt mit logo\" \/>\t\t\t\t\t\t\t\t\t\t\t<figcaption class=\"widget-image-caption wp-caption-text\">T-Shirt<\/figcaption>\n\t\t\t\t\t\t\t\t\t\t<\/figure>\n\t\t\t\t\t\t\t<\/div>\n\t\t\t\t<\/div>\n\t\t\t\t<\/div>\n\t\t<div class=\"elementor-element elementor-element-d875d8a e-con-full e-flex e-con e-child\" data-id=\"d875d8a\" data-element_type=\"container\">\n\t\t\t\t<div class=\"elementor-element elementor-element-89f5ff1 elementor-widget elementor-widget-image\" data-id=\"89f5ff1\" data-element_type=\"widget\" data-widget_type=\"image.default\">\n\t\t\t\t<div class=\"elementor-widget-container\">\n\t\t\t\t\t\t\t\t\t\t<figure class=\"wp-caption\">\n\t\t\t\t\t\t\t\t\t\t<img loading=\"lazy\" decoding=\"async\" width=\"146\" height=\"180\" src=\"http:\/\/www.schulenbfi.eu\/acent\/wp-content\/uploads\/2023\/09\/becher.jpg\" class=\"attachment-large size-large wp-image-105\" alt=\"kaffeebecher mit logo\" \/>\t\t\t\t\t\t\t\t\t\t\t<figcaption class=\"widget-image-caption wp-caption-text\">Cafe+Co<\/figcaption>\n\t\t\t\t\t\t\t\t\t\t<\/figure>\n\t\t\t\t\t\t\t<\/div>\n\t\t\t\t<\/div>\n\t\t\t\t<\/div>\n\t\t\t\t\t<\/div>\n\t\t\t\t<\/div>\n\t\t<div class=\"elementor-element elementor-element-3e5554e e-flex e-con-boxed e-con e-parent\" data-id=\"3e5554e\" data-element_type=\"container\">\n\t\t\t\t\t<div class=\"e-con-inner\">\n\t\t\t\t<div class=\"elementor-element elementor-element-7a20f96 elementor-widget elementor-widget-text-editor\" data-id=\"7a20f96\" data-element_type=\"widget\" data-widget_type=\"text-editor.default\">\n\t\t\t\t<div class=\"elementor-widget-container\">\n\t\t\t\t\t\t\t<h3>Sonderangebote<\/h3><p>Wir freuen uns, Ihnen regelm\u00e4\u00dfig attraktive Sonderangebote auf ausgew\u00e4hlte Produkte anzubieten.\u00a0<\/p>\t\t\t\t\t\t<\/div>\n\t\t\t\t<\/div>\n\t\t\t\t\t<\/div>\n\t\t\t\t<\/div>\n\t\t<div class=\"elementor-element elementor-element-cfa1498 e-grid e-con-boxed e-con e-parent\" data-id=\"cfa1498\" data-element_type=\"container\">\n\t\t\t\t\t<div class=\"e-con-inner\">\n\t\t\t\t<div class=\"elementor-element elementor-element-e1bb4b3 elementor-widget elementor-widget-image\" data-id=\"e1bb4b3\" data-element_type=\"widget\" data-widget_type=\"image.default\">\n\t\t\t\t<div class=\"elementor-widget-container\">\n\t\t\t\t\t\t\t\t\t\t<figure class=\"wp-caption\">\n\t\t\t\t\t\t\t\t\t\t<img loading=\"lazy\" decoding=\"async\" width=\"150\" height=\"150\" src=\"http:\/\/www.schulenbfi.eu\/acent\/wp-content\/uploads\/2025\/11\/Adventangebot-Kerze-1-150x150.jpg\" class=\"attachment-thumbnail size-thumbnail wp-image-382\" alt=\"\" \/>\t\t\t\t\t\t\t\t\t\t\t<figcaption class=\"widget-image-caption wp-caption-text\">Adventkerze<\/figcaption>\n\t\t\t\t\t\t\t\t\t\t<\/figure>\n\t\t\t\t\t\t\t<\/div>\n\t\t\t\t<\/div>\n\t\t\t\t<div class=\"elementor-element elementor-element-2b87372 elementor-widget elementor-widget-image\" data-id=\"2b87372\" data-element_type=\"widget\" data-widget_type=\"image.default\">\n\t\t\t\t<div class=\"elementor-widget-container\">\n\t\t\t\t\t\t\t\t\t\t<figure class=\"wp-caption\">\n\t\t\t\t\t\t\t\t\t\t<img loading=\"lazy\" decoding=\"async\" width=\"150\" height=\"150\" src=\"http:\/\/www.schulenbfi.eu\/acent\/wp-content\/uploads\/2025\/11\/adventkalender-2025-26-1-150x150.png\" class=\"attachment-thumbnail size-thumbnail wp-image-381\" alt=\"\" \/>\t\t\t\t\t\t\t\t\t\t\t<figcaption class=\"widget-image-caption wp-caption-text\">Adventskalender<\/figcaption>\n\t\t\t\t\t\t\t\t\t\t<\/figure>\n\t\t\t\t\t\t\t<\/div>\n\t\t\t\t<\/div>\n\t\t\t\t<div class=\"elementor-element elementor-element-45d301e elementor-widget elementor-widget-image\" data-id=\"45d301e\" data-element_type=\"widget\" data-widget_type=\"image.default\">\n\t\t\t\t<div class=\"elementor-widget-container\">\n\t\t\t\t\t\t\t\t\t\t<figure class=\"wp-caption\">\n\t\t\t\t\t\t\t\t\t\t<img loading=\"lazy\" decoding=\"async\" width=\"150\" height=\"150\" src=\"http:\/\/www.schulenbfi.eu\/acent\/wp-content\/uploads\/2025\/11\/weihnachtstasse-150x150.png\" class=\"attachment-thumbnail size-thumbnail wp-image-383\" alt=\"\" \/>\t\t\t\t\t\t\t\t\t\t\t<figcaption class=\"widget-image-caption wp-caption-text\">Weihnachtstasse <\/figcaption>\n\t\t\t\t\t\t\t\t\t\t<\/figure>\n\t\t\t\t\t\t\t<\/div>\n\t\t\t\t<\/div>\n\t\t\t\t\t<\/div>\n\t\t\t\t<\/div>\n\t\t\t\t<\/div>\n\t\t","protected":false},"excerpt":{"rendered":"<p>Unsere Produkte finden Sie in unserem Marketplace Allgemein W\u00e4hlen Sie aus dem breiten Angebot unserer Werbemittel und verzaubern Sie Ihre Kunden mit unseren originellen und preisg\u00fcnstigen Werbegeschenken. Z\u00f6gern Sie nicht und wenden Sie sich mit allen Fragen und W\u00fcnschen an uns. Unser kompetentes Team steht Ihnen gerne jederzeit zur Verf\u00fcgung. Diese Seite dient Ihnen zur [&hellip;]<\/p>\n","protected":false},"author":3,"featured_media":0,"parent":0,"menu_order":0,"comment_status":"closed","ping_status":"closed","template":"","meta":{"footnotes":""},"class_list":["post-20","page","type-page","status-publish","hentry"],"_links":{"self":[{"href":"http:\/\/www.schulenbfi.eu\/acent\/wp-json\/wp\/v2\/pages\/20"}],"collection":[{"href":"http:\/\/www.schulenbfi.eu\/acent\/wp-json\/wp\/v2\/pages"}],"about":[{"href":"http:\/\/www.schulenbfi.eu\/acent\/wp-json\/wp\/v2\/types\/page"}],"author":[{"embeddable":true,"href":"http:\/\/www.schulenbfi.eu\/acent\/wp-json\/wp\/v2\/users\/3"}],"replies":[{"embeddable":true,"href":"http:\/\/www.schulenbfi.eu\/acent\/wp-json\/wp\/v2\/comments?post=20"}],"version-history":[{"count":52,"href":"http:\/\/www.schulenbfi.eu\/acent\/wp-json\/wp\/v2\/pages\/20\/revisions"}],"predecessor-version":[{"id":386,"href":"http:\/\/www.schulenbfi.eu\/acent\/wp-json\/wp\/v2\/pages\/20\/revisions\/386"}],"wp:attachment":[{"href":"http:\/\/www.schulenbfi.eu\/acent\/wp-json\/wp\/v2\/media?parent=20"}],"curies":[{"name":"wp","href":"https:\/\/api.w.org\/{rel}","templated":true}]}}