{"id":18,"date":"2023-09-05T20:50:00","date_gmt":"2023-09-05T18:50:00","guid":{"rendered":"http:\/\/www.schulenbfi.eu\/acent\/?page_id=18"},"modified":"2025-11-19T11:38:14","modified_gmt":"2025-11-19T10:38:14","slug":"unternehmensstrategie","status":"publish","type":"page","link":"http:\/\/www.schulenbfi.eu\/acent\/unternehmensstrategie\/","title":{"rendered":"Unternehmensstrategie"},"content":{"rendered":"\t\t<div data-elementor-type=\"wp-page\" data-elementor-id=\"18\" class=\"elementor elementor-18\">\n\t\t\t\t\t\t<section class=\"elementor-section elementor-top-section elementor-element elementor-element-d4f840c elementor-section-boxed elementor-section-height-default elementor-section-height-default\" data-id=\"d4f840c\" data-element_type=\"section\">\n\t\t\t\t\t\t<div class=\"elementor-container elementor-column-gap-default\">\n\t\t\t\t\t<div class=\"elementor-column elementor-col-100 elementor-top-column elementor-element elementor-element-62a19ad0\" data-id=\"62a19ad0\" data-element_type=\"column\">\n\t\t\t<div class=\"elementor-widget-wrap elementor-element-populated\">\n\t\t\t\t\t\t<div class=\"elementor-element elementor-element-4ef3c8eb elementor-widget elementor-widget-text-editor\" data-id=\"4ef3c8eb\" data-element_type=\"widget\" data-widget_type=\"text-editor.default\">\n\t\t\t\t<div class=\"elementor-widget-container\">\n\t\t\t\t\t\t\t<p><!-- wp:paragraph --><\/p>\n<p><!-- \/wp:table --><!-- wp:paragraph --><\/p>\n<p><strong>Strategische Ziele f\u00fcr den Betrieb<\/strong><\/p>\n<ul>\n<li>Langfristig am \u00dcbungsfirmen Markt pr\u00e4sent sein<\/li>\n<li>Einsatz modernster Technologien<\/li>\n<li>Papierloses Arbeiten unter Einsatz modernster Technologien<\/li>\n<li>Immer aktuelle Angebote<\/li>\n<li>Dauerhafte Gesch\u00e4ftsbeziehungen mit anderen \u00dcbungsfirmen, auch im Ausland<\/li>\n<li>Verkauf von Werbeartikeln die in Erinnerung bleiben<\/li>\n<li>Erweiterung des Sortiments hinsichtlich nachhaltiger Produkte<\/li>\n<\/ul>\n<p><strong>Jahresschwerpunkt(e)<br><\/strong>Der Jahresschwerpunkt liegt heuer auf der Teilnahme und dem Erreichen des Upgrades und des QAudits.<\/p>\n<p>Weiters werden wir im Dezember 2025 bei der Hausmesse unserer Schule teilnehmen.<\/p>\n<p><!-- \/wp:list-item --><\/p>\n<p><!-- \/wp:list --><\/p>\t\t\t\t\t\t<\/div>\n\t\t\t\t<\/div>\n\t\t\t\t\t<\/div>\n\t\t<\/div>\n\t\t\t\t\t<\/div>\n\t\t<\/section>\n\t\t\t\t<\/div>\n\t\t","protected":false},"excerpt":{"rendered":"<p>Strategische Ziele f\u00fcr den Betrieb Langfristig am \u00dcbungsfirmen Markt pr\u00e4sent sein Einsatz modernster Technologien Papierloses Arbeiten unter Einsatz modernster Technologien Immer aktuelle Angebote Dauerhafte Gesch\u00e4ftsbeziehungen mit anderen \u00dcbungsfirmen, auch im Ausland Verkauf von Werbeartikeln die in Erinnerung bleiben Erweiterung des Sortiments hinsichtlich nachhaltiger Produkte Jahresschwerpunkt(e)Der Jahresschwerpunkt liegt heuer auf der Teilnahme und dem Erreichen des [&hellip;]<\/p>\n","protected":false},"author":3,"featured_media":0,"parent":0,"menu_order":0,"comment_status":"closed","ping_status":"closed","template":"","meta":{"footnotes":""},"class_list":["post-18","page","type-page","status-publish","hentry"],"_links":{"self":[{"href":"http:\/\/www.schulenbfi.eu\/acent\/wp-json\/wp\/v2\/pages\/18"}],"collection":[{"href":"http:\/\/www.schulenbfi.eu\/acent\/wp-json\/wp\/v2\/pages"}],"about":[{"href":"http:\/\/www.schulenbfi.eu\/acent\/wp-json\/wp\/v2\/types\/page"}],"author":[{"embeddable":true,"href":"http:\/\/www.schulenbfi.eu\/acent\/wp-json\/wp\/v2\/users\/3"}],"replies":[{"embeddable":true,"href":"http:\/\/www.schulenbfi.eu\/acent\/wp-json\/wp\/v2\/comments?post=18"}],"version-history":[{"count":20,"href":"http:\/\/www.schulenbfi.eu\/acent\/wp-json\/wp\/v2\/pages\/18\/revisions"}],"predecessor-version":[{"id":335,"href":"http:\/\/www.schulenbfi.eu\/acent\/wp-json\/wp\/v2\/pages\/18\/revisions\/335"}],"wp:attachment":[{"href":"http:\/\/www.schulenbfi.eu\/acent\/wp-json\/wp\/v2\/media?parent=18"}],"curies":[{"name":"wp","href":"https:\/\/api.w.org\/{rel}","templated":true}]}}