{"id":12,"date":"2023-09-05T20:46:46","date_gmt":"2023-09-05T18:46:46","guid":{"rendered":"http:\/\/www.schulenbfi.eu\/acent\/?page_id=12"},"modified":"2025-11-26T08:52:41","modified_gmt":"2025-11-26T07:52:41","slug":"home","status":"publish","type":"page","link":"http:\/\/www.schulenbfi.eu\/acent\/","title":{"rendered":"Home"},"content":{"rendered":"\t\t<div data-elementor-type=\"wp-page\" data-elementor-id=\"12\" class=\"elementor elementor-12\">\n\t\t\t\t<div class=\"elementor-element elementor-element-d378bfe e-flex e-con-boxed e-con e-parent\" data-id=\"d378bfe\" data-element_type=\"container\">\n\t\t\t\t\t<div class=\"e-con-inner\">\n\t\t<div class=\"elementor-element elementor-element-7be0001 e-con-full e-flex e-con e-child\" data-id=\"7be0001\" data-element_type=\"container\">\n\t\t<div class=\"elementor-element elementor-element-a35b82a e-con-full e-flex e-con e-child\" data-id=\"a35b82a\" data-element_type=\"container\">\n\t\t\t\t<\/div>\n\t\t\t\t<\/div>\n\t\t\t\t<div class=\"elementor-element elementor-element-1a7abd2 elementor-widget__width-initial elementor-widget elementor-widget-image\" data-id=\"1a7abd2\" data-element_type=\"widget\" data-widget_type=\"image.default\">\n\t\t\t\t<div class=\"elementor-widget-container\">\n\t\t\t\t\t\t\t\t\t\t\t\t\t<img fetchpriority=\"high\" decoding=\"async\" width=\"265\" height=\"258\" src=\"http:\/\/www.schulenbfi.eu\/acent\/wp-content\/uploads\/2023\/09\/Logo_Acent.png\" class=\"attachment-2048x2048 size-2048x2048 wp-image-68\" alt=\"Logo_Acent\" \/>\t\t\t\t\t\t\t\t\t\t\t\t\t<\/div>\n\t\t\t\t<\/div>\n\t\t\t\t\t<\/div>\n\t\t\t\t<\/div>\n\t\t<div class=\"elementor-element elementor-element-52f3ff6 e-flex e-con-boxed e-con e-parent\" data-id=\"52f3ff6\" data-element_type=\"container\">\n\t\t\t\t\t<div class=\"e-con-inner\">\n\t\t\t\t<div class=\"elementor-element elementor-element-f7afed8 elementor-widget elementor-widget-heading\" data-id=\"f7afed8\" data-element_type=\"widget\" data-widget_type=\"heading.default\">\n\t\t\t\t<div class=\"elementor-widget-container\">\n\t\t\t<h2 class=\"elementor-heading-title elementor-size-default\">Herzlich willkommen bei @cent brandhouse!<\/h2>\t\t<\/div>\n\t\t\t\t<\/div>\n\t\t\t\t\t<\/div>\n\t\t\t\t<\/div>\n\t\t<div class=\"elementor-element elementor-element-f9ee027 e-flex e-con-boxed e-con e-parent\" data-id=\"f9ee027\" data-element_type=\"container\">\n\t\t\t\t\t<div class=\"e-con-inner\">\n\t\t\t\t<div class=\"elementor-element elementor-element-f7567d3 elementor-widget elementor-widget-text-editor\" data-id=\"f7567d3\" data-element_type=\"widget\" data-widget_type=\"text-editor.default\">\n\t\t\t\t<div class=\"elementor-widget-container\">\n\t\t\t\t\t\t\t<p><strong>\u00a0<\/strong><\/p><p>Wir hei\u00dfen Sie auf unserer Homepage f\u00fcr Werbemittel herzlich willkommen! Unsere \u00dcbungsfima bietet Ihnen Werbemittel f\u00fcr Ihre Kunden in h\u00f6chster Qualit\u00e4t an. F\u00fcr alle Ihre Kundengeschenke mit Logoaufdruck garantieren wir, Ihnen g\u00fcnstige Preise nach dem Motto:<\/p>\t\t\t\t\t\t<\/div>\n\t\t\t\t<\/div>\n\t\t\t\t\t<\/div>\n\t\t\t\t<\/div>\n\t\t<div class=\"elementor-element elementor-element-1304686 e-flex e-con-boxed e-con e-parent\" data-id=\"1304686\" data-element_type=\"container\">\n\t\t\t\t\t<div class=\"e-con-inner\">\n\t\t\t\t<div class=\"elementor-element elementor-element-4095b8b elementor-widget__width-initial elementor-widget elementor-widget-text-editor\" data-id=\"4095b8b\" data-element_type=\"widget\" data-widget_type=\"text-editor.default\">\n\t\t\t\t<div class=\"elementor-widget-container\">\n\t\t\t\t\t\t\t<h4 style=\"text-align: center;\"><strong>&#8222;Schweine-billig, statt Sau-teuer!&#8220;<\/strong><\/h4>\t\t\t\t\t\t<\/div>\n\t\t\t\t<\/div>\n\t\t\t\t\t<\/div>\n\t\t\t\t<\/div>\n\t\t<div class=\"elementor-element elementor-element-0ba5381 e-flex e-con-boxed e-con e-parent\" data-id=\"0ba5381\" data-element_type=\"container\">\n\t\t\t\t\t<div class=\"e-con-inner\">\n\t\t\t\t<div class=\"elementor-element elementor-element-73251e1 elementor-widget elementor-widget-text-editor\" data-id=\"73251e1\" data-element_type=\"widget\" data-widget_type=\"text-editor.default\">\n\t\t\t\t<div class=\"elementor-widget-container\">\n\t\t\t\t\t\t\t<p>Stand Dezember 2025<\/p>\t\t\t\t\t\t<\/div>\n\t\t\t\t<\/div>\n\t\t\t\t\t<\/div>\n\t\t\t\t<\/div>\n\t\t<div class=\"elementor-element elementor-element-d080f68 e-flex e-con-boxed e-con e-parent\" data-id=\"d080f68\" data-element_type=\"container\">\n\t\t\t\t\t<div class=\"e-con-inner\">\n\t\t\t\t<div class=\"elementor-element elementor-element-b3b166b elementor-shape-circle e-grid-align-right elementor-grid-0 elementor-widget elementor-widget-social-icons\" data-id=\"b3b166b\" data-element_type=\"widget\" data-widget_type=\"social-icons.default\">\n\t\t\t\t<div class=\"elementor-widget-container\">\n\t\t\t\t\t<div class=\"elementor-social-icons-wrapper elementor-grid\">\n\t\t\t\t\t\t\t<span class=\"elementor-grid-item\">\n\t\t\t\t\t<a class=\"elementor-icon elementor-social-icon elementor-social-icon-facebook elementor-repeater-item-27a6964\" href=\"https:\/\/www.facebook.com\/acent.brandhouse\" target=\"_blank\">\n\t\t\t\t\t\t<span class=\"elementor-screen-only\">Facebook<\/span>\n\t\t\t\t\t\t<i class=\"fab fa-facebook\"><\/i>\t\t\t\t\t<\/a>\n\t\t\t\t<\/span>\n\t\t\t\t\t\t\t<span class=\"elementor-grid-item\">\n\t\t\t\t\t<a class=\"elementor-icon elementor-social-icon elementor-social-icon-tiktok elementor-repeater-item-9f41503\" href=\"https:\/\/www.tiktok.com\/@acentbrandhouse\" target=\"_blank\">\n\t\t\t\t\t\t<span class=\"elementor-screen-only\">Tiktok<\/span>\n\t\t\t\t\t\t<i class=\"fab fa-tiktok\"><\/i>\t\t\t\t\t<\/a>\n\t\t\t\t<\/span>\n\t\t\t\t\t\t\t<span class=\"elementor-grid-item\">\n\t\t\t\t\t<a class=\"elementor-icon elementor-social-icon elementor-social-icon-instagram elementor-repeater-item-37183ec\" href=\"https:\/\/www.instagram.com\/acentbrandhouse\/\" target=\"_blank\">\n\t\t\t\t\t\t<span class=\"elementor-screen-only\">Instagram<\/span>\n\t\t\t\t\t\t<i class=\"fab fa-instagram\"><\/i>\t\t\t\t\t<\/a>\n\t\t\t\t<\/span>\n\t\t\t\t\t<\/div>\n\t\t\t\t<\/div>\n\t\t\t\t<\/div>\n\t\t\t\t<div class=\"elementor-element elementor-element-015aa33 elementor-widget elementor-widget-image\" data-id=\"015aa33\" data-element_type=\"widget\" data-widget_type=\"image.default\">\n\t\t\t\t<div class=\"elementor-widget-container\">\n\t\t\t\t\t\t\t\t\t\t\t\t\t<img decoding=\"async\" width=\"187\" height=\"222\" src=\"http:\/\/www.schulenbfi.eu\/acent\/wp-content\/uploads\/2025\/01\/Screenshot-2025-01-29-094337-2.png\" class=\"attachment-medium size-medium wp-image-316\" alt=\"\" \/>\t\t\t\t\t\t\t\t\t\t\t\t\t<\/div>\n\t\t\t\t<\/div>\n\t\t\t\t\t<\/div>\n\t\t\t\t<\/div>\n\t\t<div class=\"elementor-element elementor-element-9c93896 e-flex e-con-boxed e-con e-parent\" data-id=\"9c93896\" data-element_type=\"container\">\n\t\t\t\t\t<div class=\"e-con-inner\">\n\t\t\t\t\t<\/div>\n\t\t\t\t<\/div>\n\t\t\t\t<\/div>\n\t\t","protected":false},"excerpt":{"rendered":"<p>Herzlich willkommen bei @cent brandhouse! \u00a0 Wir hei\u00dfen Sie auf unserer Homepage f\u00fcr Werbemittel herzlich willkommen! Unsere \u00dcbungsfima bietet Ihnen Werbemittel f\u00fcr Ihre Kunden in h\u00f6chster Qualit\u00e4t an. F\u00fcr alle Ihre Kundengeschenke mit Logoaufdruck garantieren wir, Ihnen g\u00fcnstige Preise nach dem Motto: &#8222;Schweine-billig, statt Sau-teuer!&#8220; Stand Dezember 2025 Facebook Tiktok Instagram<\/p>\n","protected":false},"author":3,"featured_media":0,"parent":0,"menu_order":0,"comment_status":"closed","ping_status":"closed","template":"","meta":{"footnotes":""},"class_list":["post-12","page","type-page","status-publish","hentry"],"_links":{"self":[{"href":"http:\/\/www.schulenbfi.eu\/acent\/wp-json\/wp\/v2\/pages\/12"}],"collection":[{"href":"http:\/\/www.schulenbfi.eu\/acent\/wp-json\/wp\/v2\/pages"}],"about":[{"href":"http:\/\/www.schulenbfi.eu\/acent\/wp-json\/wp\/v2\/types\/page"}],"author":[{"embeddable":true,"href":"http:\/\/www.schulenbfi.eu\/acent\/wp-json\/wp\/v2\/users\/3"}],"replies":[{"embeddable":true,"href":"http:\/\/www.schulenbfi.eu\/acent\/wp-json\/wp\/v2\/comments?post=12"}],"version-history":[{"count":66,"href":"http:\/\/www.schulenbfi.eu\/acent\/wp-json\/wp\/v2\/pages\/12\/revisions"}],"predecessor-version":[{"id":391,"href":"http:\/\/www.schulenbfi.eu\/acent\/wp-json\/wp\/v2\/pages\/12\/revisions\/391"}],"wp:attachment":[{"href":"http:\/\/www.schulenbfi.eu\/acent\/wp-json\/wp\/v2\/media?parent=12"}],"curies":[{"name":"wp","href":"https:\/\/api.w.org\/{rel}","templated":true}]}}